{"id":1165,"date":"2015-11-26T11:24:49","date_gmt":"2015-11-26T10:24:49","guid":{"rendered":"http:\/\/grafik.select-themes.com\/?page_id=1165"},"modified":"2021-02-25T07:36:46","modified_gmt":"2021-02-25T06:36:46","slug":"studio-2","status":"publish","type":"page","link":"https:\/\/mellor-ribet.com\/index.php\/studio-2\/","title":{"rendered":"Studio"},"content":{"rendered":"<p>[vc_row][vc_column][vc_tta_pageable no_fill_content_area=\u00a0\u00bb1&Prime; autoplay=\u00a0\u00bb10&Prime; active_section=\u00a0\u00bb1&Prime; pagination_style=\u00a0\u00bboutline-square\u00a0\u00bb pagination_color=\u00a0\u00bborange\u00a0\u00bb tab_position=\u00a0\u00bbtop\u00a0\u00bb][vc_tta_section title=\u00a0\u00bbPARTENAIRES EUROP\u00c9ENS\u00a0\u00bb tab_id=\u00a0\u00bb1604402476717-16129bdb-61aa\u00a0\u00bb][vc_row_inner][vc_column_inner][vc_column_text]<\/p>\n<h2 style=\"text-align: center;\">PARTENAIRES EUROPEENS<\/h2>\n<p>[\/vc_column_text][vc_empty_space][\/vc_column_inner][\/vc_row_inner][vc_row_inner][vc_column_inner width=\u00a0\u00bb1\/2&Prime; css=\u00a0\u00bb.vc_custom_1607945430189{margin-left: 200px !important;}\u00a0\u00bb][vc_empty_space height=\u00a0\u00bb21px\u00a0\u00bb][vc_column_text]<\/p>\n<h3><strong><span class=\"hotkey-layer \"><span class=\"hotkey-layer preview-overlay is-preview-sidebar-visible\">LONDRES<\/span><\/span><\/strong><\/h3>\n<h4>A:RC ARCHITECTURE<\/h4>\n<p>[\/vc_column_text][vc_empty_space height=\u00a0\u00bb21px\u00a0\u00bb][vc_column_text]<span class=\"hotkey-layer \"><span class=\"hotkey-layer preview-overlay is-preview-sidebar-visible\">Evershed Walk, <\/span><\/span><span class=\"hotkey-layer \"><span class=\"hotkey-layer preview-overlay is-preview-sidebar-visible\">Chiswick,<\/span><\/span><\/p>\n<p><span class=\"hotkey-layer \"><span class=\"hotkey-layer preview-overlay is-preview-sidebar-visible\">LONDON W4 5BW<\/span><\/span><\/p>\n<p><span class=\"hotkey-layer \"><span class=\"hotkey-layer preview-overlay is-preview-sidebar-visible\">ANGLETERRE<\/span><\/span>[\/vc_column_text][vc_empty_space height=\u00a0\u00bb23px\u00a0\u00bb][vc_column_text]<\/p>\n<h6><a href=\"http:\/\/architecturearc.com\" target=\"_blank\" rel=\"noopener noreferrer\" data-saferedirecturl=\"https:\/\/www.google.com\/url?q=http:\/\/architecturearc.com&amp;source=gmail&amp;ust=1614320989825000&amp;usg=AFQjCNEf1gH6QLwJ3MyTHFSkzwKqmXZT7Q\">http:\/\/architecturearc.com<\/a><\/h6>\n<p>[\/vc_column_text][vc_empty_space height=\u00a0\u00bb26px\u00a0\u00bb]    <span class=\"qodef-icon-animation-holder\" style=\"transition-delay: 100ms;-webkit-transition-delay: 100ms;-moz-transition-delay: 100ms;-ms-transition-delay: 100ms\">\n\n    <span class=\"qodef-icon-shortcode circle qodef-icon-animation\" style=\"margin: 1px;width: 28px;height: 28px;line-height: 28px;background-color: rgba(255,255,255,0.01);border-style: solid;border-color: #a4a4a4;border-width: 1px\" data-hover-background-color=\"#a4a4a4\" data-animation-delay=\"100\" data-hover-color=\"#ffffff\" data-color=\"#a4a4a4\">\n                    <a class=\"\" href=\"https:\/\/www.facebook.com\/\" target=\"_blank\">\n        \n        <span aria-hidden=\"true\" class=\"qodef-icon-font-elegant social_facebook qodef-icon-element\" style=\"color: #a4a4a4;font-size:12px\" ><\/span>\n                    <\/a>\n            <\/span>\n\n    <\/span>\n    <span class=\"qodef-icon-animation-holder\" style=\"transition-delay: 200ms;-webkit-transition-delay: 200ms;-moz-transition-delay: 200ms;-ms-transition-delay: 200ms\">\n\n    <span class=\"qodef-icon-shortcode circle qodef-icon-animation\" style=\"margin: 1px;width: 28px;height: 28px;line-height: 28px;background-color: rgba(255,255,255,0.01);border-style: solid;border-color: #a4a4a4;border-width: 1px\" data-hover-border-color=\"#a4a4a4\" data-hover-background-color=\"#a4a4a4\" data-animation-delay=\"200\" data-hover-color=\"#ffffff\" data-color=\"#a4a4a4\">\n                    <a class=\"\" href=\"https:\/\/www.twitter.com\/\" target=\"_blank\">\n        \n        <span aria-hidden=\"true\" class=\"qodef-icon-font-elegant social_twitter qodef-icon-element\" style=\"color: #a4a4a4;font-size:12px\" ><\/span>\n                    <\/a>\n            <\/span>\n\n    <\/span>\n    <span class=\"qodef-icon-animation-holder\" style=\"transition-delay: 300ms;-webkit-transition-delay: 300ms;-moz-transition-delay: 300ms;-ms-transition-delay: 300ms\">\n\n    <span class=\"qodef-icon-shortcode circle qodef-icon-animation\" style=\"margin: 1px;width: 28px;height: 28px;line-height: 28px;background-color: rgba(255,255,255,0.01);border-style: solid;border-color: #a4a4a4;border-width: 1px\" data-hover-border-color=\"#a4a4a4\" data-hover-background-color=\"#a4a4a4\" data-animation-delay=\"300\" data-hover-color=\"#ffffff\" data-color=\"#a4a4a4\">\n                    <a class=\"\" href=\"https:\/\/www.instagram.com\/\" target=\"_blank\">\n        \n        <span aria-hidden=\"true\" class=\"qodef-icon-font-elegant social_instagram qodef-icon-element\" style=\"color: #a4a4a4;font-size:12px\" ><\/span>\n                    <\/a>\n            <\/span>\n\n    <\/span>\n    <span class=\"qodef-icon-animation-holder\" style=\"transition-delay: 400ms;-webkit-transition-delay: 400ms;-moz-transition-delay: 400ms;-ms-transition-delay: 400ms\">\n\n    <span class=\"qodef-icon-shortcode circle qodef-icon-animation\" style=\"margin: 1px;width: 28px;height: 28px;line-height: 28px;background-color: rgba(255,255,255,0.01);border-style: solid;border-color: #a4a4a4;border-width: 1px\" data-hover-border-color=\"#a4a4a4\" data-hover-background-color=\"#a4a4a4\" data-animation-delay=\"400\" data-hover-color=\"#ffffff\" data-color=\"#a4a4a4\">\n                    <a class=\"\" href=\"https:\/\/dribbble.com\/\" target=\"_blank\">\n        \n        <span aria-hidden=\"true\" class=\"qodef-icon-font-elegant social_dribbble qodef-icon-element\" style=\"color: #a4a4a4;font-size:12px\" ><\/span>\n                    <\/a>\n            <\/span>\n\n    <\/span>\n    <span class=\"qodef-icon-animation-holder\" style=\"transition-delay: 500ms;-webkit-transition-delay: 500ms;-moz-transition-delay: 500ms;-ms-transition-delay: 500ms\">\n\n    <span class=\"qodef-icon-shortcode circle qodef-icon-animation\" style=\"margin: 1px;width: 28px;height: 28px;line-height: 28px;background-color: rgba(255,255,255,0.01);border-style: solid;border-color: #a4a4a4;border-width: 1px\" data-hover-border-color=\"#a4a4a4\" data-hover-background-color=\"#a4a4a4\" data-animation-delay=\"500\" data-hover-color=\"#ffffff\" data-color=\"#a4a4a4\">\n                    <a class=\"\" href=\"https:\/\/vimeo.com\/\" target=\"_blank\">\n        \n        <span aria-hidden=\"true\" class=\"qodef-icon-font-elegant social_vimeo qodef-icon-element\" style=\"color: #a4a4a4;font-size:12px\" ><\/span>\n                    <\/a>\n            <\/span>\n\n    <\/span>\n    <span class=\"qodef-icon-animation-holder\" style=\"transition-delay: 600ms;-webkit-transition-delay: 600ms;-moz-transition-delay: 600ms;-ms-transition-delay: 600ms\">\n\n    <span class=\"qodef-icon-shortcode circle qodef-icon-animation\" style=\"margin: 1px;width: 28px;height: 28px;line-height: 28px;background-color: rgba(255,255,255,0.01);border-style: solid;border-color: #a4a4a4;border-width: 1px\" data-hover-border-color=\"#a4a4a4\" data-hover-background-color=\"#a4a4a4\" data-animation-delay=\"600\" data-hover-color=\"#ffffff\" data-color=\"#a4a4a4\">\n                    <a class=\"\" href=\"https:\/\/www.linkedin.com\/\" target=\"_blank\">\n        \n        <span aria-hidden=\"true\" class=\"qodef-icon-font-elegant social_linkedin qodef-icon-element\" style=\"color: #a4a4a4;font-size:12px\" ><\/span>\n                    <\/a>\n            <\/span>\n\n    <\/span>\n[vc_empty_space height=\u00a0\u00bb30px\u00a0\u00bb][\/vc_column_inner][vc_column_inner width=\u00a0\u00bb1\/2&Prime;][vc_empty_space height=\u00a0\u00bb21px\u00a0\u00bb][vc_column_text]<\/p>\n<h3><strong><span class=\"hotkey-layer \"><span class=\"hotkey-layer preview-overlay is-preview-sidebar-visible\">BERLIN<\/span><\/span><\/strong><\/h3>\n<h4><span class=\"hotkey-layer \"><span class=\"hotkey-layer preview-overlay is-preview-sidebar-visible\">Architekturb\u00fcro Henning<br \/>\n<\/span><\/span><\/h4>\n<p>[\/vc_column_text][vc_empty_space height=\u00a0\u00bb21px\u00a0\u00bb][vc_column_text]<span class=\"hotkey-layer \"><span class=\"hotkey-layer preview-overlay is-preview-sidebar-visible\">KAHL Bundesplatz 15,<\/span><\/span><\/p>\n<p><span class=\"hotkey-layer \"><span class=\"hotkey-layer preview-overlay is-preview-sidebar-visible\">10715 <\/span><\/span><span class=\"hotkey-layer \"><span class=\"hotkey-layer preview-overlay is-preview-sidebar-visible\">BERLIN<\/span><\/span><\/p>\n<p><span class=\"hotkey-layer \"><span class=\"hotkey-layer preview-overlay is-preview-sidebar-visible\">ALLEMAGNE<\/span><\/span>[\/vc_column_text][vc_empty_space height=\u00a0\u00bb23px\u00a0\u00bb][\/vc_column_inner][\/vc_row_inner][\/vc_tta_section][vc_tta_section title=\u00a0\u00bbNOS VALEURS\u00a0\u00bb tab_id=\u00a0\u00bb1604402476773-03b09b2e-1e7c\u00a0\u00bb][vc_row_inner][vc_column_inner width=\u00a0\u00bb1\/2&Prime;][vc_column_text css=\u00a0\u00bb.vc_custom_1611073578464{margin-left: 160px !important;}\u00a0\u00bb]<\/p>\n<h2>NOS VALEURS<\/h2>\n<p>&nbsp;<\/p>\n<p>&nbsp;<\/p>\n<p>&nbsp;<\/p>\n<p style=\"text-align: justify;\">Fond\u00e9e en 1992, l\u2019agence s\u2019est volontairement inscrite dans un espace europ\u00e9en. Les deux associ\u00e9s fondateurs de l\u2019agence ont acquis une exp\u00e9rience professionnelle en Angleterre, en Allemagne aux Etas-Unis et Canada et en France. L\u2019agence parisienne est constitu\u00e9e de trois architectes. Elle travaille en collaboration avec des agences partenaires \u00e0 Londres et \u00e0 Berlin. Cette culture professionnelle europ\u00e9enne est v\u00e9cue comme une source de richesse pour la production architecturale. Ce go\u00fbt pour une approche transversale s\u2019exprime \u00e9galement dans les diff\u00e9rentes natures et \u00e9chelles des projets rencontr\u00e9s :<br \/>\n&#8211; Projets d\u2019architecture dans des programmes d&rsquo;\u00e9levage \u00e9quin, de salle de sport, de r\u00e9novations lourdes d\u2019immeuble de bureaux, de logement&#8230;<\/p>\n<p style=\"text-align: justify;\">&#8211; Projets d\u2019urbanisme avec des \u00e9tudes \u00e0 Londres, Berlin et au Moyen Orient.<\/p>\n<p style=\"text-align: justify;\">&#8211; Projets de sculptures et am\u00e9nagements urbains en collaboration avec des artistes en France et au Japon. Nous tentons d\u2019int\u00e9grer la complexit\u00e9 des contraintes architecturales d\u2019un b\u00e2timent en desformes simples. Les mat\u00e9riaux sont souvent utilis\u00e9s bruts, pour leurs qualit\u00e9s de texture, de surface. Nous portons \u00e9galement une grande attention \u00e0 l\u2019inscription de nos projets dans l\u2019environnement.<\/p>\n<p>[\/vc_column_text][\/vc_column_inner][vc_column_inner width=\u00a0\u00bb1\/2&Prime;][\/vc_column_inner][\/vc_row_inner][\/vc_tta_section][\/vc_tta_pageable][\/vc_column][\/vc_row][vc_row disable_element=\u00a0\u00bbyes\u00a0\u00bb][vc_column][vc_tta_pageable no_fill_content_area=\u00a0\u00bb1&Prime; autoplay=\u00a0\u00bb10&Prime; active_section=\u00a0\u00bb1&Prime; pagination_style=\u00a0\u00bboutline-square\u00a0\u00bb pagination_color=\u00a0\u00bborange\u00a0\u00bb tab_position=\u00a0\u00bbtop\u00a0\u00bb][vc_tta_section title=\u00a0\u00bbPARTENAIRES EUROP\u00c9ENS\u00a0\u00bb tab_id=\u00a0\u00bb1614234862739-67c5c44f-8aec\u00a0\u00bb][vc_row_inner][vc_column_inner][vc_column_text]<\/p>\n<h2 style=\"text-align: center;\">PARTENAIRES EUROPEENS<\/h2>\n<p>[\/vc_column_text][vc_empty_space][\/vc_column_inner][\/vc_row_inner][vc_row_inner][vc_column_inner width=\u00a0\u00bb1\/2&Prime; css=\u00a0\u00bb.vc_custom_1607945430189{margin-left: 200px !important;}\u00a0\u00bb][vc_empty_space height=\u00a0\u00bb21px\u00a0\u00bb][vc_column_text]<\/p>\n<h3><strong><span class=\"hotkey-layer \"><span class=\"hotkey-layer preview-overlay is-preview-sidebar-visible\">LONDRES<\/span><\/span><\/strong><\/h3>\n<h4>A:RC ARCHITECTURE<\/h4>\n<p>[\/vc_column_text][vc_empty_space height=\u00a0\u00bb21px\u00a0\u00bb][vc_column_text]<span class=\"hotkey-layer \"><span class=\"hotkey-layer preview-overlay is-preview-sidebar-visible\">Evershed Walk, <\/span><\/span><span class=\"hotkey-layer \"><span class=\"hotkey-layer preview-overlay is-preview-sidebar-visible\">Chiswick,<\/span><\/span><\/p>\n<p><span class=\"hotkey-layer \"><span class=\"hotkey-layer preview-overlay is-preview-sidebar-visible\">LONDON W4 5BW<\/span><\/span><\/p>\n<p><span class=\"hotkey-layer \"><span class=\"hotkey-layer preview-overlay is-preview-sidebar-visible\">ANGLETERRE<\/span><\/span>[\/vc_column_text][vc_empty_space height=\u00a0\u00bb23px\u00a0\u00bb][vc_column_text]<\/p>\n<h6><a href=\"http:\/\/architecturearc.com\" target=\"_blank\" rel=\"noopener noreferrer\" data-saferedirecturl=\"https:\/\/www.google.com\/url?q=http:\/\/architecturearc.com&amp;source=gmail&amp;ust=1614320989825000&amp;usg=AFQjCNEf1gH6QLwJ3MyTHFSkzwKqmXZT7Q\">http:\/\/architecturearc.com<\/a><\/h6>\n<p>[\/vc_column_text][vc_empty_space height=\u00a0\u00bb26px\u00a0\u00bb]    <span class=\"qodef-icon-animation-holder\" style=\"transition-delay: 100ms;-webkit-transition-delay: 100ms;-moz-transition-delay: 100ms;-ms-transition-delay: 100ms\">\n\n    <span class=\"qodef-icon-shortcode circle qodef-icon-animation\" style=\"margin: 1px;width: 28px;height: 28px;line-height: 28px;background-color: rgba(255,255,255,0.01);border-style: solid;border-color: #a4a4a4;border-width: 1px\" data-hover-background-color=\"#a4a4a4\" data-animation-delay=\"100\" data-hover-color=\"#ffffff\" data-color=\"#a4a4a4\">\n                    <a class=\"\" href=\"https:\/\/www.facebook.com\/\" target=\"_blank\">\n        \n        <span aria-hidden=\"true\" class=\"qodef-icon-font-elegant social_facebook qodef-icon-element\" style=\"color: #a4a4a4;font-size:12px\" ><\/span>\n                    <\/a>\n            <\/span>\n\n    <\/span>\n    <span class=\"qodef-icon-animation-holder\" style=\"transition-delay: 200ms;-webkit-transition-delay: 200ms;-moz-transition-delay: 200ms;-ms-transition-delay: 200ms\">\n\n    <span class=\"qodef-icon-shortcode circle qodef-icon-animation\" style=\"margin: 1px;width: 28px;height: 28px;line-height: 28px;background-color: rgba(255,255,255,0.01);border-style: solid;border-color: #a4a4a4;border-width: 1px\" data-hover-border-color=\"#a4a4a4\" data-hover-background-color=\"#a4a4a4\" data-animation-delay=\"200\" data-hover-color=\"#ffffff\" data-color=\"#a4a4a4\">\n                    <a class=\"\" href=\"https:\/\/www.twitter.com\/\" target=\"_blank\">\n        \n        <span aria-hidden=\"true\" class=\"qodef-icon-font-elegant social_twitter qodef-icon-element\" style=\"color: #a4a4a4;font-size:12px\" ><\/span>\n                    <\/a>\n            <\/span>\n\n    <\/span>\n    <span class=\"qodef-icon-animation-holder\" style=\"transition-delay: 300ms;-webkit-transition-delay: 300ms;-moz-transition-delay: 300ms;-ms-transition-delay: 300ms\">\n\n    <span class=\"qodef-icon-shortcode circle qodef-icon-animation\" style=\"margin: 1px;width: 28px;height: 28px;line-height: 28px;background-color: rgba(255,255,255,0.01);border-style: solid;border-color: #a4a4a4;border-width: 1px\" data-hover-border-color=\"#a4a4a4\" data-hover-background-color=\"#a4a4a4\" data-animation-delay=\"300\" data-hover-color=\"#ffffff\" data-color=\"#a4a4a4\">\n                    <a class=\"\" href=\"https:\/\/www.instagram.com\/\" target=\"_blank\">\n        \n        <span aria-hidden=\"true\" class=\"qodef-icon-font-elegant social_instagram qodef-icon-element\" style=\"color: #a4a4a4;font-size:12px\" ><\/span>\n                    <\/a>\n            <\/span>\n\n    <\/span>\n    <span class=\"qodef-icon-animation-holder\" style=\"transition-delay: 400ms;-webkit-transition-delay: 400ms;-moz-transition-delay: 400ms;-ms-transition-delay: 400ms\">\n\n    <span class=\"qodef-icon-shortcode circle qodef-icon-animation\" style=\"margin: 1px;width: 28px;height: 28px;line-height: 28px;background-color: rgba(255,255,255,0.01);border-style: solid;border-color: #a4a4a4;border-width: 1px\" data-hover-border-color=\"#a4a4a4\" data-hover-background-color=\"#a4a4a4\" data-animation-delay=\"400\" data-hover-color=\"#ffffff\" data-color=\"#a4a4a4\">\n                    <a class=\"\" href=\"https:\/\/dribbble.com\/\" target=\"_blank\">\n        \n        <span aria-hidden=\"true\" class=\"qodef-icon-font-elegant social_dribbble qodef-icon-element\" style=\"color: #a4a4a4;font-size:12px\" ><\/span>\n                    <\/a>\n            <\/span>\n\n    <\/span>\n    <span class=\"qodef-icon-animation-holder\" style=\"transition-delay: 500ms;-webkit-transition-delay: 500ms;-moz-transition-delay: 500ms;-ms-transition-delay: 500ms\">\n\n    <span class=\"qodef-icon-shortcode circle qodef-icon-animation\" style=\"margin: 1px;width: 28px;height: 28px;line-height: 28px;background-color: rgba(255,255,255,0.01);border-style: solid;border-color: #a4a4a4;border-width: 1px\" data-hover-border-color=\"#a4a4a4\" data-hover-background-color=\"#a4a4a4\" data-animation-delay=\"500\" data-hover-color=\"#ffffff\" data-color=\"#a4a4a4\">\n                    <a class=\"\" href=\"https:\/\/vimeo.com\/\" target=\"_blank\">\n        \n        <span aria-hidden=\"true\" class=\"qodef-icon-font-elegant social_vimeo qodef-icon-element\" style=\"color: #a4a4a4;font-size:12px\" ><\/span>\n                    <\/a>\n            <\/span>\n\n    <\/span>\n    <span class=\"qodef-icon-animation-holder\" style=\"transition-delay: 600ms;-webkit-transition-delay: 600ms;-moz-transition-delay: 600ms;-ms-transition-delay: 600ms\">\n\n    <span class=\"qodef-icon-shortcode circle qodef-icon-animation\" style=\"margin: 1px;width: 28px;height: 28px;line-height: 28px;background-color: rgba(255,255,255,0.01);border-style: solid;border-color: #a4a4a4;border-width: 1px\" data-hover-border-color=\"#a4a4a4\" data-hover-background-color=\"#a4a4a4\" data-animation-delay=\"600\" data-hover-color=\"#ffffff\" data-color=\"#a4a4a4\">\n                    <a class=\"\" href=\"https:\/\/www.linkedin.com\/\" target=\"_blank\">\n        \n        <span aria-hidden=\"true\" class=\"qodef-icon-font-elegant social_linkedin qodef-icon-element\" style=\"color: #a4a4a4;font-size:12px\" ><\/span>\n                    <\/a>\n            <\/span>\n\n    <\/span>\n[vc_empty_space height=\u00a0\u00bb30px\u00a0\u00bb][\/vc_column_inner][vc_column_inner width=\u00a0\u00bb1\/2&Prime;][vc_empty_space height=\u00a0\u00bb21px\u00a0\u00bb][vc_column_text]<\/p>\n<h3><strong><span class=\"hotkey-layer \"><span class=\"hotkey-layer preview-overlay is-preview-sidebar-visible\">BERLIN<\/span><\/span><\/strong><\/h3>\n<h4><span class=\"hotkey-layer \"><span class=\"hotkey-layer preview-overlay is-preview-sidebar-visible\">Architekturb\u00fcro Henning<br \/>\n<\/span><\/span><\/h4>\n<p>[\/vc_column_text][vc_empty_space height=\u00a0\u00bb21px\u00a0\u00bb][vc_column_text]<span class=\"hotkey-layer \"><span class=\"hotkey-layer preview-overlay is-preview-sidebar-visible\">KAHL Bundesplatz 15,<\/span><\/span><\/p>\n<p><span class=\"hotkey-layer \"><span class=\"hotkey-layer preview-overlay is-preview-sidebar-visible\">10715 <\/span><\/span><span class=\"hotkey-layer \"><span class=\"hotkey-layer preview-overlay is-preview-sidebar-visible\">BERLIN<\/span><\/span><\/p>\n<p><span class=\"hotkey-layer \"><span class=\"hotkey-layer preview-overlay is-preview-sidebar-visible\">ALLEMAGNE<\/span><\/span>[\/vc_column_text][vc_empty_space height=\u00a0\u00bb23px\u00a0\u00bb][\/vc_column_inner][\/vc_row_inner][\/vc_tta_section][vc_tta_section title=\u00a0\u00bbNOS VALEURS\u00a0\u00bb tab_id=\u00a0\u00bb1614234864345-01239d76-5080&Prime;][vc_row_inner][vc_column_inner width=\u00a0\u00bb1\/2&Prime;][vc_column_text css=\u00a0\u00bb.vc_custom_1611073578464{margin-left: 160px !important;}\u00a0\u00bb]<\/p>\n<h2>NOS VALEURS<\/h2>\n<p>&nbsp;<\/p>\n<p>&nbsp;<\/p>\n<p>&nbsp;<\/p>\n<p style=\"text-align: justify;\">Fond\u00e9e en 1992, l\u2019agence s\u2019est volontairement inscrite dans un espace europ\u00e9en. Les deux associ\u00e9s fondateurs de l\u2019agence ont acquis une exp\u00e9rience professionnelle en Angleterre, en Allemagne aux Etas-Unis et Canada et en France. L\u2019agence parisienne est constitu\u00e9e de trois architectes. Elle travaille en collaboration avec des agences partenaires \u00e0 Londres et \u00e0 Berlin. Cette culture professionnelle europ\u00e9enne est v\u00e9cue comme une source de richesse pour la production architecturale. Ce go\u00fbt pour une approche transversale s\u2019exprime \u00e9galement dans les diff\u00e9rentes natures et \u00e9chelles des projets rencontr\u00e9s :<br \/>\n&#8211; Projets d\u2019architecture dans des programmes d&rsquo;\u00e9levage \u00e9quin, de salle de sport, de r\u00e9novations lourdes d\u2019immeuble de bureaux, de logement&#8230;<\/p>\n<p style=\"text-align: justify;\">&#8211; Projets d\u2019urbanisme avec des \u00e9tudes \u00e0 Londres, Berlin et au Moyen Orient.<\/p>\n<p style=\"text-align: justify;\">&#8211; Projets de sculptures et am\u00e9nagements urbains en collaboration avec des artistes en France et au Japon. Nous tentons d\u2019int\u00e9grer la complexit\u00e9 des contraintes architecturales d\u2019un b\u00e2timent en desformes simples. Les mat\u00e9riaux sont souvent utilis\u00e9s bruts, pour leurs qualit\u00e9s de texture, de surface. Nous portons \u00e9galement une grande attention \u00e0 l\u2019inscription de nos projets dans l\u2019environnement.<\/p>\n<p>[\/vc_column_text][\/vc_column_inner][vc_column_inner width=\u00a0\u00bb1\/2&Prime;][\/vc_column_inner][\/vc_row_inner][\/vc_tta_section][vc_tta_section title=\u00a0\u00bbCLIENTS\u00a0\u00bb tab_id=\u00a0\u00bb1614234864738-88ece161-a947&Prime;][vc_column_text]<\/p>\n<h2 style=\"text-align: center;\">CLIENTS<\/h2>\n<p>&nbsp;<\/p>\n<p>&nbsp;<\/p>\n<p>[\/vc_column_text][vc_row_inner][vc_column_inner width=\u00a0\u00bb1\/4&Prime;][vc_column_text]<\/p>\n<p style=\"text-align: center;\">C A de Cergy Pontoise<\/p>\n<p style=\"text-align: center;\">Ville de Paris<\/p>\n<p style=\"text-align: center;\">DASES<\/p>\n<p style=\"text-align: center;\">Radio France outre-mer<\/p>\n<p style=\"text-align: center;\">CNAM<\/p>\n<p style=\"text-align: center;\">Ville d&rsquo;Amiens<\/p>\n<p style=\"text-align: center;\">La SAGEP<\/p>\n<p style=\"text-align: center;\">RFA<\/p>\n<p style=\"text-align: center;\">MIPA3<\/p>\n<p>[\/vc_column_text][\/vc_column_inner][vc_column_inner width=\u00a0\u00bb1\/4&Prime;][vc_column_text]<\/p>\n<p style=\"text-align: center;\">SCI Muguet<\/p>\n<p style=\"text-align: center;\">Benoit Forgeot<\/p>\n<p style=\"text-align: center;\">Apple Europe<\/p>\n<p style=\"text-align: center;\">B Braun Medical SA<\/p>\n<p style=\"text-align: center;\">B\u00e2timent Siemens Nixdorf<\/p>\n<p style=\"text-align: center;\">CMGi \/ Haywards<\/p>\n<p style=\"text-align: center;\">INSEAD<\/p>\n<p style=\"text-align: center;\">Mac Arthur Glen Europe<\/p>\n<p style=\"text-align: center;\">INSEE<\/p>\n<p style=\"text-align: center;\">Mairie de Croissy<\/p>\n<p>[\/vc_column_text][\/vc_column_inner][vc_column_inner width=\u00a0\u00bb1\/4&Prime;][vc_column_text]<\/p>\n<p style=\"text-align: center;\">La ville de Laval<\/p>\n<p style=\"text-align: center;\">L&rsquo;\u00e9tat de Qatar<\/p>\n<p style=\"text-align: center;\">Clerkenwell consortium<\/p>\n<p style=\"text-align: center;\">RFA et ville de Berlin<\/p>\n<p style=\"text-align: center;\">Land Berlin<\/p>\n<p style=\"text-align: center;\">Kanaz F\u00f4ret de Cr\u00e9ation<\/p>\n<p style=\"text-align: center;\">Ville de Marseille<\/p>\n<p>[\/vc_column_text][\/vc_column_inner][vc_column_inner width=\u00a0\u00bb1\/4&Prime;][vc_column_text]<\/p>\n<p style=\"text-align: center;\">Noilly Prat<\/p>\n<p style=\"text-align: center;\">Ville de Marioka<\/p>\n<p style=\"text-align: center;\">Ville de Kyoto<\/p>\n<p style=\"text-align: center;\">Ville de Chambery<\/p>\n<p style=\"text-align: center;\">Ville de East Kilbride<\/p>\n<p style=\"text-align: center;\">EPAD<\/p>\n<p style=\"text-align: center;\">La soci\u00e9t\u00e9 g\u00e9n\u00e9rale<\/p>\n<p style=\"text-align: center;\">OPHLM<\/p>\n<p style=\"text-align: center;\">Conseil R\u00e9gional<\/p>\n<p style=\"text-align: center;\">Universit\u00e9 de Gen\u00e8ve<\/p>\n<p style=\"text-align: center;\">SAPRR<\/p>\n<p style=\"text-align: center;\">AFTRP<\/p>\n<p>[\/vc_column_text][\/vc_column_inner][\/vc_row_inner][\/vc_tta_section][\/vc_tta_pageable][\/vc_column][\/vc_row]<\/p>\n","protected":false},"excerpt":{"rendered":"<p>[vc_row][vc_column][vc_tta_pageable no_fill_content_area=\u00a0\u00bb1&Prime; autoplay=\u00a0\u00bb10&Prime; active_section=\u00a0\u00bb1&Prime; pagination_style=\u00a0\u00bboutline-square\u00a0\u00bb pagination_color=\u00a0\u00bborange\u00a0\u00bb tab_position=\u00a0\u00bbtop\u00a0\u00bb][vc_tta_section title=\u00a0\u00bbPARTENAIRES EUROP\u00c9ENS\u00a0\u00bb tab_id=\u00a0\u00bb1604402476717-16129bdb-61aa\u00a0\u00bb][vc_row_inner][vc_column_inner][vc_column_text] PARTENAIRES EUROPEENS [\/vc_column_text][vc_empty_space][\/vc_column_inner][\/vc_row_inner][vc_row_inner][vc_column_inner width=\u00a0\u00bb1\/2&Prime; css=\u00a0\u00bb.vc_custom_1607945430189{margin-left: 200px !important;}\u00a0\u00bb][vc_empty_space height=\u00a0\u00bb21px\u00a0\u00bb][vc_column_text] LONDRES A:RC ARCHITECTURE [\/vc_column_text][vc_empty_space height=\u00a0\u00bb21px\u00a0\u00bb][vc_column_text]Evershed Walk, Chiswick, LONDON W4 5BW ANGLETERRE[\/vc_column_text][vc_empty_space height=\u00a0\u00bb23px\u00a0\u00bb][vc_column_text] http:\/\/architecturearc.com [\/vc_column_text][vc_empty_space height=\u00a0\u00bb26px\u00a0\u00bb][vc_empty_space height=\u00a0\u00bb30px\u00a0\u00bb][\/vc_column_inner][vc_column_inner width=\u00a0\u00bb1\/2&Prime;][vc_empty_space height=\u00a0\u00bb21px\u00a0\u00bb][vc_column_text] BERLIN Architekturb\u00fcro Henning [\/vc_column_text][vc_empty_space height=\u00a0\u00bb21px\u00a0\u00bb][vc_column_text]KAHL Bundesplatz 15, 10715 BERLIN&#8230;<\/p>\n","protected":false},"author":2,"featured_media":0,"parent":0,"menu_order":0,"comment_status":"closed","ping_status":"closed","template":"","meta":[],"_links":{"self":[{"href":"https:\/\/mellor-ribet.com\/index.php\/wp-json\/wp\/v2\/pages\/1165"}],"collection":[{"href":"https:\/\/mellor-ribet.com\/index.php\/wp-json\/wp\/v2\/pages"}],"about":[{"href":"https:\/\/mellor-ribet.com\/index.php\/wp-json\/wp\/v2\/types\/page"}],"author":[{"embeddable":true,"href":"https:\/\/mellor-ribet.com\/index.php\/wp-json\/wp\/v2\/users\/2"}],"replies":[{"embeddable":true,"href":"https:\/\/mellor-ribet.com\/index.php\/wp-json\/wp\/v2\/comments?post=1165"}],"version-history":[{"count":29,"href":"https:\/\/mellor-ribet.com\/index.php\/wp-json\/wp\/v2\/pages\/1165\/revisions"}],"predecessor-version":[{"id":4036,"href":"https:\/\/mellor-ribet.com\/index.php\/wp-json\/wp\/v2\/pages\/1165\/revisions\/4036"}],"wp:attachment":[{"href":"https:\/\/mellor-ribet.com\/index.php\/wp-json\/wp\/v2\/media?parent=1165"}],"curies":[{"name":"wp","href":"https:\/\/api.w.org\/{rel}","templated":true}]}}