{"id":1244,"date":"2015-11-26T14:31:45","date_gmt":"2015-11-26T13:31:45","guid":{"rendered":"http:\/\/grafik.select-themes.com\/?page_id=1244"},"modified":"2021-01-19T17:11:25","modified_gmt":"2021-01-19T16:11:25","slug":"apropos","status":"publish","type":"page","link":"https:\/\/mellor-ribet.com\/index.php\/apropos\/","title":{"rendered":"\u00c0 propos"},"content":{"rendered":"<p>[vc_row][vc_column][vc_empty_space height=\u00a0\u00bb64px\u00a0\u00bb][\/vc_column][\/vc_row][vc_row][vc_column width=\u00a0\u00bb1\/3&Prime; css=\u00a0\u00bb.vc_custom_1606476188050{margin-top: 12px !important;margin-left: -30px !important;}\u00a0\u00bb][vc_single_image image=\u00a0\u00bb3082&Prime; css=\u00a0\u00bb.vc_custom_1604660008957{padding-left: 250px !important;}\u00a0\u00bb][\/vc_column][vc_column width=\u00a0\u00bb2\/3&Prime;][vc_column_text]<\/p>\n<h3><strong>PHILIP MELLOR RIBET<\/strong><\/h3>\n<p>[\/vc_column_text][vc_empty_space height=\u00a0\u00bb12px\u00a0\u00bb]<div class=\"qodef-separator-holder clearfix  qodef-separator-left\">\n\t<div class=\"qodef-separator\" style=\"border-color: #bcbcbc;border-style: solid;width: 300px;border-bottom-width: 2pxpx\"><\/div>\n<\/div>\n[vc_column_text]<span style=\"font-family: Gill Sans MT, sans-serif;\">n\u00e9 le : 20.07.59<\/span><\/p>\n<p>&nbsp;<\/p>\n<p><span style=\"font-family: Gill Sans MT, sans-serif;\"><strong>Lieu :<\/strong> Manchester<\/span><\/p>\n<p><span style=\"font-family: Gill Sans MT, sans-serif;\"><strong>Nationalit\u00e9 :<\/strong> anglaise<\/span><\/p>\n<p><span style=\"font-family: Gill Sans MT, sans-serif;\"><strong>Langues :<\/strong> fran\u00e7ais, anglais<\/span><\/p>\n<p>&nbsp;<\/p>\n<p><span style=\"font-family: Gill Sans MT, sans-serif;\"><strong>Etudes<\/strong> : B.Sc.(Hons) Architectural Studies, <\/span><span style=\"font-family: Gill Sans MT, sans-serif;\"><span lang=\"en-US\">University of Bath School of Architecture 1982<\/span><\/span><\/p>\n<p lang=\"en-US\"><span style=\"font-family: Gill Sans MT, sans-serif;\"> B.Arch.(Hons) Architectural Studies, University of Bath School of Architecture 1984<\/span><\/p>\n<p><span style=\"font-family: Gill Sans MT, sans-serif;\">RIBA \/ Part III examen 1986<\/span><\/p>\n<p>&nbsp;<\/p>\n<p><span style=\"font-family: Gill Sans MT, sans-serif;\"><strong>1994<\/strong> Cr\u00e9ation de la Soci\u00e9t\u00e9 Mellor-Ribet Neuerburg Architectes<\/span><\/p>\n<p><span style=\"font-family: Gill Sans MT, sans-serif;\"><strong>1991<\/strong> Exercice en ind\u00e9pendant<\/span><\/p>\n<p><span style=\"font-family: Gill Sans MT, sans-serif;\"><strong>1989\/91<\/strong> Chef de projet agence Dominique PERRAULT (Paris)<\/span><\/p>\n<p><span style=\"font-family: Gill Sans MT, sans-serif;\"><strong>1988\/89<\/strong> Chef de projet agence <\/span><span style=\"font-family: Gill Sans MT, sans-serif;\"><span lang=\"en-US\">Barrie TODD ARCHITECTS (Londres)<\/span><\/span><\/p>\n<p><span style=\"font-family: Gill Sans MT, sans-serif;\"><strong>1986\/88<\/strong> Chef de projet agence SEBIRE \/ ALLSOPP (Londres)<\/span><\/p>\n<p><span style=\"font-family: Gill Sans MT, sans-serif;\"><strong>1982\/85<\/strong> Assistant de projet DAVID HADFIELD ARCHITECT (Bath)<\/span>[\/vc_column_text][vc_empty_space height=\u00a0\u00bb24px\u00a0\u00bb]<div class=\"qodef-separator-holder clearfix  qodef-separator-left\">\n\t<div class=\"qodef-separator\" style=\"border-color: #bcbcbc;border-style: solid;width: 300px;border-bottom-width: 2pxpx\"><\/div>\n<\/div>\n[\/vc_column][\/vc_row][vc_row][vc_column][vc_empty_space height=\u00a0\u00bb64px\u00a0\u00bb][\/vc_column][\/vc_row]<\/p>\n","protected":false},"excerpt":{"rendered":"<p>[vc_row][vc_column][vc_empty_space height=\u00a0\u00bb64px\u00a0\u00bb][\/vc_column][\/vc_row][vc_row][vc_column width=\u00a0\u00bb1\/3&Prime; css=\u00a0\u00bb.vc_custom_1606476188050{margin-top: 12px !important;margin-left: -30px !important;}\u00a0\u00bb][vc_single_image image=\u00a0\u00bb3082&Prime; css=\u00a0\u00bb.vc_custom_1604660008957{padding-left: 250px !important;}\u00a0\u00bb][\/vc_column][vc_column width=\u00a0\u00bb2\/3&Prime;][vc_column_text] PHILIP MELLOR RIBET [\/vc_column_text][vc_empty_space height=\u00a0\u00bb12px\u00a0\u00bb][vc_column_text]n\u00e9 le : 20.07.59 &nbsp; Lieu : Manchester Nationalit\u00e9 : anglaise Langues : fran\u00e7ais, anglais &nbsp; Etudes : B.Sc.(Hons) Architectural Studies, University of Bath School of Architecture 1982&#8230;<\/p>\n","protected":false},"author":2,"featured_media":0,"parent":0,"menu_order":0,"comment_status":"closed","ping_status":"closed","template":"","meta":[],"_links":{"self":[{"href":"https:\/\/mellor-ribet.com\/index.php\/wp-json\/wp\/v2\/pages\/1244"}],"collection":[{"href":"https:\/\/mellor-ribet.com\/index.php\/wp-json\/wp\/v2\/pages"}],"about":[{"href":"https:\/\/mellor-ribet.com\/index.php\/wp-json\/wp\/v2\/types\/page"}],"author":[{"embeddable":true,"href":"https:\/\/mellor-ribet.com\/index.php\/wp-json\/wp\/v2\/users\/2"}],"replies":[{"embeddable":true,"href":"https:\/\/mellor-ribet.com\/index.php\/wp-json\/wp\/v2\/comments?post=1244"}],"version-history":[{"count":12,"href":"https:\/\/mellor-ribet.com\/index.php\/wp-json\/wp\/v2\/pages\/1244\/revisions"}],"predecessor-version":[{"id":3970,"href":"https:\/\/mellor-ribet.com\/index.php\/wp-json\/wp\/v2\/pages\/1244\/revisions\/3970"}],"wp:attachment":[{"href":"https:\/\/mellor-ribet.com\/index.php\/wp-json\/wp\/v2\/media?parent=1244"}],"curies":[{"name":"wp","href":"https:\/\/api.w.org\/{rel}","templated":true}]}}