{"id":3365,"date":"2020-11-18T09:34:36","date_gmt":"2020-11-18T08:34:36","guid":{"rendered":"http:\/\/mellor-ribet.com\/?page_id=3365"},"modified":"2022-07-12T16:37:30","modified_gmt":"2022-07-12T15:37:30","slug":"piste-d-entrainement","status":"publish","type":"page","link":"https:\/\/mellor-ribet.com\/index.php\/architecture\/piste-d-entrainement\/","title":{"rendered":"Piste d&rsquo;entra\u00eenement couverte pur sangs"},"content":{"rendered":"<p>[vc_row][vc_column][vc_empty_space height=\u00a0\u00bb60px\u00a0\u00bb][\/vc_column][\/vc_row][vc_row][vc_column width=\u00a0\u00bb1\/2&Prime;][vc_row_inner css=\u00a0\u00bb.vc_custom_1605624099418{margin-left: -15px !important;}\u00a0\u00bb][vc_column_inner width=\u00a0\u00bb2\/3&Prime;][vc_column_text]<\/p>\n<h3 style=\"text-align: left;\"><strong><span class=\"hotkey-layer \"><span class=\"hotkey-layer preview-overlay is-preview-sidebar-visible\">Piste d\u2019entra\u00eenement pour pur-sangs<\/span><\/span><\/strong><\/h3>\n<p>[\/vc_column_text][vc_empty_space height=\u00a0\u00bb12&Prime;][vc_column_text][\/vc_column_text][vc_column_text css=\u00a0\u00bb.vc_custom_1606463197727{margin-right: px !important;}\u00a0\u00bb]<\/p>\n<h5 style=\"text-align: left;\"><span class=\"hotkey-layer \"><span class=\"hotkey-layer preview-overlay is-preview-sidebar-visible\">Hauts de france<\/span><\/span><\/h5>\n<p>[\/vc_column_text][vc_empty_space height=\u00a0\u00bb12px\u00a0\u00bb]<div class=\"qodef-separator-holder clearfix  qodef-separator-left\">\n\t<div class=\"qodef-separator\" style=\"border-color: #fe9a00;border-style: solid;width: 350px;border-bottom-width: 2pxpx\"><\/div>\n<\/div>\n[vc_empty_space height=\u00a0\u00bb10px\u00a0\u00bb][vc_column_text]<\/p>\n<p style=\"text-align: justify;\"><span class=\"hotkey-layer \"><span class=\"hotkey-layer preview-overlay is-preview-sidebar-visible\">L\u2019objectif de cette structure est de cr\u00e9er un circuit couvert de 330m de long pour la d\u00e9tente et l\u2019\u00e9chauffement des pur-sangs lors des sessions d&rsquo;entra\u00eenement et notamment partemps de pluie. Le programme d\u00e9veloppe une id\u00e9e d&rsquo;espace m\u00e9ditatif libre de distractions. Le site est un plateau bois\u00e9 \u00e0 l\u00e9g\u00e8res ondulations bord\u00e9 surdeux c\u00f4t\u00e9s par des pentes escarp\u00e9es. Le chemin en circuit ferm\u00e9 est am\u00e9nag\u00e9 pour minimiser l&rsquo;impact sur l&rsquo;environnement et respecter les contraintes impos\u00e9es par l&rsquo;entra\u00eenement; pente maximale et rayons minimaux \u00e0 respecter. Le parcours est implant\u00e9 de mani\u00e8re \u00e0 se glisser entre les arbres o\u00f9 les arbres remarquables sont conserv\u00e9s et les arbres d\u00e9p\u00e9rissants sont retir\u00e9s. Quatre solutions conformes aux prescriptions du programme ont \u00e9t\u00e9 d\u00e9velopp\u00e9es. Les quatre solutions, uniques par l&rsquo;approche constructive, proposent un choix d&rsquo;ambiances sensiblement diff\u00e9rentes.<\/span><\/span><\/p>\n<p>[\/vc_column_text][vc_empty_space height=\u00a0\u00bb10px\u00a0\u00bb]<div class=\"qodef-separator-holder clearfix  qodef-separator-left\">\n\t<div class=\"qodef-separator\" style=\"border-color: #fe9a00;border-style: solid;width: 350px;border-bottom-width: 2pxpx\"><\/div>\n<\/div>\n[\/vc_column_inner][vc_column_inner width=\u00a0\u00bb1\/3&Prime;][\/vc_column_inner][\/vc_row_inner][vc_empty_space height=\u00a0\u00bb25&Prime;][\/vc_column][vc_column width=\u00a0\u00bb1\/2&Prime;][vc_empty_space]<div class=\"qodef-image-gallery\">\n\t<div class=\"qodef-image-gallery-slider\" data-autoplay=\"3\" data-navigation=\"no\" data-pagination=\"yes\">\n\t\t\t\t\t\t<a href=\"https:\/\/mellor-ribet.com\/wp-content\/uploads\/2020\/11\/6.bk_parcours_04-1024x683-1.jpg\" data-rel=\"prettyPhoto[single_pretty_photo]\" title=\"6.bk_parcours_04 1024&#215;683\">\n\t\t\t\t\t\t\t<img src=\"https:\/\/mellor-ribet.com\/wp-content\/uploads\/2020\/11\/6.bk_parcours_04-1024x683-1.jpg\" alt=\"6.bk_parcours_04 1024&#215;683\" width=\"1024\" height=\"683\">\n\t\t\t\t\t\t\t<\/a>\n\t\t\t\t\t\t\t<a href=\"https:\/\/mellor-ribet.com\/wp-content\/uploads\/2020\/11\/6.bk_parcours_03-1024x683-1.jpg\" data-rel=\"prettyPhoto[single_pretty_photo]\" title=\"6.bk_parcours_03 1024&#215;683\">\n\t\t\t\t\t\t\t<img src=\"https:\/\/mellor-ribet.com\/wp-content\/uploads\/2020\/11\/6.bk_parcours_03-1024x683-1.jpg\" alt=\"6.bk_parcours_03 1024&#215;683\" width=\"1024\" height=\"683\">\n\t\t\t\t\t\t\t<\/a>\n\t\t\t\t\t\t\t<a href=\"https:\/\/mellor-ribet.com\/wp-content\/uploads\/2020\/11\/6.bk_parcours_01.jpg\" data-rel=\"prettyPhoto[single_pretty_photo]\" title=\"6.bk_parcours_01\">\n\t\t\t\t\t\t\t<img src=\"https:\/\/mellor-ribet.com\/wp-content\/uploads\/2020\/11\/6.bk_parcours_01.jpg\" alt=\"6.bk_parcours_01\" width=\"1024\" height=\"683\">\n\t\t\t\t\t\t\t<\/a>\n\t\t\t\t\t\t\t<a href=\"https:\/\/mellor-ribet.com\/wp-content\/uploads\/2020\/11\/6.bk_parcours_03-copie.jpg\" data-rel=\"prettyPhoto[single_pretty_photo]\" title=\"6.bk_parcours_03 copie\">\n\t\t\t\t\t\t\t<img src=\"https:\/\/mellor-ribet.com\/wp-content\/uploads\/2020\/11\/6.bk_parcours_03-copie.jpg\" alt=\"6.bk_parcours_03 copie\" width=\"1024\" height=\"683\">\n\t\t\t\t\t\t\t<\/a>\n\t\t\t\t\t\t\t<a href=\"https:\/\/mellor-ribet.com\/wp-content\/uploads\/2020\/11\/6.bk_parcours_08.jpg\" data-rel=\"prettyPhoto[single_pretty_photo]\" title=\"6.bk_parcours_08\">\n\t\t\t\t\t\t\t<img src=\"https:\/\/mellor-ribet.com\/wp-content\/uploads\/2020\/11\/6.bk_parcours_08.jpg\" alt=\"6.bk_parcours_08\" width=\"1024\" height=\"683\">\n\t\t\t\t\t\t\t<\/a>\n\t\t\t\t\t\t\t<a href=\"https:\/\/mellor-ribet.com\/wp-content\/uploads\/2020\/11\/6.bk_parcours_09.jpg\" data-rel=\"prettyPhoto[single_pretty_photo]\" title=\"6.bk_parcours_09\">\n\t\t\t\t\t\t\t<img src=\"https:\/\/mellor-ribet.com\/wp-content\/uploads\/2020\/11\/6.bk_parcours_09.jpg\" alt=\"6.bk_parcours_09\" width=\"1024\" height=\"683\">\n\t\t\t\t\t\t\t<\/a>\n\t\t\t\t\t\t\t<a href=\"https:\/\/mellor-ribet.com\/wp-content\/uploads\/2020\/11\/SMR-parcours_01-1.jpg\" data-rel=\"prettyPhoto[single_pretty_photo]\" title=\"SMR-parcours_01\">\n\t\t\t\t\t\t\t<img src=\"https:\/\/mellor-ribet.com\/wp-content\/uploads\/2020\/11\/SMR-parcours_01-1.jpg\" alt=\"SMR-parcours_01\" width=\"1024\" height=\"683\">\n\t\t\t\t\t\t\t<\/a>\n\t\t\t\t\t\t\t<a href=\"https:\/\/mellor-ribet.com\/wp-content\/uploads\/2020\/11\/SMR-parcours_02-1.jpg\" data-rel=\"prettyPhoto[single_pretty_photo]\" title=\"SMR-parcours_02\">\n\t\t\t\t\t\t\t<img src=\"https:\/\/mellor-ribet.com\/wp-content\/uploads\/2020\/11\/SMR-parcours_02-1.jpg\" alt=\"SMR-parcours_02\" width=\"1024\" height=\"683\">\n\t\t\t\t\t\t\t<\/a>\n\t\t\t\t<\/div>\n<\/div>[vc_empty_space]<div class=\"qodef-accordion-holder clearfix qodef-toggle qodef-initial \">\n\t<h4 class=\"clearfix qodef-title-holder\">\n\t<span class=\"qodef-accordion-mark qodef-left-mark\">\n\t\t<span class=\"qodef-accordion-mark-icon\">\n\t\t\t<i class=\"fa fa-minus\"><\/i>\n\t\t\t<i class=\"fa fa-plus\"><\/i>\n\t\t<\/span>\n\t<\/span>\n\t<span class=\"qodef-tab-title\">\n\t\t<span class=\"qodef-tab-title-inner\">\n\t\t\tEn savoir plus\t\t<\/span>\n\t<\/span>\n<\/h4>\n<div class=\"qodef-accordion-content\">\n\t<div class=\"qodef-accordion-content-inner\">\n\t\t[vc_row_inner css=\u00a0\u00bb.vc_custom_1605600590542{margin-right: -px !important;}\u00a0\u00bb][vc_column_inner][vc_column_text]<\/p>\n<p style=\"text-align: left;\"><span class=\"hotkey-layer \"><span class=\"hotkey-layer preview-overlay is-preview-sidebar-visible\">Ma\u00eetre d&rsquo;ouvrage<br \/>\n<\/span><\/span><\/p>\n<p style=\"text-align: left;\"><strong><span class=\"hotkey-layer \"><span class=\"hotkey-layer preview-overlay is-preview-sidebar-visible\">Client priv\u00e9<\/span><\/span><span class=\"hotkey-layer \"><span class=\"hotkey-layer preview-overlay is-preview-sidebar-visible\"><br \/>\n<\/span><\/span><\/strong><\/p>\n<p>[\/vc_column_text][vc_empty_space height=\u00a0\u00bb10px\u00a0\u00bb][vc_column_text]<\/p>\n<p style=\"text-align: left;\">Architecte Paysagiste<\/p>\n<p style=\"text-align: left;\"><strong><span class=\"hotkey-layer \"><span class=\"hotkey-layer preview-overlay is-preview-sidebar-visible\">D.Paysage Diala HADDAD<\/span><\/span><\/strong><\/p>\n<p>[\/vc_column_text][vc_empty_space height=\u00a0\u00bb10px\u00a0\u00bb][vc_column_text]<\/p>\n<p style=\"text-align: left;\">Livraison<\/p>\n<p style=\"text-align: left;\"><strong>Mars 2018<\/strong><\/p>\n<p>[\/vc_column_text][vc_empty_space height=\u00a0\u00bb10px\u00a0\u00bb][vc_column_text]<\/p>\n<p style=\"text-align: left;\"><span class=\"hotkey-layer \"><span class=\"hotkey-layer preview-overlay is-preview-sidebar-visible\">S.H.O.N.<\/span><\/span><\/p>\n<p style=\"text-align: left;\"><strong><span class=\"hotkey-layer \"><span class=\"hotkey-layer preview-overlay is-preview-sidebar-visible\">300m (longueur)<br \/>\n<\/span><\/span><\/strong><\/p>\n<p>[\/vc_column_text][vc_empty_space height=\u00a0\u00bb10px\u00a0\u00bb][vc_column_text]<\/p>\n<p style=\"text-align: left;\"><span class=\"hotkey-layer \"><span class=\"hotkey-layer preview-overlay is-preview-sidebar-visible\">Mission<\/span><\/span><\/p>\n<p style=\"text-align: left;\"><strong><span class=\"hotkey-layer \"><span class=\"hotkey-layer preview-overlay is-preview-sidebar-visible\">Compl\u00e8te<\/span><\/span><span class=\"hotkey-layer \"><span class=\"hotkey-layer preview-overlay is-preview-sidebar-visible\"><br \/>\n<\/span><\/span><\/strong><\/p>\n<p>[\/vc_column_text][\/vc_column_inner][\/vc_row_inner]\t<\/div>\n<\/div>\n<\/div>[\/vc_column][vc_column][vc_empty_space][\/vc_column][\/vc_row][vc_row][vc_column]<div class=\"qodef-separator-holder clearfix  qodef-separator-center\">\n\t<div class=\"qodef-separator\" style=\"border-bottom-width: 2px\"><\/div>\n<\/div>\n[\/vc_column][\/vc_row][vc_row css=\u00a0\u00bb.vc_custom_1606379576758{margin-right: -450px !important;margin-left: -50px !important;}\u00a0\u00bb][vc_column width=\u00a0\u00bb1\/3&Prime;]<a href=\"http:\/\/mellor-ribet.com\/index.php\/architecture\/bureaux-hqe\/\" target=\"_self\" style=\"color: #dd9933;border-color: #ffffff\" class=\"qodef-btn qodef-btn-medium qodef-btn-outline qodef-btn-custom-hover-color qodef-btn-icon\" data-hover-color=\"#ffffff\" >\n    <span class=\"qodef-btn-text\"><\/span>\n    <i class=\"qodef-icon-simple-line-icon icon-arrow-left \" ><\/i><\/a>[\/vc_column][vc_column width=\u00a0\u00bb1\/3&Prime;]<a href=\"http:\/\/mellor-ribet.com\/index.php\/architecture\/\" target=\"_self\" style=\"border-color: #ffffff\" class=\"qodef-btn qodef-btn-medium qodef-btn-outline qodef-btn-icon\"  >\n    <span class=\"qodef-btn-text\"><\/span>\n    <i class=\"qodef-icon-linea-icon icon-software-shape-roundedrectangle \" ><\/i><\/a>[\/vc_column][vc_column width=\u00a0\u00bb1\/3&Prime; css=\u00a0\u00bb.vc_custom_1606379233669{margin-right: px !important;}\u00a0\u00bb]<a href=\"http:\/\/mellor-ribet.com\/index.php\/architecture\/maison-individuelle\/\" target=\"_self\" style=\"border-color: #ffffff;font-weight: 600\" class=\"qodef-btn qodef-btn-medium qodef-btn-outline qodef-btn-custom-hover-bg qodef-btn-custom-border-hover qodef-btn-custom-hover-color qodef-btn-icon\" data-hover-bg-color=\"#ffffff\" data-hover-color=\"#dd9933\" data-hover-border-color=\"#ffffff\" >\n    <span class=\"qodef-btn-text\"><\/span>\n    <i class=\"qodef-icon-simple-line-icon icon-arrow-right \" ><\/i><\/a>[\/vc_column][\/vc_row]<\/p>\n","protected":false},"excerpt":{"rendered":"<p>[vc_row][vc_column][vc_empty_space height=\u00a0\u00bb60px\u00a0\u00bb][\/vc_column][\/vc_row][vc_row][vc_column width=\u00a0\u00bb1\/2&Prime;][vc_row_inner css=\u00a0\u00bb.vc_custom_1605624099418{margin-left: -15px !important;}\u00a0\u00bb][vc_column_inner width=\u00a0\u00bb2\/3&Prime;][vc_column_text] Piste d\u2019entra\u00eenement pour pur-sangs [\/vc_column_text][vc_empty_space height=\u00a0\u00bb12&Prime;][vc_column_text][\/vc_column_text][vc_column_text css=\u00a0\u00bb.vc_custom_1606463197727{margin-right: px !important;}\u00a0\u00bb] Hauts de france [\/vc_column_text][vc_empty_space height=\u00a0\u00bb12px\u00a0\u00bb][vc_empty_space height=\u00a0\u00bb10px\u00a0\u00bb][vc_column_text] L\u2019objectif de cette structure est de cr\u00e9er un circuit couvert de 330m de long pour la d\u00e9tente et l\u2019\u00e9chauffement des pur-sangs lors des&#8230;<\/p>\n","protected":false},"author":2,"featured_media":0,"parent":3424,"menu_order":0,"comment_status":"closed","ping_status":"closed","template":"","meta":[],"_links":{"self":[{"href":"https:\/\/mellor-ribet.com\/index.php\/wp-json\/wp\/v2\/pages\/3365"}],"collection":[{"href":"https:\/\/mellor-ribet.com\/index.php\/wp-json\/wp\/v2\/pages"}],"about":[{"href":"https:\/\/mellor-ribet.com\/index.php\/wp-json\/wp\/v2\/types\/page"}],"author":[{"embeddable":true,"href":"https:\/\/mellor-ribet.com\/index.php\/wp-json\/wp\/v2\/users\/2"}],"replies":[{"embeddable":true,"href":"https:\/\/mellor-ribet.com\/index.php\/wp-json\/wp\/v2\/comments?post=3365"}],"version-history":[{"count":27,"href":"https:\/\/mellor-ribet.com\/index.php\/wp-json\/wp\/v2\/pages\/3365\/revisions"}],"predecessor-version":[{"id":5077,"href":"https:\/\/mellor-ribet.com\/index.php\/wp-json\/wp\/v2\/pages\/3365\/revisions\/5077"}],"up":[{"embeddable":true,"href":"https:\/\/mellor-ribet.com\/index.php\/wp-json\/wp\/v2\/pages\/3424"}],"wp:attachment":[{"href":"https:\/\/mellor-ribet.com\/index.php\/wp-json\/wp\/v2\/media?parent=3365"}],"curies":[{"name":"wp","href":"https:\/\/api.w.org\/{rel}","templated":true}]}}