{"id":3439,"date":"2020-11-18T14:19:15","date_gmt":"2020-11-18T13:19:15","guid":{"rendered":"http:\/\/mellor-ribet.com\/?page_id=3439"},"modified":"2021-02-25T14:57:27","modified_gmt":"2021-02-25T13:57:27","slug":"urbanisme","status":"publish","type":"page","link":"https:\/\/mellor-ribet.com\/index.php\/accueil\/urbanisme\/urbanisme\/","title":{"rendered":"Square de boston"},"content":{"rendered":"<p>[vc_row][vc_column][\/vc_column][\/vc_row][vc_row css=\u00a0\u00bb.vc_custom_1607330194739{margin-top: -20px !important;}\u00a0\u00bb][vc_column width=\u00a0\u00bb1\/2&Prime;][vc_row_inner][vc_column_inner width=\u00a0\u00bb2\/3&Prime;][vc_column_text]<\/p>\n<h3 style=\"text-align: left;\">SQUARE DE BOSTON<\/h3>\n<h5 style=\"text-align: left;\"><span class=\"hotkey-layer \"><span class=\"hotkey-layer preview-overlay is-preview-sidebar-visible\">Laval, La mayenne<\/span><\/span><\/h5>\n<p>[\/vc_column_text][vc_empty_space height=\u00a0\u00bb12px\u00a0\u00bb]<div class=\"qodef-separator-holder clearfix  qodef-separator-center qodef-separator-full-width\">\n\t<div class=\"qodef-separator\" style=\"border-color: #dd9933;border-bottom-width: 1px\"><\/div>\n<\/div>\n[vc_empty_space height=\u00a0\u00bb12px\u00a0\u00bb][vc_column_text]<\/p>\n<p style=\"text-align: justify;\"><span class=\"hotkey-layer \"><span class=\"hotkey-layer preview-overlay is-preview-sidebar-visible\">L&rsquo;objectif est de revaloriser cet espace naturel longeant la Mayenne en lui donnant une identit\u00e9 forte, tout en prenant compte des \u00e9l\u00e9ments du programme et des \u00e9l\u00e9ments existants. Le parti d&rsquo;am\u00e9nagement est de ressortir la po\u00e9tique du lieu; de r\u00e9v\u00e9ler les vestiges de l&rsquo;ancien lit de la rivi\u00e8re; d\u2019offrir une atmosph\u00e8re de d\u00e9tente ludique et de promenade pour toute la ville. La symbolique de la rivi\u00e8re est initi\u00e9e par six \u00e9l\u00e9ments majeurs qui composent l&rsquo;espace du square de Boston.<\/span><\/span><\/p>\n<p style=\"text-align: justify;\"><span class=\"hotkey-layer \"><span class=\"hotkey-layer preview-overlay is-preview-sidebar-visible\"><strong>1. La colonne v\u00e9g\u00e9tale<\/strong> est un alignement de platane structurant. Il vient en prolongation des alignements du cours de la R\u00e9sistance soulignant le coteau et participant \u00e0 la compositionurbaine.<\/span><\/span><\/p>\n<p style=\"text-align: justify;\"><span class=\"hotkey-layer \"><span class=\"hotkey-layer preview-overlay is-preview-sidebar-visible\"><strong>2. La ripisylve<\/strong> est compos\u00e9e de v\u00e9g\u00e9taux de bord derivi\u00e8re \u00e0 feuillage bleut\u00e9 et l\u00e9ger qui ondule avec le vent. Elle repr\u00e9sente les berges de la rivi\u00e8re et s&rsquo;\u00e9tend du nord au sud dusquare. Elle participe \u00e0 la composition spatiale et offre une strate v\u00e9g\u00e9tale \u00e0 l&rsquo;\u00e9chelle humaine.<\/span><\/span><\/p>\n<p style=\"text-align: justify;\"><span class=\"hotkey-layer \"><span class=\"hotkey-layer preview-overlay is-preview-sidebar-visible\"><strong>3. Les bancs de sable :<\/strong> les cheminements sinueux symbolisent les bancs de sable form\u00e9s par le mouvement de l&rsquo;eau et le d\u00e9p\u00f4t de min\u00e9raux.<\/span><\/span><\/p>\n<p style=\"text-align: justify;\"><span class=\"hotkey-layer \"><span class=\"hotkey-layer preview-overlay is-preview-sidebar-visible\"><strong>4. Les rochers socles<\/strong> accueillent les \u00e9l\u00e9ments du programme, tel que le kiosque \u00e0 musique, les 900 m\u00b2 d&rsquo;espace d&rsquo;exposition, les espaces de repos et de d\u00e9tente. Ces socles repr\u00e9sentent les rochers contourn\u00e9s par le courant de la rivi\u00e8re. <\/span><\/span><\/p>\n<p style=\"text-align: justify;\"><span class=\"hotkey-layer \"><span class=\"hotkey-layer preview-overlay is-preview-sidebar-visible\"><strong>5. La prairie ouverte<\/strong> est une \u00e9tendue repr\u00e9sentant l&rsquo;ancienne plaine de la Mayenne. Un espace pour des jeux de ballons, de d\u00e9tente et de picnic aux bords de l&rsquo;eau.<\/span><\/span><\/p>\n<p style=\"text-align: justify;\"><span class=\"hotkey-layer \"><span class=\"hotkey-layer preview-overlay is-preview-sidebar-visible\"><strong>6. Les traverses en platelage bois<\/strong> relient la partie estdu square \u00e0 la partie ouest en reprenant la trame du parcellaire urbain. Ils symbolisent les pontons au bord de l&rsquo;eau.<\/span><\/span><\/p>\n<p>[\/vc_column_text][vc_empty_space height=\u00a0\u00bb12px\u00a0\u00bb]<div class=\"qodef-separator-holder clearfix  qodef-separator-center qodef-separator-full-width\">\n\t<div class=\"qodef-separator\" style=\"border-color: #dd9933;border-bottom-width: 1px\"><\/div>\n<\/div>\n[\/vc_column_inner][vc_column_inner width=\u00a0\u00bb1\/3&Prime;][\/vc_column_inner][\/vc_row_inner][\/vc_column][vc_column width=\u00a0\u00bb1\/2&Prime;]<div class=\"qodef-image-gallery\">\n\t<div class=\"qodef-image-gallery-slider\" data-autoplay=\"3\" data-navigation=\"no\" data-pagination=\"no\">\n\t\t\t\t\t\t<a href=\"https:\/\/mellor-ribet.com\/wp-content\/uploads\/2020\/11\/DP-SMR_laval_-1024x683-4-1.jpg\" data-rel=\"prettyPhoto[single_pretty_photo]\" title=\"DP-SMR_laval_ 1024&#215;683 4\">\n\t\t\t\t\t\t\t<img src=\"https:\/\/mellor-ribet.com\/wp-content\/uploads\/2020\/11\/DP-SMR_laval_-1024x683-4-1.jpg\" alt=\"DP-SMR_laval_ 1024&#215;683 4\" width=\"1024\" height=\"683\">\n\t\t\t\t\t\t\t<\/a>\n\t\t\t\t\t\t\t<a href=\"https:\/\/mellor-ribet.com\/wp-content\/uploads\/2020\/11\/DP-SMR_laval_1024-x-683-3-1.jpg\" data-rel=\"prettyPhoto[single_pretty_photo]\" title=\"DP-SMR_laval_1024 x 683 3\">\n\t\t\t\t\t\t\t<img src=\"https:\/\/mellor-ribet.com\/wp-content\/uploads\/2020\/11\/DP-SMR_laval_1024-x-683-3-1.jpg\" alt=\"DP-SMR_laval_1024 x 683 3\" width=\"1024\" height=\"683\">\n\t\t\t\t\t\t\t<\/a>\n\t\t\t\t\t\t\t<a href=\"https:\/\/mellor-ribet.com\/wp-content\/uploads\/2020\/11\/DP-SMR_laval_1024x683-2-1.jpg\" data-rel=\"prettyPhoto[single_pretty_photo]\" title=\"DP-SMR_laval_1024x683 2\">\n\t\t\t\t\t\t\t<img src=\"https:\/\/mellor-ribet.com\/wp-content\/uploads\/2020\/11\/DP-SMR_laval_1024x683-2-1.jpg\" alt=\"DP-SMR_laval_1024x683 2\" width=\"1024\" height=\"683\">\n\t\t\t\t\t\t\t<\/a>\n\t\t\t\t\t\t\t<a href=\"https:\/\/mellor-ribet.com\/wp-content\/uploads\/2020\/11\/DP-SMR_laval_1024x683-1.jpg\" data-rel=\"prettyPhoto[single_pretty_photo]\" title=\"DP-SMR_laval_1024x683\">\n\t\t\t\t\t\t\t<img src=\"https:\/\/mellor-ribet.com\/wp-content\/uploads\/2020\/11\/DP-SMR_laval_1024x683-1.jpg\" alt=\"DP-SMR_laval_1024x683\" width=\"1024\" height=\"683\">\n\t\t\t\t\t\t\t<\/a>\n\t\t\t\t<\/div>\n<\/div>[vc_empty_space]<div class=\"qodef-accordion-holder clearfix qodef-toggle qodef-initial \">\n\t<p class=\"clearfix qodef-title-holder\">\n\t<span class=\"qodef-accordion-mark qodef-left-mark\">\n\t\t<span class=\"qodef-accordion-mark-icon\">\n\t\t\t<i class=\"fa fa-minus\"><\/i>\n\t\t\t<i class=\"fa fa-plus\"><\/i>\n\t\t<\/span>\n\t<\/span>\n\t<span class=\"qodef-tab-title\">\n\t\t<span class=\"qodef-tab-title-inner\">\n\t\t\tEN SAVOIR PLUS\t\t<\/span>\n\t<\/span>\n<\/p>\n<div class=\"qodef-accordion-content\">\n\t<div class=\"qodef-accordion-content-inner\">\n\t\t[vc_row_inner][vc_column_inner][vc_column_text]<\/p>\n<p style=\"text-align: left;\">Equipe Architecte<\/p>\n<p style=\"text-align: left;\"><strong>Haddad\/MRN<\/strong><\/p>\n<p>[\/vc_column_text][vc_empty_space height=\u00a0\u00bb10px\u00a0\u00bb][vc_column_text]<\/p>\n<p style=\"text-align: left;\">Co\u00fbt (HT)<\/p>\n<p style=\"text-align: left;\"><strong>630k\u20ac<\/strong><\/p>\n<p>[\/vc_column_text][vc_empty_space height=\u00a0\u00bb10px\u00a0\u00bb][vc_column_text]<\/p>\n<p style=\"text-align: left;\">SHON<\/p>\n<p style=\"text-align: left;\"><strong>10 000 m<span class=\"LrzXr kno-fv\"><sup>2<\/sup><\/span><\/strong><\/p>\n<p>[\/vc_column_text][vc_empty_space height=\u00a0\u00bb10px\u00a0\u00bb][vc_column_text]<\/p>\n<p style=\"text-align: left;\">Date de Livraison<\/p>\n<p style=\"text-align: left;\"><strong>2008<\/strong><\/p>\n<p>[\/vc_column_text][\/vc_column_inner][\/vc_row_inner]\t<\/div>\n<\/div>\n<\/div>[\/vc_column][\/vc_row][vc_row disable_element=\u00a0\u00bbyes\u00a0\u00bb header_style=\u00a0\u00bbqodef-dark-header\u00a0\u00bb css=\u00a0\u00bb.vc_custom_1611071006139{margin-top: px !important;margin-right: 40px !important;margin-left: 40px !important;}\u00a0\u00bb][vc_column][vc_empty_space]\n<div class=\"qodef-cover-boxes boxes-three cover-box-image\" data-active-element=\"3\">\n    <ul class='clearfix'>\n        <li>\n            <div class=\"qodef-box\">\n                <div class=\"qodef-box-info-holder\">\n                    <div class=\"qodef-box-top-stripe\"><\/div>\n                    <a class=\"qodef-box-thumb\" href=\"\" target=\"_self\">\n                                                    <img alt=\"\" src=\"https:\/\/mellor-ribet.com\/wp-content\/uploads\/2020\/11\/Architecture-Logo.png\" \/>\n                                            <\/a>\n                <\/div>\n                <div class='qodef-box-content'>\n                    <h3 class=\"qodef-cover-box-title\">\n                                            <\/h3>\n                    <p class=\"qodef-cover-box-text\">\n                                            <\/p>\n                    <a href=\"#\" target=\"_self\"  class=\"qodef-btn qodef-btn-medium qodef-btn-outline\"  >    <span class=\"qodef-btn-text\">Architecture<\/span>    <\/a>                <\/div>\n            <\/div>\n        <\/li>\n        <li>\n            <div class=\"qodef-box\">\n                <div class=\"qodef-box-info-holder\">\n                    <div class=\"qodef-box-top-stripe\"><\/div>\n                    <a class=\"qodef-box-thumb\" href=\"\" target=\"_self\">\n                                                    <img alt=\"\" src=\"https:\/\/mellor-ribet.com\/wp-content\/uploads\/2020\/11\/URBANISME-LOGO-copie-1-scaled.jpg\" \/>\n                                            <\/a>\n                <\/div>\n                <div class='qodef-box-content'>\n                    <h3 class=\"qodef-cover-box-title\">\n                                            <\/h3>\n                    <p class=\"qodef-cover-box-text\">\n                                            <\/p>\n                    <a href=\"#\" target=\"_self\"  class=\"qodef-btn qodef-btn-medium qodef-btn-outline\"  >    <span class=\"qodef-btn-text\">Urbanisme<\/span>    <\/a>                <\/div>\n            <\/div>\n        <\/li>\n        <li>\n            <div class=\"qodef-box\">\n                <div class=\"qodef-box-info-holder\">\n                    <div class=\"qodef-box-top-stripe\"><\/div>\n                    <a class=\"qodef-box-thumb\" href=\"\" target=\"_self\">\n                                                    <img alt=\"\" src=\"https:\/\/mellor-ribet.com\/wp-content\/uploads\/2020\/11\/logo-abstract-05-e1605512689336.jpg\" \/>\n                                            <\/a>\n                <\/div>\n                <div class='qodef-box-content'>\n                    <h3 class=\"qodef-cover-box-title\">\n                                            <\/h3>\n                    <p class=\"qodef-cover-box-text\">\n                                            <\/p>\n                    <a href=\"#\" target=\"_self\"  class=\"qodef-btn qodef-btn-medium qodef-btn-outline\"  >    <span class=\"qodef-btn-text\">Art urbain<\/span>    <\/a>                <\/div>\n            <\/div>\n        <\/li>\n    <\/ul>\n<\/div>[vc_empty_space height=\u00a0\u00bb60px\u00a0\u00bb][\/vc_column][\/vc_row][vc_row][vc_column][vc_empty_space][\/vc_column][\/vc_row]<\/p>\n","protected":false},"excerpt":{"rendered":"<p>[vc_row][vc_column][\/vc_column][\/vc_row][vc_row css=\u00a0\u00bb.vc_custom_1607330194739{margin-top: -20px !important;}\u00a0\u00bb][vc_column width=\u00a0\u00bb1\/2&Prime;][vc_row_inner][vc_column_inner width=\u00a0\u00bb2\/3&Prime;][vc_column_text] SQUARE DE BOSTON Laval, La mayenne [\/vc_column_text][vc_empty_space height=\u00a0\u00bb12px\u00a0\u00bb][vc_empty_space height=\u00a0\u00bb12px\u00a0\u00bb][vc_column_text] L&rsquo;objectif est de revaloriser cet espace naturel longeant la Mayenne en lui donnant une identit\u00e9 forte, tout en prenant compte des \u00e9l\u00e9ments du programme et des \u00e9l\u00e9ments existants. Le parti&#8230;<\/p>\n","protected":false},"author":2,"featured_media":0,"parent":4957,"menu_order":0,"comment_status":"closed","ping_status":"closed","template":"","meta":[],"_links":{"self":[{"href":"https:\/\/mellor-ribet.com\/index.php\/wp-json\/wp\/v2\/pages\/3439"}],"collection":[{"href":"https:\/\/mellor-ribet.com\/index.php\/wp-json\/wp\/v2\/pages"}],"about":[{"href":"https:\/\/mellor-ribet.com\/index.php\/wp-json\/wp\/v2\/types\/page"}],"author":[{"embeddable":true,"href":"https:\/\/mellor-ribet.com\/index.php\/wp-json\/wp\/v2\/users\/2"}],"replies":[{"embeddable":true,"href":"https:\/\/mellor-ribet.com\/index.php\/wp-json\/wp\/v2\/comments?post=3439"}],"version-history":[{"count":16,"href":"https:\/\/mellor-ribet.com\/index.php\/wp-json\/wp\/v2\/pages\/3439\/revisions"}],"predecessor-version":[{"id":4963,"href":"https:\/\/mellor-ribet.com\/index.php\/wp-json\/wp\/v2\/pages\/3439\/revisions\/4963"}],"up":[{"embeddable":true,"href":"https:\/\/mellor-ribet.com\/index.php\/wp-json\/wp\/v2\/pages\/4957"}],"wp:attachment":[{"href":"https:\/\/mellor-ribet.com\/index.php\/wp-json\/wp\/v2\/media?parent=3439"}],"curies":[{"name":"wp","href":"https:\/\/api.w.org\/{rel}","templated":true}]}}