{"id":3812,"date":"2020-12-03T14:50:46","date_gmt":"2020-12-03T13:50:46","guid":{"rendered":"http:\/\/mellor-ribet.com\/?page_id=3812"},"modified":"2022-07-12T17:12:32","modified_gmt":"2022-07-12T16:12:32","slug":"haras","status":"publish","type":"page","link":"https:\/\/mellor-ribet.com\/index.php\/architecture\/haras\/","title":{"rendered":"Haras"},"content":{"rendered":"<p>[vc_row][vc_column][vc_empty_space height=\u00a0\u00bb30px\u00a0\u00bb][\/vc_column][\/vc_row][vc_row][vc_column width=\u00a0\u00bb1\/2&Prime;][vc_row_inner css=\u00a0\u00bb.vc_custom_1605624099418{margin-left: -15px !important;}\u00a0\u00bb][vc_column_inner width=\u00a0\u00bb2\/3&Prime;][vc_column_text]<\/p>\n<h3><strong><span class=\"hotkey-layer \"><span class=\"hotkey-layer preview-overlay is-preview-sidebar-visible\">Haras neuf pour pur sangs anglais<\/span><\/span><\/strong><\/h3>\n<p>[\/vc_column_text][vc_empty_space height=\u00a0\u00bb12&Prime;][vc_column_text][\/vc_column_text][vc_column_text css=\u00a0\u00bb.vc_custom_1607001619438{margin-right: px !important;}\u00a0\u00bb]<\/p>\n<h5 style=\"text-align: left;\"><span class=\"hotkey-layer \"><span class=\"hotkey-layer preview-overlay is-preview-sidebar-visible\">Normandie<br \/>\n<\/span><\/span><\/h5>\n<p>[\/vc_column_text][vc_empty_space height=\u00a0\u00bb12px\u00a0\u00bb]<div class=\"qodef-separator-holder clearfix  qodef-separator-left\">\n\t<div class=\"qodef-separator\" style=\"border-color: #fe9a00;border-style: solid;width: 350px;border-bottom-width: 2pxpx\"><\/div>\n<\/div>\n[vc_empty_space height=\u00a0\u00bb10px\u00a0\u00bb][vc_column_text]<\/p>\n<p style=\"text-align: justify;\"><span class=\"hotkey-layer \"><span class=\"hotkey-layer preview-overlay is-preview-sidebar-visible\">Il s&rsquo;agit de la cr\u00e9ation d&rsquo;un Haras pour l&rsquo;\u00e9levage de pur-sangs anglais \u00e0 partir d&rsquo;une ancienne ferme laiti\u00e8re abandonn\u00e9e de 100 hectares. Le client a mis l&rsquo;accent sur le respect de la sant\u00e9 et de la s\u00e9curit\u00e9 des chevaux avec une attention particuli\u00e8re pour le respect de l&rsquo;environnement. Une approche innovante de la construction des Barns int\u00e9grant les derni\u00e8res \u00e9volutions dans la construction \u00e9cologique et l&rsquo;utilisation d\u2019\u00e9nergie a permis l\u2019atteinte des objectifs. La carte blanche offerte par l&rsquo;ancienne fermelaiti\u00e8re a permis de revisiter chaque aspect de l&rsquo;\u00e9levage et d&rsquo;apporter un regard frais sur les habitudes si peu questionn\u00e9es du m\u00e9tier. A partir d&rsquo;une analyse g\u00e9n\u00e9rale du site existant, un certain nombre d&rsquo;\u00e9tudes d\u00e9taill\u00e9es ont \u00e9t\u00e9 r\u00e9alis\u00e9es :<\/span><\/span><\/p>\n<p style=\"text-align: justify;\"><span class=\"hotkey-layer \"><span class=\"hotkey-layer preview-overlay is-preview-sidebar-visible\">\u2022 D\u00e9veloppement d\u00e9taill\u00e9 du programme client.<\/span><\/span><\/p>\n<p style=\"text-align: justify;\"><span class=\"hotkey-layer \"><span class=\"hotkey-layer preview-overlay is-preview-sidebar-visible\">\u2022 Analyse des recherches courantes dans ledomaine de la sant\u00e9 et du bien-\u00eatre des chevaux.<\/span><\/span><\/p>\n<p style=\"text-align: justify;\"><span class=\"hotkey-layer \"><span class=\"hotkey-layer preview-overlay is-preview-sidebar-visible\">\u2022 Analyse du chemin critique du cycle annuel d&rsquo;\u00e9levage.<\/span><\/span><\/p>\n<p style=\"text-align: justify;\"><span class=\"hotkey-layer \"><span class=\"hotkey-layer preview-overlay is-preview-sidebar-visible\">\u2022 Techniques de renforcement des biotopes naturels existants.<\/span><\/span><\/p>\n<p style=\"text-align: justify;\"><span class=\"hotkey-layer \"><span class=\"hotkey-layer preview-overlay is-preview-sidebar-visible\">\u2022 R\u00e9novation agricole \u2013 conservation etrenforcement de l\u2019h\u00e9ritage paysager et architectural normand.<\/span><\/span><\/p>\n<p style=\"text-align: justify;\"><span class=\"hotkey-layer \"><span class=\"hotkey-layer preview-overlay is-preview-sidebar-visible\">\u2022 L&rsquo;utilisation de la ventilation naturelle en b\u00e2timents agricoles.<\/span><\/span><\/p>\n<p style=\"text-align: justify;\"><span class=\"hotkey-layer \"><span class=\"hotkey-layer preview-overlay is-preview-sidebar-visible\">Suivi par les missions principales:<\/span><\/span><\/p>\n<p style=\"text-align: justify;\"><span class=\"hotkey-layer \"><span class=\"hotkey-layer preview-overlay is-preview-sidebar-visible\">\u2022 Am\u00e9nagement du site.<\/span><\/span><\/p>\n<p style=\"text-align: justify;\"><span class=\"hotkey-layer \"><span class=\"hotkey-layer preview-overlay is-preview-sidebar-visible\">\u2022 Conception des chemins de circulation, infrastructure et r\u00e9seaux de distribution fluides.<\/span><\/span><\/p>\n<p style=\"text-align: justify;\"><span class=\"hotkey-layer \"><span class=\"hotkey-layer preview-overlay is-preview-sidebar-visible\">\u2022 Conception des b\u00e2timents neufs : Barns, Carri\u00e8res, b\u00e2timents administratifs, Stockage desaliments.<\/span><\/span><\/p>\n<p style=\"text-align: justify;\"><span class=\"hotkey-layer \"><span class=\"hotkey-layer preview-overlay is-preview-sidebar-visible\">\u2022 Espaces v\u00e9t\u00e9rinaires<\/span><\/span><\/p>\n<p style=\"text-align: justify;\"><span class=\"hotkey-layer \"><span class=\"hotkey-layer preview-overlay is-preview-sidebar-visible\">\u2022 Traitement paysager<\/span><\/span><\/p>\n<p style=\"text-align: justify;\"><span class=\"hotkey-layer \"><span class=\"hotkey-layer preview-overlay is-preview-sidebar-visible\">\u2022 R\u00e9novation des b\u00e2timents existants.<\/span><\/span><\/p>\n<p>[\/vc_column_text][vc_empty_space height=\u00a0\u00bb10px\u00a0\u00bb]<div class=\"qodef-separator-holder clearfix  qodef-separator-left\">\n\t<div class=\"qodef-separator\" style=\"border-color: #fe9a00;border-style: solid;width: 350px;border-bottom-width: 2pxpx\"><\/div>\n<\/div>\n[\/vc_column_inner][vc_column_inner width=\u00a0\u00bb1\/3&Prime;][\/vc_column_inner][\/vc_row_inner][vc_empty_space height=\u00a0\u00bb25&Prime;][\/vc_column][vc_column width=\u00a0\u00bb1\/2&Prime;][vc_empty_space height=\u00a0\u00bb20px\u00a0\u00bb]<div class=\"qodef-image-gallery\">\n\t<div class=\"qodef-image-gallery-slider\" data-autoplay=\"3\" data-navigation=\"no\" data-pagination=\"yes\">\n\t\t\t\t\t\t<img src=\"https:\/\/mellor-ribet.com\/wp-content\/uploads\/2020\/11\/SMR-Haras_01-1.jpg\" alt=\"SMR-Haras_01\" width=\"1024\" height=\"683\">\n\t\t\t\t\t\t\t<img src=\"https:\/\/mellor-ribet.com\/wp-content\/uploads\/2020\/11\/SMR-Haras_02.jpg\" alt=\"SMR-Haras_02\" width=\"1024\" height=\"683\">\n\t\t\t\t<\/div>\n<\/div>[vc_empty_space]<div class=\"qodef-accordion-holder clearfix qodef-toggle qodef-initial \">\n\t<h4 class=\"clearfix qodef-title-holder\">\n\t<span class=\"qodef-accordion-mark qodef-left-mark\">\n\t\t<span class=\"qodef-accordion-mark-icon\">\n\t\t\t<i class=\"fa fa-minus\"><\/i>\n\t\t\t<i class=\"fa fa-plus\"><\/i>\n\t\t<\/span>\n\t<\/span>\n\t<span class=\"qodef-tab-title\">\n\t\t<span class=\"qodef-tab-title-inner\">\n\t\t\tEn savoir plus\t\t<\/span>\n\t<\/span>\n<\/h4>\n<div class=\"qodef-accordion-content\">\n\t<div class=\"qodef-accordion-content-inner\">\n\t\t[vc_row_inner css=\u00a0\u00bb.vc_custom_1605600590542{margin-right: -px !important;}\u00a0\u00bb][vc_column_inner][vc_column_text]<\/p>\n<p style=\"text-align: left;\"><span class=\"hotkey-layer \"><span class=\"hotkey-layer preview-overlay is-preview-sidebar-visible\">BET <\/span><\/span><\/p>\n<p style=\"text-align: left;\"><strong><span class=\"hotkey-layer \"><span class=\"hotkey-layer preview-overlay is-preview-sidebar-visible\">LM Ing\u00e9nierie<\/span><\/span><\/strong><\/p>\n<p>[\/vc_column_text][vc_empty_space height=\u00a0\u00bb10px\u00a0\u00bb][vc_column_text]<\/p>\n<p style=\"text-align: left;\"><span class=\"hotkey-layer \"><span class=\"hotkey-layer preview-overlay is-preview-sidebar-visible\">Ma\u00eetre d&rsquo;ouvrage<br \/>\n<\/span><\/span><\/p>\n<p style=\"text-align: left;\"><strong><span class=\"hotkey-layer \"><span class=\"hotkey-layer preview-overlay is-preview-sidebar-visible\">Client Priv\u00e9<\/span><\/span><\/strong><\/p>\n<p>[\/vc_column_text][vc_empty_space height=\u00a0\u00bb10px\u00a0\u00bb][vc_column_text]<\/p>\n<p style=\"text-align: left;\"><span class=\"hotkey-layer \"><span class=\"hotkey-layer preview-overlay is-preview-sidebar-visible\">Architecte Paysagiste<br \/>\n<\/span><\/span><\/p>\n<p style=\"text-align: left;\"><strong><span class=\"hotkey-layer \"><span class=\"hotkey-layer preview-overlay is-preview-sidebar-visible\">D.Paysage \u2013 Diala HADDAD<\/span><\/span><\/strong><\/p>\n<p>[\/vc_column_text][vc_empty_space height=\u00a0\u00bb10px\u00a0\u00bb][vc_column_text]<\/p>\n<p style=\"text-align: left;\"><span class=\"hotkey-layer \"><span class=\"hotkey-layer preview-overlay is-preview-sidebar-visible\">Budget<\/span><\/span><\/p>\n<p style=\"text-align: left;\"><strong><span class=\"hotkey-layer \"><span class=\"hotkey-layer preview-overlay is-preview-sidebar-visible\">NC<\/span><\/span><\/strong><\/p>\n<p>[\/vc_column_text][vc_empty_space height=\u00a0\u00bb10px\u00a0\u00bb][vc_column_text]<\/p>\n<p style=\"text-align: left;\"><span class=\"hotkey-layer \"><span class=\"hotkey-layer preview-overlay is-preview-sidebar-visible\">Date de livraison<br \/>\n<\/span><\/span><\/p>\n<p style=\"text-align: left;\"><strong><span class=\"hotkey-layer \"><span class=\"hotkey-layer preview-overlay is-preview-sidebar-visible\">Printemps 2008<br \/>\n<\/span><\/span><\/strong><\/p>\n<p>[\/vc_column_text][vc_empty_space height=\u00a0\u00bb10px\u00a0\u00bb][vc_column_text]<\/p>\n<p style=\"text-align: left;\"><span class=\"hotkey-layer \"><span class=\"hotkey-layer preview-overlay is-preview-sidebar-visible\">S.H.O.N.<\/span><\/span><\/p>\n<p style=\"text-align: left;\"><strong><span class=\"hotkey-layer \"><span class=\"hotkey-layer preview-overlay is-preview-sidebar-visible\">2600 m\u00b2 <\/span><\/span><\/strong><\/p>\n<p>[\/vc_column_text][\/vc_column_inner][\/vc_row_inner]\t<\/div>\n<\/div>\n<\/div>[\/vc_column][vc_column][\/vc_column][\/vc_row][vc_row][vc_column]<div class=\"qodef-separator-holder clearfix  qodef-separator-center\">\n\t<div class=\"qodef-separator\" style=\"border-bottom-width: 2px\"><\/div>\n<\/div>\n[\/vc_column][\/vc_row][vc_row css=\u00a0\u00bb.vc_custom_1606379576758{margin-right: -450px !important;margin-left: -50px !important;}\u00a0\u00bb][vc_column width=\u00a0\u00bb1\/3&Prime;]<a href=\"http:\/\/mellor-ribet.com\/index.php\/architecture\/radio-rfo\/\" target=\"_self\" style=\"color: #dd9933;border-color: #ffffff\" class=\"qodef-btn qodef-btn-medium qodef-btn-outline qodef-btn-custom-hover-color qodef-btn-icon\" data-hover-color=\"#ffffff\" >\n    <span class=\"qodef-btn-text\"><\/span>\n    <i class=\"qodef-icon-simple-line-icon icon-arrow-left \" ><\/i><\/a>[\/vc_column][vc_column width=\u00a0\u00bb1\/3&Prime;]<a href=\"http:\/\/mellor-ribet.com\/index.php\/architecture\/\" target=\"_self\" style=\"border-color: #ffffff\" class=\"qodef-btn qodef-btn-medium qodef-btn-outline qodef-btn-icon\"  >\n    <span class=\"qodef-btn-text\"><\/span>\n    <i class=\"qodef-icon-linea-icon icon-software-shape-roundedrectangle \" ><\/i><\/a>[\/vc_column][vc_column width=\u00a0\u00bb1\/3&Prime; css=\u00a0\u00bb.vc_custom_1606379233669{margin-right: px !important;}\u00a0\u00bb]<a href=\"http:\/\/mellor-ribet.com\/index.php\/architecture\/bureaux-hqe\/\" target=\"_self\" style=\"border-color: #ffffff;font-weight: 600\" class=\"qodef-btn qodef-btn-medium qodef-btn-outline qodef-btn-custom-hover-bg qodef-btn-custom-border-hover qodef-btn-custom-hover-color qodef-btn-icon\" data-hover-bg-color=\"#ffffff\" data-hover-color=\"#dd9933\" data-hover-border-color=\"#ffffff\" >\n    <span class=\"qodef-btn-text\"><\/span>\n    <i class=\"qodef-icon-simple-line-icon icon-arrow-right \" ><\/i><\/a>[\/vc_column][\/vc_row]<\/p>\n","protected":false},"excerpt":{"rendered":"<p>[vc_row][vc_column][vc_empty_space height=\u00a0\u00bb30px\u00a0\u00bb][\/vc_column][\/vc_row][vc_row][vc_column width=\u00a0\u00bb1\/2&Prime;][vc_row_inner css=\u00a0\u00bb.vc_custom_1605624099418{margin-left: -15px !important;}\u00a0\u00bb][vc_column_inner width=\u00a0\u00bb2\/3&Prime;][vc_column_text] Haras neuf pour pur sangs anglais [\/vc_column_text][vc_empty_space height=\u00a0\u00bb12&Prime;][vc_column_text][\/vc_column_text][vc_column_text css=\u00a0\u00bb.vc_custom_1607001619438{margin-right: px !important;}\u00a0\u00bb] Normandie [\/vc_column_text][vc_empty_space height=\u00a0\u00bb12px\u00a0\u00bb][vc_empty_space height=\u00a0\u00bb10px\u00a0\u00bb][vc_column_text] Il s&rsquo;agit de la cr\u00e9ation d&rsquo;un Haras pour l&rsquo;\u00e9levage de pur-sangs anglais \u00e0 partir d&rsquo;une ancienne ferme laiti\u00e8re abandonn\u00e9e de 100 hectares. Le&#8230;<\/p>\n","protected":false},"author":2,"featured_media":0,"parent":3424,"menu_order":0,"comment_status":"closed","ping_status":"closed","template":"","meta":[],"_links":{"self":[{"href":"https:\/\/mellor-ribet.com\/index.php\/wp-json\/wp\/v2\/pages\/3812"}],"collection":[{"href":"https:\/\/mellor-ribet.com\/index.php\/wp-json\/wp\/v2\/pages"}],"about":[{"href":"https:\/\/mellor-ribet.com\/index.php\/wp-json\/wp\/v2\/types\/page"}],"author":[{"embeddable":true,"href":"https:\/\/mellor-ribet.com\/index.php\/wp-json\/wp\/v2\/users\/2"}],"replies":[{"embeddable":true,"href":"https:\/\/mellor-ribet.com\/index.php\/wp-json\/wp\/v2\/comments?post=3812"}],"version-history":[{"count":12,"href":"https:\/\/mellor-ribet.com\/index.php\/wp-json\/wp\/v2\/pages\/3812\/revisions"}],"predecessor-version":[{"id":5094,"href":"https:\/\/mellor-ribet.com\/index.php\/wp-json\/wp\/v2\/pages\/3812\/revisions\/5094"}],"up":[{"embeddable":true,"href":"https:\/\/mellor-ribet.com\/index.php\/wp-json\/wp\/v2\/pages\/3424"}],"wp:attachment":[{"href":"https:\/\/mellor-ribet.com\/index.php\/wp-json\/wp\/v2\/media?parent=3812"}],"curies":[{"name":"wp","href":"https:\/\/api.w.org\/{rel}","templated":true}]}}