{"id":3837,"date":"2020-12-07T10:00:37","date_gmt":"2020-12-07T09:00:37","guid":{"rendered":"http:\/\/mellor-ribet.com\/?page_id=3837"},"modified":"2022-07-12T17:29:53","modified_gmt":"2022-07-12T16:29:53","slug":"bbraun","status":"publish","type":"page","link":"https:\/\/mellor-ribet.com\/index.php\/architecture\/bbraun\/","title":{"rendered":"R\u00e9habilitation + RIE"},"content":{"rendered":"<p>[vc_row][vc_column][vc_empty_space height=\u00a0\u00bb30px\u00a0\u00bb][\/vc_column][\/vc_row][vc_row][vc_column width=\u00a0\u00bb1\/2&Prime;][vc_row_inner css=\u00a0\u00bb.vc_custom_1605624099418{margin-left: -15px !important;}\u00a0\u00bb][vc_column_inner width=\u00a0\u00bb2\/3&Prime;][vc_column_text]<\/p>\n<h3><strong><span class=\"hotkey-layer \"><span class=\"hotkey-layer preview-overlay is-preview-sidebar-visible\">R\u00e9habilitation d\u2019un si\u00e8ge social + RIE<\/span><\/span><\/strong><\/h3>\n<h3><\/h3>\n<p>[\/vc_column_text][vc_empty_space height=\u00a0\u00bb6px\u00a0\u00bb][vc_column_text][\/vc_column_text][vc_column_text css=\u00a0\u00bb.vc_custom_1607330768804{margin-right: px !important;}\u00a0\u00bb]<\/p>\n<h5><span class=\"hotkey-layer \"><span class=\"hotkey-layer preview-overlay is-preview-sidebar-visible\">Boulogne billancourt<\/span><\/span><\/h5>\n<p>[\/vc_column_text][vc_empty_space height=\u00a0\u00bb6px\u00a0\u00bb]<div class=\"qodef-separator-holder clearfix  qodef-separator-left\">\n\t<div class=\"qodef-separator\" style=\"border-color: #fe9a00;border-style: solid;width: 350px;border-bottom-width: 2pxpx\"><\/div>\n<\/div>\n[vc_empty_space height=\u00a0\u00bb10px\u00a0\u00bb][vc_column_text]<\/p>\n<p style=\"text-align: justify;\"><span class=\"hotkey-layer \"><span class=\"hotkey-layer preview-overlay is-preview-sidebar-visible\">LIVRAISON : Juillet 2003<\/span><\/span><\/p>\n<p>&nbsp;<\/p>\n<p style=\"text-align: justify;\"><span class=\"hotkey-layer \"><span class=\"hotkey-layer preview-overlay is-preview-sidebar-visible\">R\u00e9habilitation totale d\u2019un b\u00e2timent des ann\u00e9es soixante-dix, ce projet s\u2019inscrit dans le cadre d\u2019une charte de r\u00e9organisationinterne de la soci\u00e9t\u00e9 B.Braun. Appliqu\u00e9e \u00e0 travers l\u2019Europe, la charte \u00abNew ways of working\u00bb* tend vers un bureau paysag\u00e9,sans papier, et introduit le concept de postes de travail \u2018nomade\u2019, ainsi que l\u2019int\u00e9gration de zones de travail et d\u00e9tente, nomm\u00e9es\u2018lounge\u2019, ou l\u2019\u00e9change informel est encourag\u00e9. Le programme de r\u00e9novation g\u00e9n\u00e9rale du b\u00e2timent consiste \u00e0: la r\u00e9fection totale du RIE et de la cuisine la remise aux normes de s\u00e9curit\u00e9 incendie la cr\u00e9ation d\u2019une nouvelle salle serveur le re c\u00e2blage total CF et Cf la climatisation des bureaux la r\u00e9habilitation des fa\u00e7ades le \u2018space planning\u2019 et le choix du mobilier. Les bureaux restent en fonctionnement pendant les travaux qui se d\u00e9rouleront par phases successives, impliquant le d\u00e9m\u00e9nagement des employ\u00e9s par secteur.<\/span><\/span><\/p>\n<p>[\/vc_column_text][vc_empty_space height=\u00a0\u00bb10px\u00a0\u00bb]<div class=\"qodef-separator-holder clearfix  qodef-separator-left\">\n\t<div class=\"qodef-separator\" style=\"border-color: #fe9a00;border-style: solid;width: 350px;border-bottom-width: 2pxpx\"><\/div>\n<\/div>\n[\/vc_column_inner][vc_column_inner width=\u00a0\u00bb1\/3&Prime;][\/vc_column_inner][\/vc_row_inner][vc_empty_space height=\u00a0\u00bb25&Prime;][\/vc_column][vc_column width=\u00a0\u00bb1\/2&Prime;][vc_empty_space height=\u00a0\u00bb20px\u00a0\u00bb]<div class=\"qodef-image-gallery\">\n\t<div class=\"qodef-image-gallery-slider\" data-autoplay=\"3\" data-navigation=\"no\" data-pagination=\"yes\">\n\t\t\t\t\t\t<img src=\"https:\/\/mellor-ribet.com\/wp-content\/uploads\/2021\/01\/SMR_bbraun_05.jpg\" alt=\"DCF 1.0\" width=\"1024\" height=\"683\">\n\t\t\t\t\t\t\t<img src=\"https:\/\/mellor-ribet.com\/wp-content\/uploads\/2020\/12\/mrn_office_bbraun_04.jpg\" alt=\"mrn_office_bbraun_04\" width=\"1024\" height=\"683\">\n\t\t\t\t\t\t\t<img src=\"https:\/\/mellor-ribet.com\/wp-content\/uploads\/2020\/12\/mrn_office_bbraun_05.jpg\" alt=\"mrn_office_bbraun_05\" width=\"1024\" height=\"683\">\n\t\t\t\t\t\t\t<img src=\"https:\/\/mellor-ribet.com\/wp-content\/uploads\/2020\/12\/mrn_office_bbraun_09.jpg\" alt=\"mrn_office_bbraun_09\" width=\"1024\" height=\"683\">\n\t\t\t\t\t\t\t<img src=\"https:\/\/mellor-ribet.com\/wp-content\/uploads\/2020\/12\/RIE_entre\u0301e-1024x683-1.jpg\" alt=\"RIE_entre\u0301e 1024&#215;683\" width=\"1024\" height=\"683\">\n\t\t\t\t\t\t\t<img src=\"https:\/\/mellor-ribet.com\/wp-content\/uploads\/2020\/12\/Bk_braunR3_1.jpg\" alt=\"Bk_braunR3_1\" width=\"1024\" height=\"683\">\n\t\t\t\t\t\t\t<img src=\"https:\/\/mellor-ribet.com\/wp-content\/uploads\/2020\/12\/RIE_bar-1024x683-1.jpg\" alt=\"RIE_bar 1024&#215;683\" width=\"1024\" height=\"680\">\n\t\t\t\t\t\t\t<img src=\"https:\/\/mellor-ribet.com\/wp-content\/uploads\/2021\/01\/SMR_bbraun_0p.jpg\" alt=\"SMR_bbraun_0p\" width=\"1024\" height=\"683\">\n\t\t\t\t\t\t\t<img src=\"https:\/\/mellor-ribet.com\/wp-content\/uploads\/2021\/01\/SMR_bbraun_0r.jpg\" alt=\"DCF 1.0\" width=\"512\" height=\"683\">\n\t\t\t\t\t\t\t<img src=\"https:\/\/mellor-ribet.com\/wp-content\/uploads\/2021\/01\/SMR_bbraun_0t.jpg\" alt=\"DCF 1.0\" width=\"512\" height=\"683\">\n\t\t\t\t\t\t\t<img src=\"https:\/\/mellor-ribet.com\/wp-content\/uploads\/2021\/01\/SMR_bbraun_0x.jpg\" alt=\"SMR_bbraun_0x\" width=\"1024\" height=\"683\">\n\t\t\t\t\t\t\t<img src=\"https:\/\/mellor-ribet.com\/wp-content\/uploads\/2021\/01\/SMR_bbraun_0y.jpg\" alt=\"SMR_bbraun_0y\" width=\"1024\" height=\"683\">\n\t\t\t\t\t\t\t<img src=\"https:\/\/mellor-ribet.com\/wp-content\/uploads\/2021\/01\/SMR_bbraun_0z.jpg\" alt=\"SMR_bbraun_0z\" width=\"1024\" height=\"683\">\n\t\t\t\t<\/div>\n<\/div>[vc_empty_space]<div class=\"qodef-accordion-holder clearfix qodef-toggle qodef-initial \">\n\t<h4 class=\"clearfix qodef-title-holder\">\n\t<span class=\"qodef-accordion-mark qodef-left-mark\">\n\t\t<span class=\"qodef-accordion-mark-icon\">\n\t\t\t<i class=\"fa fa-minus\"><\/i>\n\t\t\t<i class=\"fa fa-plus\"><\/i>\n\t\t<\/span>\n\t<\/span>\n\t<span class=\"qodef-tab-title\">\n\t\t<span class=\"qodef-tab-title-inner\">\n\t\t\tEn savoir plus\t\t<\/span>\n\t<\/span>\n<\/h4>\n<div class=\"qodef-accordion-content\">\n\t<div class=\"qodef-accordion-content-inner\">\n\t\t[vc_row_inner css=\u00a0\u00bb.vc_custom_1605600590542{margin-right: -px !important;}\u00a0\u00bb][vc_column_inner][vc_column_text]<\/p>\n<p style=\"text-align: left;\"><span class=\"hotkey-layer \"><span class=\"hotkey-layer preview-overlay is-preview-sidebar-visible\">BET <\/span><\/span><\/p>\n<p style=\"text-align: left;\"><strong><span class=\"hotkey-layer \"><span class=\"hotkey-layer preview-overlay is-preview-sidebar-visible\">BPA Ing\u00e9nerie SA<\/span><\/span><\/strong><\/p>\n<p>[\/vc_column_text][vc_empty_space height=\u00a0\u00bb10px\u00a0\u00bb][vc_column_text]<\/p>\n<p style=\"text-align: left;\"><span class=\"hotkey-layer \"><span class=\"hotkey-layer preview-overlay is-preview-sidebar-visible\">Ma\u00eetre d&rsquo;ouvrage<br \/>\n<\/span><\/span><\/p>\n<p style=\"text-align: left;\"><strong><span class=\"hotkey-layer \"><span class=\"hotkey-layer preview-overlay is-preview-sidebar-visible\">B.Braun m\u00e9dical SAS<\/span><\/span><\/strong><\/p>\n<p>[\/vc_column_text][vc_empty_space height=\u00a0\u00bb10px\u00a0\u00bb][vc_column_text]<\/p>\n<p style=\"text-align: left;\"><span class=\"hotkey-layer \"><span class=\"hotkey-layer preview-overlay is-preview-sidebar-visible\">Equipe Architecte<br \/>\n<\/span><\/span><\/p>\n<p style=\"text-align: left;\"><strong><span class=\"hotkey-layer \"><span class=\"hotkey-layer preview-overlay is-preview-sidebar-visible\">Studio Mellor-Ribet (MRN) \/ B+C Architectes<\/span><\/span><\/strong><\/p>\n<p>[\/vc_column_text][vc_empty_space height=\u00a0\u00bb10px\u00a0\u00bb][vc_column_text]<\/p>\n<p style=\"text-align: left;\"><span class=\"hotkey-layer \"><span class=\"hotkey-layer preview-overlay is-preview-sidebar-visible\">Budget<\/span><\/span><\/p>\n<p style=\"text-align: left;\"><strong><span class=\"hotkey-layer \"><span class=\"hotkey-layer preview-overlay is-preview-sidebar-visible\">4.25 M\u20ac<\/span><\/span><\/strong><\/p>\n<p>[\/vc_column_text][vc_empty_space height=\u00a0\u00bb10px\u00a0\u00bb][vc_column_text]<\/p>\n<p style=\"text-align: left;\"><span class=\"hotkey-layer \"><span class=\"hotkey-layer preview-overlay is-preview-sidebar-visible\">Mission<\/span><\/span><\/p>\n<p style=\"text-align: left;\"><strong><span class=\"hotkey-layer \"><span class=\"hotkey-layer preview-overlay is-preview-sidebar-visible\">Compl\u00e8te<\/span><\/span><\/strong><\/p>\n<p>[\/vc_column_text][vc_empty_space height=\u00a0\u00bb10px\u00a0\u00bb][vc_column_text]<\/p>\n<p style=\"text-align: left;\"><span class=\"hotkey-layer \"><span class=\"hotkey-layer preview-overlay is-preview-sidebar-visible\">S.H.O.N.<\/span><\/span><\/p>\n<p style=\"text-align: left;\"><strong><span class=\"hotkey-layer \"><span class=\"hotkey-layer preview-overlay is-preview-sidebar-visible\">6200 m\u00b2 <\/span><\/span><\/strong><\/p>\n<p style=\"text-align: left;\"><strong><span class=\"hotkey-layer \"><span class=\"hotkey-layer preview-overlay is-preview-sidebar-visible\">\u00a0<\/span><\/span><\/strong><\/p>\n<p>[\/vc_column_text][\/vc_column_inner][\/vc_row_inner]\t<\/div>\n<\/div>\n<\/div>[\/vc_column][vc_column][vc_empty_space height=\u00a0\u00bb25&Prime;][\/vc_column][\/vc_row][vc_row css=\u00a0\u00bb.vc_custom_1606379576758{margin-right: -450px !important;margin-left: -50px !important;}\u00a0\u00bb][vc_column width=\u00a0\u00bb1\/3&Prime;]<a href=\"http:\/\/mellor-ribet.com\/index.php\/architecture\/maison-individuelle\/\" target=\"_self\" style=\"color: #dd9933;border-color: #ffffff\" class=\"qodef-btn qodef-btn-medium qodef-btn-outline qodef-btn-custom-hover-color qodef-btn-icon\" data-hover-color=\"#ffffff\" >\n    <span class=\"qodef-btn-text\"><\/span>\n    <i class=\"qodef-icon-simple-line-icon icon-arrow-left \" ><\/i><\/a>[\/vc_column][vc_column width=\u00a0\u00bb1\/3&Prime;]<a href=\"http:\/\/mellor-ribet.com\/index.php\/architecture\/\" target=\"_self\" style=\"border-color: #ffffff\" class=\"qodef-btn qodef-btn-medium qodef-btn-outline qodef-btn-icon\"  >\n    <span class=\"qodef-btn-text\"><\/span>\n    <i class=\"qodef-icon-linea-icon icon-software-shape-roundedrectangle \" ><\/i><\/a>[\/vc_column][vc_column width=\u00a0\u00bb1\/3&Prime; css=\u00a0\u00bb.vc_custom_1606379233669{margin-right: px !important;}\u00a0\u00bb]<a href=\"http:\/\/mellor-ribet.com\/index.php\/architecture\/creation-rie\/\" target=\"_self\" style=\"border-color: #ffffff;font-weight: 600\" class=\"qodef-btn qodef-btn-medium qodef-btn-outline qodef-btn-custom-hover-bg qodef-btn-custom-border-hover qodef-btn-custom-hover-color qodef-btn-icon\" data-hover-bg-color=\"#ffffff\" data-hover-color=\"#dd9933\" data-hover-border-color=\"#ffffff\" >\n    <span class=\"qodef-btn-text\"><\/span>\n    <i class=\"qodef-icon-simple-line-icon icon-arrow-right \" ><\/i><\/a>[\/vc_column][\/vc_row]<\/p>\n","protected":false},"excerpt":{"rendered":"<p>[vc_row][vc_column][vc_empty_space height=\u00a0\u00bb30px\u00a0\u00bb][\/vc_column][\/vc_row][vc_row][vc_column width=\u00a0\u00bb1\/2&Prime;][vc_row_inner css=\u00a0\u00bb.vc_custom_1605624099418{margin-left: -15px !important;}\u00a0\u00bb][vc_column_inner width=\u00a0\u00bb2\/3&Prime;][vc_column_text] R\u00e9habilitation d\u2019un si\u00e8ge social + RIE [\/vc_column_text][vc_empty_space height=\u00a0\u00bb6px\u00a0\u00bb][vc_column_text][\/vc_column_text][vc_column_text css=\u00a0\u00bb.vc_custom_1607330768804{margin-right: px !important;}\u00a0\u00bb] Boulogne billancourt [\/vc_column_text][vc_empty_space height=\u00a0\u00bb6px\u00a0\u00bb][vc_empty_space height=\u00a0\u00bb10px\u00a0\u00bb][vc_column_text] LIVRAISON : Juillet 2003 &nbsp; R\u00e9habilitation totale d\u2019un b\u00e2timent des ann\u00e9es soixante-dix, ce projet s\u2019inscrit dans le cadre d\u2019une charte de r\u00e9organisationinterne&#8230;<\/p>\n","protected":false},"author":2,"featured_media":3847,"parent":3424,"menu_order":0,"comment_status":"closed","ping_status":"closed","template":"","meta":[],"_links":{"self":[{"href":"https:\/\/mellor-ribet.com\/index.php\/wp-json\/wp\/v2\/pages\/3837"}],"collection":[{"href":"https:\/\/mellor-ribet.com\/index.php\/wp-json\/wp\/v2\/pages"}],"about":[{"href":"https:\/\/mellor-ribet.com\/index.php\/wp-json\/wp\/v2\/types\/page"}],"author":[{"embeddable":true,"href":"https:\/\/mellor-ribet.com\/index.php\/wp-json\/wp\/v2\/users\/2"}],"replies":[{"embeddable":true,"href":"https:\/\/mellor-ribet.com\/index.php\/wp-json\/wp\/v2\/comments?post=3837"}],"version-history":[{"count":11,"href":"https:\/\/mellor-ribet.com\/index.php\/wp-json\/wp\/v2\/pages\/3837\/revisions"}],"predecessor-version":[{"id":5103,"href":"https:\/\/mellor-ribet.com\/index.php\/wp-json\/wp\/v2\/pages\/3837\/revisions\/5103"}],"up":[{"embeddable":true,"href":"https:\/\/mellor-ribet.com\/index.php\/wp-json\/wp\/v2\/pages\/3424"}],"wp:featuredmedia":[{"embeddable":true,"href":"https:\/\/mellor-ribet.com\/index.php\/wp-json\/wp\/v2\/media\/3847"}],"wp:attachment":[{"href":"https:\/\/mellor-ribet.com\/index.php\/wp-json\/wp\/v2\/media?parent=3837"}],"curies":[{"name":"wp","href":"https:\/\/api.w.org\/{rel}","templated":true}]}}