{"id":3859,"date":"2020-12-07T11:44:53","date_gmt":"2020-12-07T10:44:53","guid":{"rendered":"http:\/\/mellor-ribet.com\/?page_id=3859"},"modified":"2021-02-17T10:46:50","modified_gmt":"2021-02-17T09:46:50","slug":"mentions-legales","status":"publish","type":"page","link":"https:\/\/mellor-ribet.com\/index.php\/mentions-legales\/","title":{"rendered":"Mentions l\u00e9gales"},"content":{"rendered":"<p>[vc_row][vc_column][vc_empty_space][vc_column_text]<\/p>\n<h3 style=\"text-align: justify;\"><strong>Mentions L\u00e9gales<\/strong><\/h3>\n<h4 style=\"text-align: justify;\"><strong>Propri\u00e9t\u00e9 intellectuelle :<\/strong><\/h4>\n<p>&nbsp;<\/p>\n<p>Les textes et images diffus\u00e9s sur le site sont la propri\u00e9t\u00e9 exclusive de Studio Mellor Ribet et ne peuvent \u00eatre t\u00e9l\u00e9charg\u00e9s, diffus\u00e9s, stock\u00e9s ou enregistr\u00e9s, conform\u00e9ment aux textes et dispositions r\u00e9gissant les droits d&rsquo;auteur, les droits de propri\u00e9t\u00e9 litt\u00e9raire et artistique et\/ou les droits voisins. La modification, la r\u00e9utilisation, la retransmission des textes et images du pr\u00e9sent site sont interdites sauf autorisation pr\u00e9alable du Studio Mellor Ribet.<\/p>\n<p>&nbsp;<\/p>\n<h4><strong>Responsabilit\u00e9 :<\/strong><\/h4>\n<p style=\"text-align: justify;\">La responsabilit\u00e9 du <em>studio mellor ribet<\/em> ne saurait \u00eatre engag\u00e9e au titre d&rsquo;un site tiers auquel le visiteur de <strong><em>mellor-ribet.com<\/em><\/strong> acc\u00e9derait via le pr\u00e9sent site gr\u00e2ce \u00e0 un lien hypertexte. Les contenus des sites tiers engagent la seule responsabilit\u00e9 de leurs \u00e9diteurs respectifs. L&rsquo;existence d&rsquo;un lien entre le site mellor-ribet.com et un site tiers ne signifie en aucun cas que<strong><em> studio Mellor Ribet<\/em> <\/strong>cautionne le contenu de ce site et a fortiori l&rsquo;usage qui pourrait en \u00eatre fait. Le studio Mellor Ribet ne pourrait en particulier \u00eatre tenue pour responsable d&rsquo;une \u00e9ventuelle attaque de virus ou autre parasite informatique transitant par ces sites tiers. Tout lien avec le site <strong><em>mellor-ribet.com<\/em><\/strong> doit faire pr\u00e9alablement l&rsquo;objet d&rsquo;une information adress\u00e9e par e-mail \u00e0 studio@mellor-ribet.com, studio mellor ribet se r\u00e9servant le droit d&rsquo;exiger la suppression de ce lien. En aucun cas le studio Mellor Ribet ne sera tenue pour responsable des dommages directs, indirects ou sp\u00e9ciaux r\u00e9sultant de l&rsquo;usage du pr\u00e9sent site\u00a0 et\/ou de l&rsquo;interpr\u00e9tation de ses contenus. Notamment, le studio Mellor Ribet ne pourra \u00eatre tenue pour responsable de toute perte d&rsquo;exploitation, commerciale, financi\u00e8re ou de toute perte de programmes ou de donn\u00e9es dans les syst\u00e8mes informatiques des visiteurs du site. Conform\u00e9ment \u00e0 la l\u00e9gislation en vigueur, vous disposez d&rsquo;un droit d&rsquo;acc\u00e8s, de modification,de rectification et de suppression des donn\u00e9es nominatives qui vous concernent, en adressant votre demande exclusivement par mail \u00e0 studio@mellor-ribet.com. Le studio Mellor Ribet s&rsquo;engage en outre \u00e0 prendre toutes pr\u00e9cautions utiles afin de prot\u00e9ger les donn\u00e9es \u00e0 caract\u00e8re personnel trait\u00e9es par ses services, et notamment d&#8217;emp\u00eacher qu&rsquo;elles ne soient d\u00e9form\u00e9es, endommag\u00e9es ou communiqu\u00e9es \u00e0 des tiers non autoris\u00e9s.<\/p>\n<p>&nbsp;<\/p>\n<h4>H\u00e9bergement :<\/h4>\n<p>Le prestataire assurant l&rsquo;h\u00e9bergement du site est &#8230; ?<\/p>\n<p>&nbsp;<\/p>\n<p>Editeur du site et directeur de publication<\/p>\n<p>Site web r\u00e9alis\u00e9 et en maintenance r\u00e9guli\u00e8re<\/p>\n<h4><\/h4>\n<h4>Cr\u00e9dit \/ remerciements :<\/h4>\n<p>H\u00e9lo\u00efse Fontaine<br \/>\nhttps:\/\/artemisdsdbiscottes.hubside.fr\/[\/vc_column_text][vc_empty_space height=\u00a0\u00bb64px\u00a0\u00bb][\/vc_column][\/vc_row]<\/p>\n","protected":false},"excerpt":{"rendered":"<p>[vc_row][vc_column][vc_empty_space][vc_column_text] Mentions L\u00e9gales Propri\u00e9t\u00e9 intellectuelle : &nbsp; Les textes et images diffus\u00e9s sur le site sont la propri\u00e9t\u00e9 exclusive de Studio Mellor Ribet et ne peuvent \u00eatre t\u00e9l\u00e9charg\u00e9s, diffus\u00e9s, stock\u00e9s ou enregistr\u00e9s, conform\u00e9ment aux textes et dispositions r\u00e9gissant les droits d&rsquo;auteur, les droits de propri\u00e9t\u00e9&#8230;<\/p>\n","protected":false},"author":2,"featured_media":0,"parent":0,"menu_order":0,"comment_status":"closed","ping_status":"closed","template":"","meta":[],"_links":{"self":[{"href":"https:\/\/mellor-ribet.com\/index.php\/wp-json\/wp\/v2\/pages\/3859"}],"collection":[{"href":"https:\/\/mellor-ribet.com\/index.php\/wp-json\/wp\/v2\/pages"}],"about":[{"href":"https:\/\/mellor-ribet.com\/index.php\/wp-json\/wp\/v2\/types\/page"}],"author":[{"embeddable":true,"href":"https:\/\/mellor-ribet.com\/index.php\/wp-json\/wp\/v2\/users\/2"}],"replies":[{"embeddable":true,"href":"https:\/\/mellor-ribet.com\/index.php\/wp-json\/wp\/v2\/comments?post=3859"}],"version-history":[{"count":6,"href":"https:\/\/mellor-ribet.com\/index.php\/wp-json\/wp\/v2\/pages\/3859\/revisions"}],"predecessor-version":[{"id":4837,"href":"https:\/\/mellor-ribet.com\/index.php\/wp-json\/wp\/v2\/pages\/3859\/revisions\/4837"}],"wp:attachment":[{"href":"https:\/\/mellor-ribet.com\/index.php\/wp-json\/wp\/v2\/media?parent=3859"}],"curies":[{"name":"wp","href":"https:\/\/api.w.org\/{rel}","templated":true}]}}