{"id":3945,"date":"2020-12-09T14:16:02","date_gmt":"2020-12-09T13:16:02","guid":{"rendered":"http:\/\/mellor-ribet.com\/?page_id=3945"},"modified":"2021-01-19T17:06:10","modified_gmt":"2021-01-19T16:06:10","slug":"marioka","status":"publish","type":"page","link":"https:\/\/mellor-ribet.com\/index.php\/accueil\/art-urbain\/marioka\/","title":{"rendered":"Arbre \u00e9lectronique"},"content":{"rendered":"<p>[vc_row][vc_column][vc_empty_space height=\u00a0\u00bb30px\u00a0\u00bb][\/vc_column][\/vc_row][vc_row][vc_column width=\u00a0\u00bb1\/2&Prime;][vc_row_inner css=\u00a0\u00bb.vc_custom_1605624099418{margin-left: -15px !important;}\u00a0\u00bb][vc_column_inner width=\u00a0\u00bb2\/3&Prime;][vc_column_text]<\/p>\n<h3><strong><span class=\"hotkey-layer \"><span class=\"hotkey-layer preview-overlay is-preview-sidebar-visible\">Arbre \u00e9lectronique<br \/>\n<\/span><\/span><\/strong><\/h3>\n<p><strong><span class=\"hotkey-layer \"><span class=\"hotkey-layer preview-overlay is-preview-sidebar-visible\">Assistance technique \u00e0 l&rsquo;artiste Piotr KOWALSKI<\/span><\/span><\/strong><\/p>\n<h3><strong>\u00a0<\/strong><\/h3>\n<p>[\/vc_column_text][vc_empty_space height=\u00a0\u00bb6px\u00a0\u00bb][vc_column_text][\/vc_column_text][vc_column_text css=\u00a0\u00bb.vc_custom_1607519443614{margin-right: px !important;}\u00a0\u00bb]<\/p>\n<h5><span class=\"hotkey-layer \"><span class=\"hotkey-layer preview-overlay is-preview-sidebar-visible\">Marioka, Japon<br \/>\n<\/span><\/span><\/h5>\n<p>[\/vc_column_text][vc_empty_space height=\u00a0\u00bb6px\u00a0\u00bb]<div class=\"qodef-separator-holder clearfix  qodef-separator-left\">\n\t<div class=\"qodef-separator\" style=\"border-color: #fe9a00;border-style: solid;width: 350px;border-bottom-width: 2pxpx\"><\/div>\n<\/div>\n[vc_empty_space height=\u00a0\u00bb10px\u00a0\u00bb][vc_column_text]<\/p>\n<p style=\"text-align: justify;\"><span class=\"hotkey-layer \"><span class=\"hotkey-layer preview-overlay is-preview-sidebar-visible\">Destin\u00e9 \u00e0 \u00eatre install\u00e9e dans un b\u00e2timent multifonction de la Pr\u00e9fecture d\u2019Iwate \u00e0 Morioka au Japon, l\u2019arbre \u00e9lectronique est la derni\u00e8re \u0153uvre du sculpteur Piotr KOWALSKI. Am\u00e9nag\u00e9 sur une mezzanine au 4\u00e8me \u00e9tage d\u2019un atrium, l\u2019arbre, construit en acier et aluminium, est anim\u00e9 par le mouvement de ses branches et une lumi\u00e8re de couleur variable \u00e9manant de ses feuilles. Au moyen de sondes, situ\u00e9es \u00e0 l\u2019ext\u00e9rieur du b\u00e2timent, l\u2019animation de l\u2019arbre est orchestr\u00e9e par les vents ext\u00e9rieurs, par leur direction et force, et par l\u2019\u00e9volution du parcours du soleil. Le mouvement, le changement de nuance des couleurs et la forme organique de l\u2019\u0153uvre font, pour les usagers du b\u00e2timent, un lien avec la nature, \u00e9trang\u00e8re dans ce lieu artificiel fait par l\u2019homme. La r\u00e9alisation de l\u2019arbre est soumise \u00e0 des contraintes techniques de fonctionnement de l\u2019\u0153uvre combin\u00e9es avec celles d\u2019une \u2019installation dans un ERP en zone sismique.<\/span><\/span><\/p>\n<p>[\/vc_column_text][vc_empty_space height=\u00a0\u00bb10px\u00a0\u00bb]<div class=\"qodef-separator-holder clearfix  qodef-separator-left\">\n\t<div class=\"qodef-separator\" style=\"border-color: #fe9a00;border-style: solid;width: 350px;border-bottom-width: 2pxpx\"><\/div>\n<\/div>\n[\/vc_column_inner][vc_column_inner width=\u00a0\u00bb1\/3&Prime;][\/vc_column_inner][\/vc_row_inner][vc_empty_space height=\u00a0\u00bb25&Prime;][\/vc_column][vc_column width=\u00a0\u00bb1\/2&Prime;][vc_empty_space height=\u00a0\u00bb20px\u00a0\u00bb]<div class=\"qodef-image-gallery\">\n\t<div class=\"qodef-image-gallery-slider\" data-autoplay=\"3\" data-navigation=\"no\" data-pagination=\"yes\">\n\t\t\t\t\t\t<a href=\"https:\/\/mellor-ribet.com\/wp-content\/uploads\/2021\/01\/PK_SMR_morioka_06.jpg\" data-rel=\"prettyPhoto[single_pretty_photo]\" title=\"PK_SMR_morioka_06\">\n\t\t\t\t\t\t\t<img src=\"https:\/\/mellor-ribet.com\/wp-content\/uploads\/2021\/01\/PK_SMR_morioka_06.jpg\" alt=\"PK_SMR_morioka_06\" width=\"1024\" height=\"683\">\n\t\t\t\t\t\t\t<\/a>\n\t\t\t\t\t\t\t<a href=\"https:\/\/mellor-ribet.com\/wp-content\/uploads\/2021\/01\/PK_SMR_morioka_03.jpg\" data-rel=\"prettyPhoto[single_pretty_photo]\" title=\"PK_SMR_morioka_03\">\n\t\t\t\t\t\t\t<img src=\"https:\/\/mellor-ribet.com\/wp-content\/uploads\/2021\/01\/PK_SMR_morioka_03.jpg\" alt=\"PK_SMR_morioka_03\" width=\"1024\" height=\"683\">\n\t\t\t\t\t\t\t<\/a>\n\t\t\t\t\t\t\t<a href=\"https:\/\/mellor-ribet.com\/wp-content\/uploads\/2021\/01\/PK_SMR_morioka_04.jpg\" data-rel=\"prettyPhoto[single_pretty_photo]\" title=\"PK_SMR_morioka_04\">\n\t\t\t\t\t\t\t<img src=\"https:\/\/mellor-ribet.com\/wp-content\/uploads\/2021\/01\/PK_SMR_morioka_04.jpg\" alt=\"PK_SMR_morioka_04\" width=\"1024\" height=\"683\">\n\t\t\t\t\t\t\t<\/a>\n\t\t\t\t\t\t\t<a href=\"https:\/\/mellor-ribet.com\/wp-content\/uploads\/2021\/01\/PK_SMR_morioka_01.jpg\" data-rel=\"prettyPhoto[single_pretty_photo]\" title=\"PK_SMR_morioka_01\">\n\t\t\t\t\t\t\t<img src=\"https:\/\/mellor-ribet.com\/wp-content\/uploads\/2021\/01\/PK_SMR_morioka_01.jpg\" alt=\"PK_SMR_morioka_01\" width=\"1024\" height=\"683\">\n\t\t\t\t\t\t\t<\/a>\n\t\t\t\t\t\t\t<a href=\"https:\/\/mellor-ribet.com\/wp-content\/uploads\/2021\/01\/PK_SMR_morioka_02.jpg\" data-rel=\"prettyPhoto[single_pretty_photo]\" title=\"PK_SMR_morioka_02\">\n\t\t\t\t\t\t\t<img src=\"https:\/\/mellor-ribet.com\/wp-content\/uploads\/2021\/01\/PK_SMR_morioka_02.jpg\" alt=\"PK_SMR_morioka_02\" width=\"1024\" height=\"683\">\n\t\t\t\t\t\t\t<\/a>\n\t\t\t\t\t\t\t<a href=\"https:\/\/mellor-ribet.com\/wp-content\/uploads\/2021\/01\/PK_SMR_morioka_05-1024x683.jpg\" data-rel=\"prettyPhoto[single_pretty_photo]\" title=\"PK_SMR_morioka_05\">\n\t\t\t\t\t\t\t<img src=\"https:\/\/mellor-ribet.com\/wp-content\/uploads\/2021\/01\/PK_SMR_morioka_05-1024x683.jpg\" alt=\"PK_SMR_morioka_05\" width=\"1024\" height=\"683\">\n\t\t\t\t\t\t\t<\/a>\n\t\t\t\t<\/div>\n<\/div>[vc_empty_space]<div class=\"qodef-accordion-holder clearfix qodef-toggle qodef-initial \">\n\t<h4 class=\"clearfix qodef-title-holder\">\n\t<span class=\"qodef-accordion-mark qodef-left-mark\">\n\t\t<span class=\"qodef-accordion-mark-icon\">\n\t\t\t<i class=\"fa fa-minus\"><\/i>\n\t\t\t<i class=\"fa fa-plus\"><\/i>\n\t\t<\/span>\n\t<\/span>\n\t<span class=\"qodef-tab-title\">\n\t\t<span class=\"qodef-tab-title-inner\">\n\t\t\tEn savoir plus\t\t<\/span>\n\t<\/span>\n<\/h4>\n<div class=\"qodef-accordion-content\">\n\t<div class=\"qodef-accordion-content-inner\">\n\t\t[vc_row_inner css=\u00a0\u00bb.vc_custom_1605600590542{margin-right: -px !important;}\u00a0\u00bb][vc_column_inner][vc_column_text]<\/p>\n<p style=\"text-align: left;\"><span class=\"hotkey-layer \"><span class=\"hotkey-layer preview-overlay is-preview-sidebar-visible\">Ma\u00eetre d&rsquo;Ouvrage<br \/>\n<\/span><\/span><\/p>\n<p style=\"text-align: left;\"><strong><span class=\"hotkey-layer \"><span class=\"hotkey-layer preview-overlay is-preview-sidebar-visible\">PREFECTURE D\u2019IWATE<\/span><\/span><\/strong><\/p>\n<p>[\/vc_column_text][vc_column_text]<\/p>\n<p style=\"text-align: left;\"><span class=\"hotkey-layer \"><span class=\"hotkey-layer preview-overlay is-preview-sidebar-visible\">Artiste<br \/>\n<\/span><\/span><\/p>\n<p style=\"text-align: left;\"><strong><span class=\"hotkey-layer \"><span class=\"hotkey-layer preview-overlay is-preview-sidebar-visible\">Piotr KOWALSKI<\/span><\/span><\/strong><\/p>\n<p>[\/vc_column_text][vc_column_text]<\/p>\n<p style=\"text-align: left;\"><span class=\"hotkey-layer \"><span class=\"hotkey-layer preview-overlay is-preview-sidebar-visible\">Co\u00fbt<\/span><\/span><\/p>\n<p style=\"text-align: left;\"><strong><span class=\"hotkey-layer \"><span class=\"hotkey-layer preview-overlay is-preview-sidebar-visible\">213k\u20ac HT<\/span><\/span><\/strong><\/p>\n<p>[\/vc_column_text][vc_column_text]<\/p>\n<p style=\"text-align: left;\"><span class=\"hotkey-layer \"><span class=\"hotkey-layer preview-overlay is-preview-sidebar-visible\">Livraison<\/span><\/span><\/p>\n<p style=\"text-align: left;\"><strong><span class=\"hotkey-layer \"><span class=\"hotkey-layer preview-overlay is-preview-sidebar-visible\">JUIN 2005<\/span><\/span><\/strong><\/p>\n<p>[\/vc_column_text][\/vc_column_inner][\/vc_row_inner]\t<\/div>\n<\/div>\n<\/div>[\/vc_column][vc_column][vc_empty_space height=\u00a0\u00bb25&Prime;][\/vc_column][\/vc_row][vc_row css=\u00a0\u00bb.vc_custom_1606379576758{margin-right: -450px !important;margin-left: -50px !important;}\u00a0\u00bb][vc_column width=\u00a0\u00bb1\/3&Prime;]<a href=\"http:\/\/mellor-ribet.com\/index.php\/accueil\/art-urbain\/installation-lumiere\/\" target=\"_self\" style=\"color: #dd9933;border-color: #ffffff\" class=\"qodef-btn qodef-btn-medium qodef-btn-outline qodef-btn-custom-hover-color qodef-btn-icon\" data-hover-color=\"#ffffff\" >\n    <span class=\"qodef-btn-text\"><\/span>\n    <i class=\"qodef-icon-simple-line-icon icon-arrow-left \" ><\/i><\/a>[\/vc_column][vc_column width=\u00a0\u00bb1\/3&Prime;]<a href=\"http:\/\/mellor-ribet.com\/index.php\/accueil\/art-urbain\/\" target=\"_self\" style=\"border-color: #ffffff\" class=\"qodef-btn qodef-btn-medium qodef-btn-outline qodef-btn-icon\"  >\n    <span class=\"qodef-btn-text\"><\/span>\n    <i class=\"qodef-icon-linea-icon icon-software-shape-roundedrectangle \" ><\/i><\/a>[\/vc_column][vc_column width=\u00a0\u00bb1\/3&Prime; css=\u00a0\u00bb.vc_custom_1606379233669{margin-right: px !important;}\u00a0\u00bb]<a href=\"http:\/\/mellor-ribet.com\/index.php\/accueil\/art-urbain\/airwheels\/\" target=\"_self\" style=\"color: #dd9933;border-color: #ffffff;font-weight: 600\" class=\"qodef-btn qodef-btn-medium qodef-btn-outline qodef-btn-custom-border-hover qodef-btn-icon\" data-hover-border-color=\"#ffffff\" >\n    <span class=\"qodef-btn-text\"><\/span>\n    <i class=\"qodef-icon-simple-line-icon icon-arrow-right \" ><\/i><\/a>[\/vc_column][\/vc_row]<\/p>\n","protected":false},"excerpt":{"rendered":"<p>[vc_row][vc_column][vc_empty_space height=\u00a0\u00bb30px\u00a0\u00bb][\/vc_column][\/vc_row][vc_row][vc_column width=\u00a0\u00bb1\/2&Prime;][vc_row_inner css=\u00a0\u00bb.vc_custom_1605624099418{margin-left: -15px !important;}\u00a0\u00bb][vc_column_inner width=\u00a0\u00bb2\/3&Prime;][vc_column_text] Arbre \u00e9lectronique Assistance technique \u00e0 l&rsquo;artiste Piotr KOWALSKI \u00a0 [\/vc_column_text][vc_empty_space height=\u00a0\u00bb6px\u00a0\u00bb][vc_column_text][\/vc_column_text][vc_column_text css=\u00a0\u00bb.vc_custom_1607519443614{margin-right: px !important;}\u00a0\u00bb] Marioka, Japon [\/vc_column_text][vc_empty_space height=\u00a0\u00bb6px\u00a0\u00bb][vc_empty_space height=\u00a0\u00bb10px\u00a0\u00bb][vc_column_text] Destin\u00e9 \u00e0 \u00eatre install\u00e9e dans un b\u00e2timent multifonction de la Pr\u00e9fecture d\u2019Iwate \u00e0 Morioka au Japon, l\u2019arbre \u00e9lectronique est&#8230;<\/p>\n","protected":false},"author":2,"featured_media":0,"parent":3435,"menu_order":0,"comment_status":"closed","ping_status":"closed","template":"","meta":[],"_links":{"self":[{"href":"https:\/\/mellor-ribet.com\/index.php\/wp-json\/wp\/v2\/pages\/3945"}],"collection":[{"href":"https:\/\/mellor-ribet.com\/index.php\/wp-json\/wp\/v2\/pages"}],"about":[{"href":"https:\/\/mellor-ribet.com\/index.php\/wp-json\/wp\/v2\/types\/page"}],"author":[{"embeddable":true,"href":"https:\/\/mellor-ribet.com\/index.php\/wp-json\/wp\/v2\/users\/2"}],"replies":[{"embeddable":true,"href":"https:\/\/mellor-ribet.com\/index.php\/wp-json\/wp\/v2\/comments?post=3945"}],"version-history":[{"count":9,"href":"https:\/\/mellor-ribet.com\/index.php\/wp-json\/wp\/v2\/pages\/3945\/revisions"}],"predecessor-version":[{"id":4449,"href":"https:\/\/mellor-ribet.com\/index.php\/wp-json\/wp\/v2\/pages\/3945\/revisions\/4449"}],"up":[{"embeddable":true,"href":"https:\/\/mellor-ribet.com\/index.php\/wp-json\/wp\/v2\/pages\/3435"}],"wp:attachment":[{"href":"https:\/\/mellor-ribet.com\/index.php\/wp-json\/wp\/v2\/media?parent=3945"}],"curies":[{"name":"wp","href":"https:\/\/api.w.org\/{rel}","templated":true}]}}