{"id":4087,"date":"2020-12-15T15:02:56","date_gmt":"2020-12-15T14:02:56","guid":{"rendered":"http:\/\/mellor-ribet.com\/?page_id=4087"},"modified":"2021-02-25T15:32:29","modified_gmt":"2021-02-25T14:32:29","slug":"maison-bioclimatique","status":"publish","type":"page","link":"https:\/\/mellor-ribet.com\/index.php\/archives\/maison-bioclimatique\/","title":{"rendered":"Maison Bioclimatique"},"content":{"rendered":"<p>[vc_row][vc_column width=\u00a0\u00bb1\/2&Prime;][vc_row_inner css=\u00a0\u00bb.vc_custom_1605624099418{margin-left: -15px !important;}\u00a0\u00bb][vc_column_inner width=\u00a0\u00bb2\/3&Prime;][vc_column_text]<\/p>\n<h3><span class=\"hotkey-layer \"><span class=\"hotkey-layer preview-overlay is-preview-sidebar-visible\">Maison bioclimatique<\/span><\/span><\/h3>\n<p>[\/vc_column_text][vc_empty_space height=\u00a0\u00bb12&Prime;][vc_column_text][\/vc_column_text][vc_column_text css=\u00a0\u00bb.vc_custom_1608041768917{margin-right: px !important;}\u00a0\u00bb]<\/p>\n<h5 style=\"text-align: left;\"><span class=\"hotkey-layer \"><span class=\"hotkey-layer preview-overlay is-preview-sidebar-visible\">Mus\u00e9e des Arts et M\u00e9tiers, Paris<br \/>\n<\/span><\/span><\/h5>\n<p>[\/vc_column_text][vc_empty_space height=\u00a0\u00bb12px\u00a0\u00bb]<div class=\"qodef-separator-holder clearfix  qodef-separator-left\">\n\t<div class=\"qodef-separator\" style=\"border-color: #fe9a00;border-style: solid;width: 350px;border-bottom-width: 2pxpx\"><\/div>\n<\/div>\n[vc_empty_space height=\u00a0\u00bb10px\u00a0\u00bb][vc_column_text]<\/p>\n<p style=\"text-align: justify;\"><span class=\"hotkey-layer \"><span class=\"hotkey-layer preview-overlay is-preview-sidebar-visible\">Con\u00e7u comme prototype de maison solaire, le projet int\u00e8gre les grands principes de conservation et ma\u00eetrise de l\u2019\u00e9nergie. En forme de maquette reli\u00e9e \u00e0 un micro-ordinateur, la maison devient un outil p\u00e9dagogique. Une s\u00e9rie d\u2019\u00e9crans tactiles explique l\u2019interaction entre la nature et la maison: <\/span><\/span><\/p>\n<p style=\"text-align: justify;\"><span class=\"hotkey-layer \"><span class=\"hotkey-layer preview-overlay is-preview-sidebar-visible\">HIVER Tr\u00e8s bas et peu pr\u00e9sent, chaque rayon du soleil est pr\u00e9cieux. Le design de la fa\u00e7ade laisse rentrer sa chaleur et sa lumi\u00e8re profond\u00e9ment dans la maison. D\u00e8s que la nuit tombe les volets isol\u00e9s se referment<\/span><\/span><\/p>\n<p style=\"text-align: justify;\"><span class=\"hotkey-layer \"><span class=\"hotkey-layer preview-overlay is-preview-sidebar-visible\">EQUINOXE Printemps et Automne. La maison avec ses capteurs solaires et son inertie thermique \u00e9quilibre les amplitudes de temp\u00e9rature entre jour et nuit et entre journ\u00e9e ensoleill\u00e9e et journ\u00e9e couverte.<\/span><\/span><\/p>\n<p style=\"text-align: justify;\"><span class=\"hotkey-layer \"><span class=\"hotkey-layer preview-overlay is-preview-sidebar-visible\">ETE Soleil haut et journ\u00e9es longues. La maison est prot\u00e9g\u00e9e par un brise soleil et des arbre feuillus. La ventilation naturelle estaugment\u00e9e, la terre sert de r\u00e9servoir de froid. On profite pleinement de l\u2019\u00e9lectricit\u00e9 des panneaux photovolta\u00efques.<\/span><\/span><\/p>\n<p style=\"text-align: justify;\"><span class=\"hotkey-layer \"><span class=\"hotkey-layer preview-overlay is-preview-sidebar-visible\">LES ECRANS<\/span><\/span><\/p>\n<p style=\"text-align: justify;\"><span class=\"hotkey-layer \"><span class=\"hotkey-layer preview-overlay is-preview-sidebar-visible\">(1.)CAPTEUR SOLAIRE A LIQUIDE<\/span><\/span><\/p>\n<p style=\"text-align: justify;\"><span class=\"hotkey-layer \"><span class=\"hotkey-layer preview-overlay is-preview-sidebar-visible\">(2.)CAPTEUR SOLAIRE PHOTOVOLTAIQUE <\/span><\/span><\/p>\n<p style=\"text-align: justify;\"><span class=\"hotkey-layer \"><span class=\"hotkey-layer preview-overlay is-preview-sidebar-visible\">(3.)MUR CAPTEUR <\/span><\/span><\/p>\n<p style=\"text-align: justify;\"><span class=\"hotkey-layer \"><span class=\"hotkey-layer preview-overlay is-preview-sidebar-visible\">(4.)JARDIN D\u2019HIVER<\/span><\/span><\/p>\n<p style=\"text-align: justify;\"><span class=\"hotkey-layer \"><span class=\"hotkey-layer preview-overlay is-preview-sidebar-visible\">(5.)PUIT CANADIEN<\/span><\/span><\/p>\n<p style=\"text-align: justify;\"><span class=\"hotkey-layer \"><span class=\"hotkey-layer preview-overlay is-preview-sidebar-visible\">(6.)DOUBLE VITRAGE<\/span><\/span><\/p>\n<p style=\"text-align: justify;\"><span class=\"hotkey-layer \"><span class=\"hotkey-layer preview-overlay is-preview-sidebar-visible\">(7.)INTEGRATION AU SITE<\/span><\/span><\/p>\n<p style=\"text-align: justify;\"><span class=\"hotkey-layer \"><span class=\"hotkey-layer preview-overlay is-preview-sidebar-visible\">(8.)PLANCHER SOLAIRE DIRECT<\/span><\/span><\/p>\n<p style=\"text-align: justify;\"><span class=\"hotkey-layer \"><span class=\"hotkey-layer preview-overlay is-preview-sidebar-visible\">(9.)ISOLATION THERMIQUE<\/span><\/span><\/p>\n<p style=\"text-align: justify;\"><span class=\"hotkey-layer \"><span class=\"hotkey-layer preview-overlay is-preview-sidebar-visible\"> (10.)ECLAIRAGE<\/span><\/span><\/p>\n<p>[\/vc_column_text][vc_empty_space height=\u00a0\u00bb10px\u00a0\u00bb]<div class=\"qodef-separator-holder clearfix  qodef-separator-left\">\n\t<div class=\"qodef-separator\" style=\"border-color: #fe9a00;border-style: solid;width: 350px;border-bottom-width: 2pxpx\"><\/div>\n<\/div>\n[\/vc_column_inner][vc_column_inner width=\u00a0\u00bb1\/3&Prime;][\/vc_column_inner][\/vc_row_inner][vc_empty_space height=\u00a0\u00bb25&Prime;][\/vc_column][vc_column width=\u00a0\u00bb1\/2&Prime;][vc_empty_space height=\u00a0\u00bb20px\u00a0\u00bb]<div class=\"qodef-image-gallery\">\n\t<div class=\"qodef-image-gallery-slider\" data-autoplay=\"3\" data-navigation=\"no\" data-pagination=\"yes\">\n\t\t\t\t\t\t<img src=\"https:\/\/mellor-ribet.com\/wp-content\/uploads\/2020\/11\/BK_MBIO-modified2.jpg\" alt=\"BK_MBIO modified2\" width=\"602\" height=\"378\">\n\t\t\t\t\t\t\t<img src=\"https:\/\/mellor-ribet.com\/wp-content\/uploads\/2020\/11\/BK_MBIOModified.jpg\" alt=\"BK_MBIOModified\" width=\"431\" height=\"378\">\n\t\t\t\t\t\t\t<img src=\"https:\/\/mellor-ribet.com\/wp-content\/uploads\/2020\/11\/BK_MBIO-Modified1.jpg\" alt=\"BK_MBIO Modified1\" width=\"600\" height=\"376\">\n\t\t\t\t\t\t\t<img src=\"https:\/\/mellor-ribet.com\/wp-content\/uploads\/2020\/11\/BK_MBIO-modified2-1.jpg\" alt=\"BK_MBIO modified2\" width=\"602\" height=\"378\">\n\t\t\t\t\t\t\t<img src=\"https:\/\/mellor-ribet.com\/wp-content\/uploads\/2020\/11\/BK_MBIO-Modified3.jpg\" alt=\"BK_MBIO Modified3\" width=\"250\" height=\"378\">\n\t\t\t\t<\/div>\n<\/div>[vc_empty_space]<div class=\"qodef-accordion-holder clearfix qodef-toggle qodef-initial \">\n\t<h4 class=\"clearfix qodef-title-holder\">\n\t<span class=\"qodef-accordion-mark qodef-left-mark\">\n\t\t<span class=\"qodef-accordion-mark-icon\">\n\t\t\t<i class=\"fa fa-minus\"><\/i>\n\t\t\t<i class=\"fa fa-plus\"><\/i>\n\t\t<\/span>\n\t<\/span>\n\t<span class=\"qodef-tab-title\">\n\t\t<span class=\"qodef-tab-title-inner\">\n\t\t\tEn savoir plus\t\t<\/span>\n\t<\/span>\n<\/h4>\n<div class=\"qodef-accordion-content\">\n\t<div class=\"qodef-accordion-content-inner\">\n\t\t[vc_row_inner css=\u00a0\u00bb.vc_custom_1605600590542{margin-right: -px !important;}\u00a0\u00bb][vc_column_inner][vc_column_text]<\/p>\n<p style=\"text-align: left;\"><span class=\"hotkey-layer \"><span class=\"hotkey-layer preview-overlay is-preview-sidebar-visible\">MAITRE D&rsquo; OUVRAGE <\/span><\/span><\/p>\n<p style=\"text-align: left;\"><span class=\"hotkey-layer \"><span class=\"hotkey-layer preview-overlay is-preview-sidebar-visible\"><strong>CNAMBET<\/strong> <\/span><\/span><\/p>\n<p>[\/vc_column_text][vc_empty_space height=\u00a0\u00bb10px\u00a0\u00bb][vc_column_text]<\/p>\n<p style=\"text-align: left;\"><span class=\"hotkey-layer \"><span class=\"hotkey-layer preview-overlay is-preview-sidebar-visible\">FLUIDES<\/span><\/span><\/p>\n<p style=\"text-align: left;\"><strong><span class=\"hotkey-layer \"><span class=\"hotkey-layer preview-overlay is-preview-sidebar-visible\">NOBLE Ing\u00e9nierie<\/span><\/span><\/strong><\/p>\n<p>[\/vc_column_text][vc_empty_space height=\u00a0\u00bb10px\u00a0\u00bb][vc_column_text]<\/p>\n<p style=\"text-align: left;\"><span class=\"hotkey-layer \"><span class=\"hotkey-layer preview-overlay is-preview-sidebar-visible\">PAYSAGE<\/span><\/span><\/p>\n<p style=\"text-align: left;\"><strong><span class=\"hotkey-layer \"><span class=\"hotkey-layer preview-overlay is-preview-sidebar-visible\">D.Paysage (D.HADDAD)<\/span><\/span><\/strong><\/p>\n<p>[\/vc_column_text][vc_empty_space height=\u00a0\u00bb10px\u00a0\u00bb][vc_column_text]<\/p>\n<p style=\"text-align: left;\"><span class=\"hotkey-layer \"><span class=\"hotkey-layer preview-overlay is-preview-sidebar-visible\">MAQUETTISTE<\/span><\/span><\/p>\n<p style=\"text-align: left;\"><strong><span class=\"hotkey-layer \"><span class=\"hotkey-layer preview-overlay is-preview-sidebar-visible\">Michel GOUDIN<\/span><\/span><\/strong><\/p>\n<p>[\/vc_column_text][vc_empty_space height=\u00a0\u00bb10px\u00a0\u00bb][vc_column_text]<\/p>\n<p style=\"text-align: left;\"><span class=\"hotkey-layer \"><span class=\"hotkey-layer preview-overlay is-preview-sidebar-visible\">GRAPHISME <\/span><\/span><\/p>\n<p style=\"text-align: left;\"><strong><span class=\"hotkey-layer \"><span class=\"hotkey-layer preview-overlay is-preview-sidebar-visible\">ECRANS2.26 architecture &amp; comm<\/span><\/span><\/strong><\/p>\n<p>[\/vc_column_text][vc_empty_space height=\u00a0\u00bb10px\u00a0\u00bb][vc_column_text]<\/p>\n<p style=\"text-align: left;\"><span class=\"hotkey-layer \"><span class=\"hotkey-layer preview-overlay is-preview-sidebar-visible\">INTERFACE MAQUETTE<\/span><\/span><\/p>\n<p style=\"text-align: left;\"><strong><span class=\"hotkey-layer \"><span class=\"hotkey-layer preview-overlay is-preview-sidebar-visible\">PC Engineering<\/span><\/span><\/strong><\/p>\n<p>[\/vc_column_text][vc_empty_space height=\u00a0\u00bb10px\u00a0\u00bb][vc_column_text]<span class=\"hotkey-layer \"><span class=\"hotkey-layer preview-overlay is-preview-sidebar-visible\">PROGRAMMATION<\/span><\/span><\/p>\n<p><strong><span class=\"hotkey-layer \"><span class=\"hotkey-layer preview-overlay is-preview-sidebar-visible\">Sergei LOURIE<\/span><\/span><\/strong>[\/vc_column_text][\/vc_column_inner][\/vc_row_inner]\t<\/div>\n<\/div>\n<\/div>[\/vc_column][vc_column][\/vc_column][\/vc_row][vc_row][vc_column]<div class=\"qodef-separator-holder clearfix  qodef-separator-center\">\n\t<div class=\"qodef-separator\" style=\"border-bottom-width: 2px\"><\/div>\n<\/div>\n[\/vc_column][\/vc_row][vc_row css=\u00a0\u00bb.vc_custom_1606379576758{margin-right: -450px !important;margin-left: -50px !important;}\u00a0\u00bb][vc_column width=\u00a0\u00bb1\/3&Prime;]<a href=\"http:\/\/mellor-ribet.com\/index.php\/archives\/creche\/\" target=\"_self\" style=\"color: #dd9933;border-color: #ffffff\" class=\"qodef-btn qodef-btn-medium qodef-btn-outline qodef-btn-custom-hover-color qodef-btn-icon\" data-hover-color=\"#ffffff\" >\n    <span class=\"qodef-btn-text\"><\/span>\n    <i class=\"qodef-icon-simple-line-icon icon-arrow-left \" ><\/i><\/a>[\/vc_column][vc_column width=\u00a0\u00bb1\/3&Prime;]<a href=\"http:\/\/mellor-ribet.com\/index.php\/archives\/\" target=\"_self\" style=\"border-color: #ffffff\" class=\"qodef-btn qodef-btn-medium qodef-btn-outline qodef-btn-icon\"  >\n    <span class=\"qodef-btn-text\"><\/span>\n    <i class=\"qodef-icon-linea-icon icon-software-shape-roundedrectangle \" ><\/i><\/a>[\/vc_column][vc_column width=\u00a0\u00bb1\/3&Prime; css=\u00a0\u00bb.vc_custom_1606379233669{margin-right: px !important;}\u00a0\u00bb]<a href=\"http:\/\/mellor-ribet.com\/index.php\/archives\/tour-perret\/\" target=\"_self\" style=\"border-color: #ffffff;font-weight: 600\" class=\"qodef-btn qodef-btn-medium qodef-btn-outline qodef-btn-custom-hover-bg qodef-btn-custom-border-hover qodef-btn-custom-hover-color qodef-btn-icon\" data-hover-bg-color=\"#ffffff\" data-hover-color=\"#dd9933\" data-hover-border-color=\"#ffffff\" >\n    <span class=\"qodef-btn-text\"><\/span>\n    <i class=\"qodef-icon-simple-line-icon icon-arrow-right \" ><\/i><\/a>[\/vc_column][\/vc_row][vc_row][vc_column][\/vc_column][\/vc_row]<\/p>\n","protected":false},"excerpt":{"rendered":"<p>[vc_row][vc_column width=\u00a0\u00bb1\/2&Prime;][vc_row_inner css=\u00a0\u00bb.vc_custom_1605624099418{margin-left: -15px !important;}\u00a0\u00bb][vc_column_inner width=\u00a0\u00bb2\/3&Prime;][vc_column_text] Maison bioclimatique [\/vc_column_text][vc_empty_space height=\u00a0\u00bb12&Prime;][vc_column_text][\/vc_column_text][vc_column_text css=\u00a0\u00bb.vc_custom_1608041768917{margin-right: px !important;}\u00a0\u00bb] Mus\u00e9e des Arts et M\u00e9tiers, Paris [\/vc_column_text][vc_empty_space height=\u00a0\u00bb12px\u00a0\u00bb][vc_empty_space height=\u00a0\u00bb10px\u00a0\u00bb][vc_column_text] Con\u00e7u comme prototype de maison solaire, le projet int\u00e8gre les grands principes de conservation et ma\u00eetrise de l\u2019\u00e9nergie. En forme de maquette reli\u00e9e&#8230;<\/p>\n","protected":false},"author":2,"featured_media":0,"parent":3392,"menu_order":0,"comment_status":"closed","ping_status":"closed","template":"","meta":[],"_links":{"self":[{"href":"https:\/\/mellor-ribet.com\/index.php\/wp-json\/wp\/v2\/pages\/4087"}],"collection":[{"href":"https:\/\/mellor-ribet.com\/index.php\/wp-json\/wp\/v2\/pages"}],"about":[{"href":"https:\/\/mellor-ribet.com\/index.php\/wp-json\/wp\/v2\/types\/page"}],"author":[{"embeddable":true,"href":"https:\/\/mellor-ribet.com\/index.php\/wp-json\/wp\/v2\/users\/2"}],"replies":[{"embeddable":true,"href":"https:\/\/mellor-ribet.com\/index.php\/wp-json\/wp\/v2\/comments?post=4087"}],"version-history":[{"count":8,"href":"https:\/\/mellor-ribet.com\/index.php\/wp-json\/wp\/v2\/pages\/4087\/revisions"}],"predecessor-version":[{"id":4992,"href":"https:\/\/mellor-ribet.com\/index.php\/wp-json\/wp\/v2\/pages\/4087\/revisions\/4992"}],"up":[{"embeddable":true,"href":"https:\/\/mellor-ribet.com\/index.php\/wp-json\/wp\/v2\/pages\/3392"}],"wp:attachment":[{"href":"https:\/\/mellor-ribet.com\/index.php\/wp-json\/wp\/v2\/media?parent=4087"}],"curies":[{"name":"wp","href":"https:\/\/api.w.org\/{rel}","templated":true}]}}