{"id":4164,"date":"2020-12-16T13:03:58","date_gmt":"2020-12-16T12:03:58","guid":{"rendered":"http:\/\/mellor-ribet.com\/?page_id=4164"},"modified":"2021-02-25T15:31:13","modified_gmt":"2021-02-25T14:31:13","slug":"logements","status":"publish","type":"page","link":"https:\/\/mellor-ribet.com\/index.php\/archives\/logements\/","title":{"rendered":"Logements Patios et Pavillons"},"content":{"rendered":"<p>[vc_row][vc_column width=\u00a0\u00bb1\/2&Prime;][vc_row_inner css=\u00a0\u00bb.vc_custom_1605624099418{margin-left: -15px !important;}\u00a0\u00bb][vc_column_inner width=\u00a0\u00bb2\/3&Prime;][vc_column_text]<\/p>\n<h3><span class=\"hotkey-layer \"><span class=\"hotkey-layer preview-overlay is-preview-sidebar-visible\">Logements \u2018patios\u2019 et \u2018pavillons\u2019<\/span><\/span><\/h3>\n<p>[\/vc_column_text][vc_empty_space height=\u00a0\u00bb12&Prime;][vc_column_text][\/vc_column_text][vc_column_text css=\u00a0\u00bb.vc_custom_1608120235466{margin-right: px !important;}\u00a0\u00bb]<\/p>\n<h5 style=\"text-align: left;\"><span class=\"hotkey-layer \"><span class=\"hotkey-layer preview-overlay is-preview-sidebar-visible\">ZAC reneuse, mitry-mory<\/span><\/span><\/h5>\n<p>[\/vc_column_text][vc_empty_space height=\u00a0\u00bb12px\u00a0\u00bb]<div class=\"qodef-separator-holder clearfix  qodef-separator-left\">\n\t<div class=\"qodef-separator\" style=\"border-color: #fe9a00;border-style: solid;width: 350px;border-bottom-width: 2pxpx\"><\/div>\n<\/div>\n[vc_empty_space height=\u00a0\u00bb10px\u00a0\u00bb][vc_column_text]<\/p>\n<p style=\"text-align: justify;\"><span class=\"hotkey-layer \"><span class=\"hotkey-layer preview-overlay is-preview-sidebar-visible\">Am\u00e9nagement exemplaire en mati\u00e8re d&rsquo;environnement.<\/span><\/span><\/p>\n<p style=\"text-align: justify;\"><span class=\"hotkey-layer \"><span class=\"hotkey-layer preview-overlay is-preview-sidebar-visible\">L&rsquo;ensemble des \u00e9l\u00e9ments participent \u00e0 contribuer \u00e0 unequalit\u00e9 urbaine, architecturale et environnementale. Ainsi chaque composant du projet contribue \u00e0 atteindre les objectifs affich\u00e9s par le Ma\u00eetre d\u2019Ouvrage:<\/span><\/span><\/p>\n<p style=\"text-align: justify;\"><span class=\"hotkey-layer \"><span class=\"hotkey-layer preview-overlay is-preview-sidebar-visible\">Ma\u00eetrise de l&rsquo;eau : par des toitures terrasses v\u00e9g\u00e9talis\u00e9es, captions d&rsquo;eau, limitation de l&rsquo;imperm\u00e9abilisation, r\u00e9tention des eaux et d\u00e9pollution des eaux de voirie , etc&#8230; Economie d&rsquo;\u00e9nergies et chantier propre : La typologie des b\u00e2timents en plan simples et modulaires permet de pr\u00e9-fabriquer les \u00e9l\u00e9ments constructifs (syst\u00e8mes bois) et d&rsquo;optimiser le confort thermique, limiter les d\u00e9chets chantiers&#8230; Confort des habitations : le projet permet d&rsquo;envisager des \u00e9volutions futures de mode de vie, chaque logement offre deux possibilit\u00e9s d&rsquo;extension (vertical vers des combles am\u00e9nageables et horizontal vers une toiture terrasse)<\/span><\/span><\/p>\n<p style=\"text-align: justify;\"><span class=\"hotkey-layer \"><span class=\"hotkey-layer preview-overlay is-preview-sidebar-visible\">Description sommaire: Les mat\u00e9riaux propos\u00e9s pour les fa\u00e7ades sont d\u00e9clin\u00e9s d&rsquo;une palette simple, bois ou enduit pour les parties opaques,vitrage clair et menuiseries bois pour les ouvrants. <\/span><\/span><\/p>\n<p>[\/vc_column_text][vc_empty_space height=\u00a0\u00bb10px\u00a0\u00bb]<div class=\"qodef-separator-holder clearfix  qodef-separator-left\">\n\t<div class=\"qodef-separator\" style=\"border-color: #fe9a00;border-style: solid;width: 350px;border-bottom-width: 2pxpx\"><\/div>\n<\/div>\n[\/vc_column_inner][vc_column_inner width=\u00a0\u00bb1\/3&Prime;][\/vc_column_inner][\/vc_row_inner][vc_empty_space height=\u00a0\u00bb25&Prime;][\/vc_column][vc_column width=\u00a0\u00bb1\/2&Prime;][vc_empty_space height=\u00a0\u00bb20px\u00a0\u00bb]<div class=\"qodef-image-gallery\">\n\t<div class=\"qodef-image-gallery-slider\" data-autoplay=\"5\" data-navigation=\"no\" data-pagination=\"yes\">\n\t\t\t\t\t\t<a href=\"https:\/\/mellor-ribet.com\/wp-content\/uploads\/2020\/11\/mrn_arch_mitry_fp_c.jpg\" data-rel=\"prettyPhoto[single_pretty_photo]\" title=\"mrn_arch_mitry_fp_c\">\n\t\t\t\t\t\t\t<img src=\"https:\/\/mellor-ribet.com\/wp-content\/uploads\/2020\/11\/mrn_arch_mitry_fp_c.jpg\" alt=\"mrn_arch_mitry_fp_c\" width=\"500\" height=\"500\">\n\t\t\t\t\t\t\t<\/a>\n\t\t\t\t\t\t\t<a href=\"https:\/\/mellor-ribet.com\/wp-content\/uploads\/2020\/11\/Bk_mitry_03-1.jpg\" data-rel=\"prettyPhoto[single_pretty_photo]\" title=\"Bk_mitry_03\">\n\t\t\t\t\t\t\t<img src=\"https:\/\/mellor-ribet.com\/wp-content\/uploads\/2020\/11\/Bk_mitry_03-1.jpg\" alt=\"Bk_mitry_03\" width=\"2425\" height=\"1466\">\n\t\t\t\t\t\t\t<\/a>\n\t\t\t\t\t\t\t<a href=\"https:\/\/mellor-ribet.com\/wp-content\/uploads\/2020\/11\/Bk_mitry_02-1.jpg\" data-rel=\"prettyPhoto[single_pretty_photo]\" title=\"Bk_mitry_02\">\n\t\t\t\t\t\t\t<img src=\"https:\/\/mellor-ribet.com\/wp-content\/uploads\/2020\/11\/Bk_mitry_02-1.jpg\" alt=\"Bk_mitry_02\" width=\"2190\" height=\"1251\">\n\t\t\t\t\t\t\t<\/a>\n\t\t\t\t<\/div>\n<\/div>[vc_empty_space]<div class=\"qodef-accordion-holder clearfix qodef-toggle qodef-initial \">\n\t<h4 class=\"clearfix qodef-title-holder\">\n\t<span class=\"qodef-accordion-mark qodef-left-mark\">\n\t\t<span class=\"qodef-accordion-mark-icon\">\n\t\t\t<i class=\"fa fa-minus\"><\/i>\n\t\t\t<i class=\"fa fa-plus\"><\/i>\n\t\t<\/span>\n\t<\/span>\n\t<span class=\"qodef-tab-title\">\n\t\t<span class=\"qodef-tab-title-inner\">\n\t\t\tEn savoir plus\t\t<\/span>\n\t<\/span>\n<\/h4>\n<div class=\"qodef-accordion-content\">\n\t<div class=\"qodef-accordion-content-inner\">\n\t\t[vc_row_inner css=\u00a0\u00bb.vc_custom_1605600590542{margin-right: -px !important;}\u00a0\u00bb][vc_column_inner][vc_column_text]<\/p>\n<p style=\"text-align: left;\"><span class=\"hotkey-layer \"><span class=\"hotkey-layer preview-overlay is-preview-sidebar-visible\">MAITRE D&rsquo; OUVRAGE<\/span><\/span><\/p>\n<p style=\"text-align: left;\"><strong><span class=\"hotkey-layer \"><span class=\"hotkey-layer preview-overlay is-preview-sidebar-visible\">Promoteur Priv\u00e9<\/span><\/span><\/strong><\/p>\n<p style=\"text-align: left;\"><strong><span class=\"hotkey-layer \"><span class=\"hotkey-layer preview-overlay is-preview-sidebar-visible\">\u00a0<\/span><\/span><\/strong><\/p>\n<p>[\/vc_column_text][vc_column_text]<\/p>\n<p style=\"text-align: left;\"><span class=\"hotkey-layer \"><span class=\"hotkey-layer preview-overlay is-preview-sidebar-visible\">EQUIPE MAITRISE D\u2019OEUVRE<\/span><\/span><\/p>\n<p style=\"text-align: left;\"><strong><span class=\"hotkey-layer \"><span class=\"hotkey-layer preview-overlay is-preview-sidebar-visible\">B+C Architectes M-R N Architectes<\/span><\/span><\/strong><\/p>\n<p>[\/vc_column_text][vc_column_text]<\/p>\n<p style=\"text-align: left;\"><span class=\"hotkey-layer \"><span class=\"hotkey-layer preview-overlay is-preview-sidebar-visible\">BET <\/span><\/span><\/p>\n<p style=\"text-align: left;\"><strong><span class=\"hotkey-layer \"><span class=\"hotkey-layer preview-overlay is-preview-sidebar-visible\">Euratech<br \/>\n<\/span><\/span><\/strong><\/p>\n<p>[\/vc_column_text][vc_column_text]<\/p>\n<p style=\"text-align: left;\"><span class=\"hotkey-layer \"><span class=\"hotkey-layer preview-overlay is-preview-sidebar-visible\">SURFACE <\/span><\/span><\/p>\n<p style=\"text-align: left;\"><strong><span class=\"hotkey-layer \"><span class=\"hotkey-layer preview-overlay is-preview-sidebar-visible\">7 500 m\u00b2 S.H.O.N.<\/span><\/span><\/strong><\/p>\n<p>[\/vc_column_text][vc_column_text]<\/p>\n<p style=\"text-align: left;\"><span class=\"hotkey-layer \"><span class=\"hotkey-layer preview-overlay is-preview-sidebar-visible\">MISSION <\/span><\/span><\/p>\n<p style=\"text-align: left;\"><strong><span class=\"hotkey-layer \"><span class=\"hotkey-layer preview-overlay is-preview-sidebar-visible\">Concours<\/span><\/span><\/strong><\/p>\n<p style=\"text-align: left;\"><strong><span class=\"hotkey-layer \"><span class=\"hotkey-layer preview-overlay is-preview-sidebar-visible\">\u00a0<\/span><\/span><\/strong><\/p>\n<p>[\/vc_column_text][vc_column_text]<\/p>\n<p style=\"text-align: left;\"><span class=\"hotkey-layer \"><span class=\"hotkey-layer preview-overlay is-preview-sidebar-visible\">LIVRAISON <\/span><\/span><\/p>\n<p style=\"text-align: left;\"><strong><span class=\"hotkey-layer \"><span class=\"hotkey-layer preview-overlay is-preview-sidebar-visible\">septembre 2006<\/span><\/span><\/strong><\/p>\n<p>[\/vc_column_text][\/vc_column_inner][\/vc_row_inner]\t<\/div>\n<\/div>\n<\/div>[\/vc_column][vc_column][\/vc_column][\/vc_row][vc_row][vc_column]<div class=\"qodef-separator-holder clearfix  qodef-separator-center\">\n\t<div class=\"qodef-separator\" style=\"border-bottom-width: 2px\"><\/div>\n<\/div>\n[\/vc_column][\/vc_row][vc_row css=\u00a0\u00bb.vc_custom_1606379576758{margin-right: -450px !important;margin-left: -50px !important;}\u00a0\u00bb][vc_column width=\u00a0\u00bb1\/3&Prime;]<a href=\"http:\/\/mellor-ribet.com\/index.php\/archives\/renovation-bureaux\/\" target=\"_self\" style=\"color: #dd9933;border-color: #ffffff\" class=\"qodef-btn qodef-btn-medium qodef-btn-outline qodef-btn-custom-hover-color qodef-btn-icon\" data-hover-color=\"#ffffff\" >\n    <span class=\"qodef-btn-text\"><\/span>\n    <i class=\"qodef-icon-simple-line-icon icon-arrow-left \" ><\/i><\/a>[\/vc_column][vc_column width=\u00a0\u00bb1\/3&Prime;]<a href=\"http:\/\/mellor-ribet.com\/index.php\/archives\/\" target=\"_self\" style=\"border-color: #ffffff\" class=\"qodef-btn qodef-btn-medium qodef-btn-outline qodef-btn-icon\"  >\n    <span class=\"qodef-btn-text\"><\/span>\n    <i class=\"qodef-icon-linea-icon icon-software-shape-roundedrectangle \" ><\/i><\/a>[\/vc_column][vc_column width=\u00a0\u00bb1\/3&Prime; css=\u00a0\u00bb.vc_custom_1606379233669{margin-right: px !important;}\u00a0\u00bb]<a href=\"http:\/\/mellor-ribet.com\/index.php\/archives\/appartements-londres\/\" target=\"_self\" style=\"border-color: #ffffff;font-weight: 600\" class=\"qodef-btn qodef-btn-medium qodef-btn-outline qodef-btn-custom-hover-bg qodef-btn-custom-border-hover qodef-btn-custom-hover-color qodef-btn-icon\" data-hover-bg-color=\"#ffffff\" data-hover-color=\"#dd9933\" data-hover-border-color=\"#ffffff\" >\n    <span class=\"qodef-btn-text\"><\/span>\n    <i class=\"qodef-icon-simple-line-icon icon-arrow-right \" ><\/i><\/a>[\/vc_column][\/vc_row][vc_row][vc_column][\/vc_column][\/vc_row]<\/p>\n","protected":false},"excerpt":{"rendered":"<p>[vc_row][vc_column width=\u00a0\u00bb1\/2&Prime;][vc_row_inner css=\u00a0\u00bb.vc_custom_1605624099418{margin-left: -15px !important;}\u00a0\u00bb][vc_column_inner width=\u00a0\u00bb2\/3&Prime;][vc_column_text] Logements \u2018patios\u2019 et \u2018pavillons\u2019 [\/vc_column_text][vc_empty_space height=\u00a0\u00bb12&Prime;][vc_column_text][\/vc_column_text][vc_column_text css=\u00a0\u00bb.vc_custom_1608120235466{margin-right: px !important;}\u00a0\u00bb] ZAC reneuse, mitry-mory [\/vc_column_text][vc_empty_space height=\u00a0\u00bb12px\u00a0\u00bb][vc_empty_space height=\u00a0\u00bb10px\u00a0\u00bb][vc_column_text] Am\u00e9nagement exemplaire en mati\u00e8re d&rsquo;environnement. L&rsquo;ensemble des \u00e9l\u00e9ments participent \u00e0 contribuer \u00e0 unequalit\u00e9 urbaine, architecturale et environnementale. Ainsi chaque composant du projet contribue \u00e0&#8230;<\/p>\n","protected":false},"author":2,"featured_media":0,"parent":3392,"menu_order":0,"comment_status":"closed","ping_status":"closed","template":"","meta":[],"_links":{"self":[{"href":"https:\/\/mellor-ribet.com\/index.php\/wp-json\/wp\/v2\/pages\/4164"}],"collection":[{"href":"https:\/\/mellor-ribet.com\/index.php\/wp-json\/wp\/v2\/pages"}],"about":[{"href":"https:\/\/mellor-ribet.com\/index.php\/wp-json\/wp\/v2\/types\/page"}],"author":[{"embeddable":true,"href":"https:\/\/mellor-ribet.com\/index.php\/wp-json\/wp\/v2\/users\/2"}],"replies":[{"embeddable":true,"href":"https:\/\/mellor-ribet.com\/index.php\/wp-json\/wp\/v2\/comments?post=4164"}],"version-history":[{"count":5,"href":"https:\/\/mellor-ribet.com\/index.php\/wp-json\/wp\/v2\/pages\/4164\/revisions"}],"predecessor-version":[{"id":4987,"href":"https:\/\/mellor-ribet.com\/index.php\/wp-json\/wp\/v2\/pages\/4164\/revisions\/4987"}],"up":[{"embeddable":true,"href":"https:\/\/mellor-ribet.com\/index.php\/wp-json\/wp\/v2\/pages\/3392"}],"wp:attachment":[{"href":"https:\/\/mellor-ribet.com\/index.php\/wp-json\/wp\/v2\/media?parent=4164"}],"curies":[{"name":"wp","href":"https:\/\/api.w.org\/{rel}","templated":true}]}}