{"id":4177,"date":"2020-12-17T06:57:19","date_gmt":"2020-12-17T05:57:19","guid":{"rendered":"http:\/\/mellor-ribet.com\/?page_id=4177"},"modified":"2021-02-25T14:58:38","modified_gmt":"2021-02-25T13:58:38","slug":"baie-de-doha","status":"publish","type":"page","link":"https:\/\/mellor-ribet.com\/index.php\/accueil\/urbanisme\/baie-de-doha\/","title":{"rendered":"Baie de DOHA"},"content":{"rendered":"<p>[vc_row][vc_column width=\u00a0\u00bb1\/2&Prime;][vc_row_inner css=\u00a0\u00bb.vc_custom_1605624099418{margin-left: -15px !important;}\u00a0\u00bb][vc_column_inner width=\u00a0\u00bb2\/3&Prime;][vc_column_text]<\/p>\n<h3><span class=\"hotkey-layer \"><span class=\"hotkey-layer preview-overlay is-preview-sidebar-visible\">Am\u00e9nagement urbain de la corniche de doha<\/span><\/span><\/h3>\n<p>[\/vc_column_text][vc_empty_space height=\u00a0\u00bb12&Prime;][vc_column_text][\/vc_column_text][vc_column_text css=\u00a0\u00bb.vc_custom_1608184482178{margin-right: px !important;}\u00a0\u00bb]<\/p>\n<h5 style=\"text-align: left;\"><span class=\"hotkey-layer \"><span class=\"hotkey-layer preview-overlay is-preview-sidebar-visible\">Qatar<\/span><\/span><\/h5>\n<p>[\/vc_column_text][vc_empty_space height=\u00a0\u00bb12px\u00a0\u00bb]<div class=\"qodef-separator-holder clearfix  qodef-separator-left\">\n\t<div class=\"qodef-separator\" style=\"border-color: #fe9a00;border-style: solid;width: 350px;border-bottom-width: 2pxpx\"><\/div>\n<\/div>\n[vc_empty_space height=\u00a0\u00bb10px\u00a0\u00bb][vc_column_text]<\/p>\n<p style=\"text-align: justify;\"><span class=\"hotkey-layer \"><span class=\"hotkey-layer preview-overlay is-preview-sidebar-visible\">La r\u00e9flexion urbaine de la Corniche s\u2019est divis\u00e9e en trois zones et trois approches diff\u00e9rentes suivant la situation g\u00e9ographique existante de la ville. <\/span><\/span><\/p>\n<p style=\"text-align: justify;\"><span class=\"hotkey-layer \"><span class=\"hotkey-layer preview-overlay is-preview-sidebar-visible\">Anneau int\u00e9rieur &#8211; le centre ville : <\/span><\/span><span class=\"hotkey-layer \"><span class=\"hotkey-layer preview-overlay is-preview-sidebar-visible\">R\u00e9paration et continuation de la structure urbaine en gardant la densit\u00e9, la hauteur et le caract\u00e8re des diff\u00e9rents quartiers. <\/span><\/span><\/p>\n<p style=\"text-align: justify;\"><span class=\"hotkey-layer \"><span class=\"hotkey-layer preview-overlay is-preview-sidebar-visible\">Anneau du milieu \u2013 le front de mer : Cr\u00e9ation d\u2019un bord b\u00e2ti urbain fort et haut avec une silhouette reconnaissable ; orientation des b\u00e2tis perpendiculaire \u00e0 la corniche ; cr\u00e9ation des p\u00f4les d\u2019attraction le long de la corniche; r\u00e9gularisation de la circulation et du stationnement longeant la plage.<\/span><\/span><\/p>\n<p style=\"text-align: justify;\"><span class=\"hotkey-layer \"><span class=\"hotkey-layer preview-overlay is-preview-sidebar-visible\">Anneau ext\u00e9rieur &#8211; la plage: Cr\u00e9ation d\u2019un \u2018parc de plage\u2019 compos\u00e9 d\u2019une s\u00e9rie de placettes ombrag\u00e9es, d\u2019une promenade pi\u00e9tonne et de diff\u00e9rents am\u00e9nagements paysagers sur la plage m\u00eame.<\/span><\/span><\/p>\n<p>[\/vc_column_text][vc_empty_space height=\u00a0\u00bb10px\u00a0\u00bb]<div class=\"qodef-separator-holder clearfix  qodef-separator-left\">\n\t<div class=\"qodef-separator\" style=\"border-color: #fe9a00;border-style: solid;width: 350px;border-bottom-width: 2pxpx\"><\/div>\n<\/div>\n[\/vc_column_inner][vc_column_inner width=\u00a0\u00bb1\/3&Prime;][\/vc_column_inner][\/vc_row_inner][vc_empty_space height=\u00a0\u00bb25&Prime;][\/vc_column][vc_column width=\u00a0\u00bb1\/2&Prime;][vc_empty_space height=\u00a0\u00bb20px\u00a0\u00bb]<div class=\"qodef-image-gallery\">\n\t<div class=\"qodef-image-gallery-slider\" data-autoplay=\"5\" data-navigation=\"no\" data-pagination=\"yes\">\n\t\t\t\t\t\t<a href=\"https:\/\/mellor-ribet.com\/wp-content\/uploads\/2020\/12\/mrn_urban_doha_01-150x150.jpg\" data-rel=\"prettyPhoto[single_pretty_photo]\" title=\"mrn_urban_doha_01\">\n\t\t\t\t\t\t\t<img src=\"https:\/\/mellor-ribet.com\/wp-content\/uploads\/2020\/12\/mrn_urban_doha_01-150x150.jpg\" alt=\"mrn_urban_doha_01\" width=\"150\" height=\"150\">\n\t\t\t\t\t\t\t<\/a>\n\t\t\t\t\t\t\t<a href=\"https:\/\/mellor-ribet.com\/wp-content\/uploads\/2020\/12\/mrn_urban_doha_02-150x150.jpg\" data-rel=\"prettyPhoto[single_pretty_photo]\" title=\"mrn_urban_doha_02\">\n\t\t\t\t\t\t\t<img src=\"https:\/\/mellor-ribet.com\/wp-content\/uploads\/2020\/12\/mrn_urban_doha_02-150x150.jpg\" alt=\"mrn_urban_doha_02\" width=\"150\" height=\"150\">\n\t\t\t\t\t\t\t<\/a>\n\t\t\t\t\t\t\t<a href=\"https:\/\/mellor-ribet.com\/wp-content\/uploads\/2020\/12\/mrn_urban_doha_04-150x150.jpg\" data-rel=\"prettyPhoto[single_pretty_photo]\" title=\"mrn_urban_doha_04\">\n\t\t\t\t\t\t\t<img src=\"https:\/\/mellor-ribet.com\/wp-content\/uploads\/2020\/12\/mrn_urban_doha_04-150x150.jpg\" alt=\"mrn_urban_doha_04\" width=\"150\" height=\"150\">\n\t\t\t\t\t\t\t<\/a>\n\t\t\t\t\t\t\t<a href=\"https:\/\/mellor-ribet.com\/wp-content\/uploads\/2020\/11\/BK_Doha_01-150x150.jpg\" data-rel=\"prettyPhoto[single_pretty_photo]\" title=\"BK_Doha_01\">\n\t\t\t\t\t\t\t<img src=\"https:\/\/mellor-ribet.com\/wp-content\/uploads\/2020\/11\/BK_Doha_01-150x150.jpg\" alt=\"BK_Doha_01\" width=\"150\" height=\"150\">\n\t\t\t\t\t\t\t<\/a>\n\t\t\t\t\t\t\t<a href=\"https:\/\/mellor-ribet.com\/wp-content\/uploads\/2020\/11\/BK_Doha_02-150x150.jpg\" data-rel=\"prettyPhoto[single_pretty_photo]\" title=\"BK_Doha_02\">\n\t\t\t\t\t\t\t<img src=\"https:\/\/mellor-ribet.com\/wp-content\/uploads\/2020\/11\/BK_Doha_02-150x150.jpg\" alt=\"BK_Doha_02\" width=\"150\" height=\"150\">\n\t\t\t\t\t\t\t<\/a>\n\t\t\t\t<\/div>\n<\/div>[vc_empty_space]<div class=\"qodef-accordion-holder clearfix qodef-toggle qodef-initial \">\n\t<h4 class=\"clearfix qodef-title-holder\">\n\t<span class=\"qodef-accordion-mark qodef-left-mark\">\n\t\t<span class=\"qodef-accordion-mark-icon\">\n\t\t\t<i class=\"fa fa-minus\"><\/i>\n\t\t\t<i class=\"fa fa-plus\"><\/i>\n\t\t<\/span>\n\t<\/span>\n\t<span class=\"qodef-tab-title\">\n\t\t<span class=\"qodef-tab-title-inner\">\n\t\t\tEn savoir plus\t\t<\/span>\n\t<\/span>\n<\/h4>\n<div class=\"qodef-accordion-content\">\n\t<div class=\"qodef-accordion-content-inner\">\n\t\t[vc_row_inner css=\u00a0\u00bb.vc_custom_1605600590542{margin-right: -px !important;}\u00a0\u00bb][vc_column_inner][vc_column_text]<\/p>\n<p style=\"text-align: left;\"><span class=\"hotkey-layer \"><span class=\"hotkey-layer preview-overlay is-preview-sidebar-visible\">EQUIPE CONCOURS<\/span><\/span><\/p>\n<p style=\"text-align: left;\"><strong><span class=\"hotkey-layer \"><span class=\"hotkey-layer preview-overlay is-preview-sidebar-visible\">D.Paysage(Diala HADDAD)<\/span><\/span><\/strong><\/p>\n<p style=\"text-align: left;\"><strong><span class=\"hotkey-layer \"><span class=\"hotkey-layer preview-overlay is-preview-sidebar-visible\">Architectes Paysagistes avec M-R N Architectes<\/span><\/span><\/strong><\/p>\n<p>[\/vc_column_text][vc_column_text]<\/p>\n<p style=\"text-align: left;\"><span class=\"hotkey-layer \"><span class=\"hotkey-layer preview-overlay is-preview-sidebar-visible\">MAITRE D&rsquo; OUVRAGE <\/span><\/span><\/p>\n<p style=\"text-align: left;\"><strong><span class=\"hotkey-layer \"><span class=\"hotkey-layer preview-overlay is-preview-sidebar-visible\">L\u2019Etat de Qatar<\/span><\/span><\/strong><\/p>\n<p>[\/vc_column_text][vc_column_text]<\/p>\n<p style=\"text-align: left;\"><span class=\"hotkey-layer \"><span class=\"hotkey-layer preview-overlay is-preview-sidebar-visible\">SURFACE <\/span><\/span><\/p>\n<p style=\"text-align: left;\"><strong><span class=\"hotkey-layer \"><span class=\"hotkey-layer preview-overlay is-preview-sidebar-visible\">150 Ha<\/span><\/span><\/strong><\/p>\n<p>[\/vc_column_text][vc_column_text]<\/p>\n<p style=\"text-align: left;\"><span class=\"hotkey-layer \"><span class=\"hotkey-layer preview-overlay is-preview-sidebar-visible\">LIVRAISON<\/span><\/span><\/p>\n<p style=\"text-align: left;\"><strong><span class=\"hotkey-layer \"><span class=\"hotkey-layer preview-overlay is-preview-sidebar-visible\">2003<\/span><\/span><\/strong><\/p>\n<p>[\/vc_column_text][vc_column_text]<\/p>\n<p style=\"text-align: left;\"><span class=\"hotkey-layer \"><span class=\"hotkey-layer preview-overlay is-preview-sidebar-visible\">PHASES<\/span><\/span><\/p>\n<p style=\"text-align: left;\"><strong><span class=\"hotkey-layer \"><span class=\"hotkey-layer preview-overlay is-preview-sidebar-visible\">Compl\u00e8te<\/span><\/span><\/strong><\/p>\n<p>[\/vc_column_text][vc_column_text]<\/p>\n<p style=\"text-align: left;\"><span class=\"hotkey-layer \"><span class=\"hotkey-layer preview-overlay is-preview-sidebar-visible\">LIVRAISON<\/span><\/span><\/p>\n<p style=\"text-align: left;\"><strong><span class=\"hotkey-layer \"><span class=\"hotkey-layer preview-overlay is-preview-sidebar-visible\">novembre 2005<\/span><\/span><\/strong><\/p>\n<p>[\/vc_column_text][\/vc_column_inner][\/vc_row_inner]\t<\/div>\n<\/div>\n<\/div>[\/vc_column][vc_column][\/vc_column][\/vc_row][vc_row][vc_column][vc_empty_space height=\u00a0\u00bb60px\u00a0\u00bb]<div class=\"qodef-carousel-holder clearfix\"><div class=\"qodef-carousel\" data-items=\"5\"><div class=\"qodef-carousel-item-holder\">\n\t\t\t\t\t\t<span class=\"qodef-carousel-first-image-holder  qodef-image-change\">\n\t\t\t\t<img src=\"http:\/\/mellor-ribet.com\/wp-content\/uploads\/2020\/11\/bk_sevens_01.jpg\" alt=\"Appart Commerces Londres\">\n\t\t\t<\/span>\n\t\t\t\t\t<\/div><div class=\"qodef-carousel-item-holder\">\n\t\t\t\t\t\t<span class=\"qodef-carousel-first-image-holder  qodef-image-change\">\n\t\t\t\t<img src=\"http:\/\/mellor-ribet.com\/wp-content\/uploads\/2020\/11\/mrn_arch_apple_02.jpg\" alt=\"Apple showroom\">\n\t\t\t<\/span>\n\t\t\t\t\t<\/div><div class=\"qodef-carousel-item-holder\">\n\t\t\t\t\t\t<span class=\"qodef-carousel-first-image-holder  qodef-image-change\">\n\t\t\t\t<img src=\"http:\/\/mellor-ribet.com\/wp-content\/uploads\/2020\/11\/Arc-en-ciel-Sculpture-bk_cergy_totem-Modified.jpg\" alt=\"Arc en ciel\">\n\t\t\t<\/span>\n\t\t\t\t\t<\/div><div class=\"qodef-carousel-item-holder\">\n\t\t<a href=\"http:\/\/mellor-ribet.com\/index.php\/archives\/gymnase\/\" target=\"_self\">\n\t\t\t\t\t\t<span class=\"qodef-carousel-first-image-holder  qodef-image-change\">\n\t\t\t\t<img src=\"http:\/\/mellor-ribet.com\/wp-content\/uploads\/2020\/12\/mrn_sport_eragny_06.jpg\" alt=\"Archives Eragny\">\n\t\t\t<\/span>\n\t\t\t\t\t\t<\/a>\n\t<\/div><div class=\"qodef-carousel-item-holder\">\n\t\t<a href=\"http:\/\/mellor-ribet.com\/index.php\/archives\/bureau-presidentiel\/\" target=\"_self\">\n\t\t\t\t\t\t<span class=\"qodef-carousel-first-image-holder  qodef-image-change\">\n\t\t\t\t<img src=\"http:\/\/mellor-ribet.com\/wp-content\/uploads\/2020\/11\/Bureaux-pre\u0301sidentiels.jpg\" alt=\"Bureaux Pr\u00e9sidentiels Berlin\">\n\t\t\t<\/span>\n\t\t\t\t\t\t<\/a>\n\t<\/div><div class=\"qodef-carousel-item-holder\">\n\t\t\t\t\t\t<span class=\"qodef-carousel-first-image-holder  qodef-image-change\">\n\t\t\t\t<img src=\"http:\/\/mellor-ribet.com\/wp-content\/uploads\/2020\/11\/BK_Doha_01.jpg\" alt=\"Corniche DOHA\">\n\t\t\t<\/span>\n\t\t\t\t\t<\/div><div class=\"qodef-carousel-item-holder\">\n\t\t<a href=\"http:\/\/mellor-ribet.com\/index.php\/archives\/creche\/\" target=\"_self\">\n\t\t\t\t\t\t<span class=\"qodef-carousel-first-image-holder  qodef-image-change\">\n\t\t\t\t<img src=\"http:\/\/mellor-ribet.com\/wp-content\/uploads\/2020\/11\/Bk_calv2-modified-1.jpg\" alt=\"Cr\u00e8che Jean Calvin\">\n\t\t\t<\/span>\n\t\t\t\t\t\t<\/a>\n\t<\/div><div class=\"qodef-carousel-item-holder\">\n\t\t\t\t\t\t<span class=\"qodef-carousel-first-image-holder  qodef-image-change\">\n\t\t\t\t<img src=\"http:\/\/mellor-ribet.com\/wp-content\/uploads\/2020\/11\/mrn_art_escalier_02.jpg\" alt=\"Escalier monumental\">\n\t\t\t<\/span>\n\t\t\t\t\t<\/div><div class=\"qodef-carousel-item-holder\">\n\t\t\t\t\t\t<span class=\"qodef-carousel-first-image-holder  qodef-image-change\">\n\t\t\t\t<img src=\"http:\/\/mellor-ribet.com\/wp-content\/uploads\/2020\/11\/Bk_garmee-modified2.jpg\" alt=\"Grande arm\u00e9e\">\n\t\t\t<\/span>\n\t\t\t\t\t<\/div><div class=\"qodef-carousel-item-holder\">\n\t\t\t\t\t\t<span class=\"qodef-carousel-first-image-holder  qodef-image-change\">\n\t\t\t\t<img src=\"http:\/\/mellor-ribet.com\/wp-content\/uploads\/2020\/11\/Bk_cham3-Modofied.jpg\" alt=\"Installation Multim\u00e9dia Eur\u00e9ka\">\n\t\t\t<\/span>\n\t\t\t\t\t<\/div><div class=\"qodef-carousel-item-holder\">\n\t\t\t\t\t\t<span class=\"qodef-carousel-first-image-holder  qodef-image-change\">\n\t\t\t\t<img src=\"http:\/\/mellor-ribet.com\/wp-content\/uploads\/2020\/11\/Amen-Isle-Muse\u0301es-Modified.jpg\" alt=\"\u00cesle aux mus\u00e9es\">\n\t\t\t<\/span>\n\t\t\t\t\t<\/div><div class=\"qodef-carousel-item-holder\">\n\t\t\t\t\t\t<span class=\"qodef-carousel-first-image-holder  qodef-image-change\">\n\t\t\t\t<img src=\"http:\/\/mellor-ribet.com\/wp-content\/uploads\/2020\/11\/BK_CROIS-modified.jpg\" alt=\"Logements Croissy\">\n\t\t\t<\/span>\n\t\t\t\t\t<\/div><div class=\"qodef-carousel-item-holder\">\n\t\t<a href=\"http:\/\/mellor-ribet.com\/index.php\/archives\/maison-bioclimatique\/\" target=\"_self\">\n\t\t\t\t\t\t<span class=\"qodef-carousel-first-image-holder  qodef-image-change\">\n\t\t\t\t<img src=\"http:\/\/mellor-ribet.com\/wp-content\/uploads\/2020\/11\/BK_MBIO-Modified1.jpg\" alt=\"Maison bioclimatique\">\n\t\t\t<\/span>\n\t\t\t\t\t\t<\/a>\n\t<\/div><div class=\"qodef-carousel-item-holder\">\n\t\t\t\t\t\t<span class=\"qodef-carousel-first-image-holder  qodef-image-change\">\n\t\t\t\t<img src=\"http:\/\/mellor-ribet.com\/wp-content\/uploads\/2020\/11\/BK_SPREB.jpg\" alt=\"Quartier Gouv Berlin\">\n\t\t\t<\/span>\n\t\t\t\t\t<\/div><div class=\"qodef-carousel-item-holder\">\n\t\t\t\t\t\t<span class=\"qodef-carousel-first-image-holder  qodef-image-change\">\n\t\t\t\t<img src=\"http:\/\/mellor-ribet.com\/wp-content\/uploads\/2020\/11\/BK_VILLEModified5.jpg\" alt=\"R\u00e9novation grange\">\n\t\t\t<\/span>\n\t\t\t\t\t<\/div><div class=\"qodef-carousel-item-holder\">\n\t\t\t\t\t\t<span class=\"qodef-carousel-first-image-holder  qodef-image-change\">\n\t\t\t\t<img src=\"http:\/\/mellor-ribet.com\/wp-content\/uploads\/2020\/11\/bk_17_odeon_02.jpg\" alt=\"R\u00e9novation Librairie\">\n\t\t\t<\/span>\n\t\t\t\t\t<\/div><div class=\"qodef-carousel-item-holder\">\n\t\t<a href=\"http:\/\/mellor-ribet.com\/index.php\/archives\/extension-laboratoire\/\" target=\"_self\">\n\t\t\t\t\t\t<span class=\"qodef-carousel-first-image-holder  qodef-image-change\">\n\t\t\t\t<img src=\"http:\/\/mellor-ribet.com\/wp-content\/uploads\/2020\/11\/BK_SAGEP2.jpg\" alt=\"SAGEP\">\n\t\t\t<\/span>\n\t\t\t\t\t\t<\/a>\n\t<\/div><div class=\"qodef-carousel-item-holder\">\n\t\t\t\t\t\t<span class=\"qodef-carousel-first-image-holder  qodef-image-change\">\n\t\t\t\t<img src=\"http:\/\/mellor-ribet.com\/wp-content\/uploads\/2020\/11\/anse-Modified.jpg\" alt=\"Tour d&rsquo;Anse\">\n\t\t\t<\/span>\n\t\t\t\t\t<\/div><div class=\"qodef-carousel-item-holder\">\n\t\t\t\t\t\t<span class=\"qodef-carousel-first-image-holder  qodef-image-change\">\n\t\t\t\t<img src=\"http:\/\/mellor-ribet.com\/wp-content\/uploads\/2020\/11\/BK_AM1-modified2.jpg\" alt=\"Traitement Sommital Perret\">\n\t\t\t<\/span>\n\t\t\t\t\t<\/div><div class=\"qodef-carousel-item-holder\">\n\t\t\t\t\t\t<span class=\"qodef-carousel-first-image-holder  qodef-image-change\">\n\t\t\t\t<img src=\"http:\/\/mellor-ribet.com\/wp-content\/uploads\/2020\/11\/mrn_arch_mitry_fp_c.jpg\" alt=\"ZAC Reneuse\">\n\t\t\t<\/span>\n\t\t\t\t\t<\/div><\/div><\/div>[vc_empty_space height=\u00a0\u00bb60px\u00a0\u00bb][\/vc_column][\/vc_row][vc_row][vc_column]<div class=\"qodef-separator-holder clearfix  qodef-separator-center\">\n\t<div class=\"qodef-separator\" style=\"border-bottom-width: 2px\"><\/div>\n<\/div>\n[\/vc_column][\/vc_row][vc_row css=\u00a0\u00bb.vc_custom_1606379576758{margin-right: -450px !important;margin-left: -50px !important;}\u00a0\u00bb][vc_column width=\u00a0\u00bb1\/3&Prime;]<a href=\"http:\/\/mellor-ribet.com\/index.php\/archives\/creche\/\" target=\"_self\" style=\"color: #dd9933;border-color: #ffffff\" class=\"qodef-btn qodef-btn-medium qodef-btn-outline qodef-btn-custom-hover-color qodef-btn-icon\" data-hover-color=\"#ffffff\" >\n    <span class=\"qodef-btn-text\"><\/span>\n    <i class=\"qodef-icon-simple-line-icon icon-arrow-left \" ><\/i><\/a>[\/vc_column][vc_column width=\u00a0\u00bb1\/3&Prime;]<a href=\"http:\/\/mellor-ribet.com\/index.php\/archives\/\" target=\"_self\" style=\"border-color: #ffffff\" class=\"qodef-btn qodef-btn-medium qodef-btn-outline qodef-btn-icon\"  >\n    <span class=\"qodef-btn-text\"><\/span>\n    <i class=\"qodef-icon-linea-icon icon-software-shape-roundedrectangle \" ><\/i><\/a>[\/vc_column][vc_column width=\u00a0\u00bb1\/3&Prime; css=\u00a0\u00bb.vc_custom_1606379233669{margin-right: px !important;}\u00a0\u00bb]<a href=\"http:\/\/mellor-ribet.com\/index.php\/architecture\/piste-d-entrainement\/\" target=\"_self\" style=\"border-color: #ffffff;font-weight: 600\" class=\"qodef-btn qodef-btn-medium qodef-btn-outline qodef-btn-custom-hover-bg qodef-btn-custom-border-hover qodef-btn-custom-hover-color qodef-btn-icon\" data-hover-bg-color=\"#ffffff\" data-hover-color=\"#dd9933\" data-hover-border-color=\"#ffffff\" >\n    <span class=\"qodef-btn-text\"><\/span>\n    <i class=\"qodef-icon-simple-line-icon icon-arrow-right \" ><\/i><\/a>[\/vc_column][\/vc_row][vc_row][vc_column][\/vc_column][\/vc_row]<\/p>\n","protected":false},"excerpt":{"rendered":"<p>[vc_row][vc_column width=\u00a0\u00bb1\/2&Prime;][vc_row_inner css=\u00a0\u00bb.vc_custom_1605624099418{margin-left: -15px !important;}\u00a0\u00bb][vc_column_inner width=\u00a0\u00bb2\/3&Prime;][vc_column_text] Am\u00e9nagement urbain de la corniche de doha [\/vc_column_text][vc_empty_space height=\u00a0\u00bb12&Prime;][vc_column_text][\/vc_column_text][vc_column_text css=\u00a0\u00bb.vc_custom_1608184482178{margin-right: px !important;}\u00a0\u00bb] Qatar [\/vc_column_text][vc_empty_space height=\u00a0\u00bb12px\u00a0\u00bb][vc_empty_space height=\u00a0\u00bb10px\u00a0\u00bb][vc_column_text] La r\u00e9flexion urbaine de la Corniche s\u2019est divis\u00e9e en trois zones et trois approches diff\u00e9rentes suivant la situation g\u00e9ographique existante de la ville&#8230;.<\/p>\n","protected":false},"author":2,"featured_media":0,"parent":4957,"menu_order":0,"comment_status":"closed","ping_status":"closed","template":"","meta":[],"_links":{"self":[{"href":"https:\/\/mellor-ribet.com\/index.php\/wp-json\/wp\/v2\/pages\/4177"}],"collection":[{"href":"https:\/\/mellor-ribet.com\/index.php\/wp-json\/wp\/v2\/pages"}],"about":[{"href":"https:\/\/mellor-ribet.com\/index.php\/wp-json\/wp\/v2\/types\/page"}],"author":[{"embeddable":true,"href":"https:\/\/mellor-ribet.com\/index.php\/wp-json\/wp\/v2\/users\/2"}],"replies":[{"embeddable":true,"href":"https:\/\/mellor-ribet.com\/index.php\/wp-json\/wp\/v2\/comments?post=4177"}],"version-history":[{"count":3,"href":"https:\/\/mellor-ribet.com\/index.php\/wp-json\/wp\/v2\/pages\/4177\/revisions"}],"predecessor-version":[{"id":4560,"href":"https:\/\/mellor-ribet.com\/index.php\/wp-json\/wp\/v2\/pages\/4177\/revisions\/4560"}],"up":[{"embeddable":true,"href":"https:\/\/mellor-ribet.com\/index.php\/wp-json\/wp\/v2\/pages\/4957"}],"wp:attachment":[{"href":"https:\/\/mellor-ribet.com\/index.php\/wp-json\/wp\/v2\/media?parent=4177"}],"curies":[{"name":"wp","href":"https:\/\/api.w.org\/{rel}","templated":true}]}}