{"id":4197,"date":"2020-12-17T07:40:39","date_gmt":"2020-12-17T06:40:39","guid":{"rendered":"http:\/\/mellor-ribet.com\/?page_id=4197"},"modified":"2021-02-01T08:39:55","modified_gmt":"2021-02-01T07:39:55","slug":"escalier-monumental","status":"publish","type":"page","link":"https:\/\/mellor-ribet.com\/index.php\/archives\/escalier-monumental\/","title":{"rendered":"Escalier monumental"},"content":{"rendered":"<p>[vc_row][vc_column width=\u00a0\u00bb1\/2&Prime;][vc_row_inner css=\u00a0\u00bb.vc_custom_1605624099418{margin-left: -15px !important;}\u00a0\u00bb][vc_column_inner width=\u00a0\u00bb2\/3&Prime;][vc_column_text]<\/p>\n<h3><span class=\"hotkey-layer \"><span class=\"hotkey-layer preview-overlay is-preview-sidebar-visible\">Escalier Monumental<br \/>\n<\/span><\/span><\/h3>\n<p>[\/vc_column_text][vc_empty_space height=\u00a0\u00bb12&Prime;][vc_column_text][\/vc_column_text][vc_column_text css=\u00a0\u00bb.vc_custom_1608186838602{margin-right: px !important;}\u00a0\u00bb]<\/p>\n<h5 style=\"text-align: left;\"><span class=\"hotkey-layer \"><span class=\"hotkey-layer preview-overlay is-preview-sidebar-visible\">La d\u00e9fense, France<br \/>\n<\/span><\/span><\/h5>\n<p>[\/vc_column_text][vc_empty_space height=\u00a0\u00bb12px\u00a0\u00bb]<div class=\"qodef-separator-holder clearfix  qodef-separator-left\">\n\t<div class=\"qodef-separator\" style=\"border-color: #fe9a00;border-style: solid;width: 350px;border-bottom-width: 2pxpx\"><\/div>\n<\/div>\n[vc_empty_space height=\u00a0\u00bb10px\u00a0\u00bb][vc_column_text]<\/p>\n<p style=\"text-align: justify;\"><span class=\"hotkey-layer \"><span class=\"hotkey-layer preview-overlay is-preview-sidebar-visible\">L\u2019\u0153uvre est l&rsquo;aboutissement d&rsquo;une s\u00e9rie d&rsquo;interventions de l&rsquo;artiste \u00e0 la t\u00eate de La D\u00e9fense. L&rsquo;Escalier Monumental relie le parvis de l&rsquo;Arche de La D\u00e9fense avec la place haute et donne acc\u00e8s au Mus\u00e9e de l&rsquo;Automobile. L&rsquo;artiste a travaill\u00e9 \u00e0 l&rsquo;\u00e9chelle de La D\u00e9fense. Les \u00e9l\u00e9ments de base sont des demi-cubes de b\u00e9ton (1.2m x 2.4m x 2.4m) incrust\u00e9s de carreaux c\u00e9ramique multicolores qui s&#8217;empilent sur une trame carr\u00e9e. Le plus haut des bacs dans chaque pile est plant\u00e9. Les sources d&rsquo;inspiration sont riches et vari\u00e9es entre les ruines Incas, les tableaux pointillistes et les m\u00e9thodes de fabrication en s\u00e9rie de l&rsquo;industrie du b\u00e2timent.<\/span><\/span><\/p>\n<p>[\/vc_column_text][vc_empty_space height=\u00a0\u00bb10px\u00a0\u00bb]<div class=\"qodef-separator-holder clearfix  qodef-separator-left\">\n\t<div class=\"qodef-separator\" style=\"border-color: #fe9a00;border-style: solid;width: 350px;border-bottom-width: 2pxpx\"><\/div>\n<\/div>\n[\/vc_column_inner][vc_column_inner width=\u00a0\u00bb1\/3&Prime;][\/vc_column_inner][\/vc_row_inner][vc_empty_space height=\u00a0\u00bb25&Prime;][\/vc_column][vc_column width=\u00a0\u00bb1\/2&Prime;][vc_empty_space height=\u00a0\u00bb20px\u00a0\u00bb]<div class=\"qodef-image-gallery\">\n\t<div class=\"qodef-image-gallery-slider\" data-autoplay=\"5\" data-navigation=\"no\" data-pagination=\"yes\">\n\t\t\t\t\t\t<a href=\"https:\/\/mellor-ribet.com\/wp-content\/uploads\/2020\/11\/mrn_art_escalier_02-2.jpg\" data-rel=\"prettyPhoto[single_pretty_photo]\" title=\"mrn_art_escalier_02\">\n\t\t\t\t\t\t\t<img src=\"https:\/\/mellor-ribet.com\/wp-content\/uploads\/2020\/11\/mrn_art_escalier_02-2.jpg\" alt=\"mrn_art_escalier_02\" width=\"543\" height=\"400\">\n\t\t\t\t\t\t\t<\/a>\n\t\t\t\t\t\t\t<a href=\"https:\/\/mellor-ribet.com\/wp-content\/uploads\/2020\/11\/mrn_art_escalier_04.jpg\" data-rel=\"prettyPhoto[single_pretty_photo]\" title=\"mrn_art_escalier_04\">\n\t\t\t\t\t\t\t<img src=\"https:\/\/mellor-ribet.com\/wp-content\/uploads\/2020\/11\/mrn_art_escalier_04.jpg\" alt=\"mrn_art_escalier_04\" width=\"381\" height=\"240\">\n\t\t\t\t\t\t\t<\/a>\n\t\t\t\t<\/div>\n<\/div>[vc_empty_space]<div class=\"qodef-accordion-holder clearfix qodef-toggle qodef-initial \">\n\t<h4 class=\"clearfix qodef-title-holder\">\n\t<span class=\"qodef-accordion-mark qodef-left-mark\">\n\t\t<span class=\"qodef-accordion-mark-icon\">\n\t\t\t<i class=\"fa fa-minus\"><\/i>\n\t\t\t<i class=\"fa fa-plus\"><\/i>\n\t\t<\/span>\n\t<\/span>\n\t<span class=\"qodef-tab-title\">\n\t\t<span class=\"qodef-tab-title-inner\">\n\t\t\tEn savoir plus\t\t<\/span>\n\t<\/span>\n<\/h4>\n<div class=\"qodef-accordion-content\">\n\t<div class=\"qodef-accordion-content-inner\">\n\t\t[vc_row_inner css=\u00a0\u00bb.vc_custom_1605600590542{margin-right: -px !important;}\u00a0\u00bb][vc_column_inner][vc_column_text]<\/p>\n<p style=\"text-align: left;\"><span class=\"hotkey-layer \"><span class=\"hotkey-layer preview-overlay is-preview-sidebar-visible\">ARTISTE<\/span><\/span><\/p>\n<p style=\"text-align: left;\"><strong><span class=\"hotkey-layer \"><span class=\"hotkey-layer preview-overlay is-preview-sidebar-visible\">Piotr KOWALSKI<\/span><\/span><\/strong><\/p>\n<p>\u00a0[\/vc_column_text][vc_column_text]<\/p>\n<p style=\"text-align: left;\"><span class=\"hotkey-layer \"><span class=\"hotkey-layer preview-overlay is-preview-sidebar-visible\">MAITRE D&rsquo; OUVRAGE<\/span><\/span><\/p>\n<p style=\"text-align: left;\"><strong><span class=\"hotkey-layer \"><span class=\"hotkey-layer preview-overlay is-preview-sidebar-visible\">E.P.A.D.<\/span><\/span><\/strong><\/p>\n<p style=\"text-align: left;\"><span class=\"hotkey-layer \"><span class=\"hotkey-layer preview-overlay is-preview-sidebar-visible\">\u00a0<\/span><\/span><\/p>\n<p>[\/vc_column_text][vc_column_text]<\/p>\n<p style=\"text-align: left;\"><span class=\"hotkey-layer \"><span class=\"hotkey-layer preview-overlay is-preview-sidebar-visible\">BET<\/span><\/span><\/p>\n<p style=\"text-align: left;\"><strong><span class=\"hotkey-layer \"><span class=\"hotkey-layer preview-overlay is-preview-sidebar-visible\">P.GENTRIC<\/span><\/span><\/strong><\/p>\n<p style=\"text-align: left;\"><span class=\"hotkey-layer \"><span class=\"hotkey-layer preview-overlay is-preview-sidebar-visible\">\u00a0<\/span><\/span><\/p>\n<p>[\/vc_column_text][vc_column_text]<\/p>\n<p style=\"text-align: left;\"><span class=\"hotkey-layer \"><span class=\"hotkey-layer preview-overlay is-preview-sidebar-visible\">PHASE<\/span><\/span><\/p>\n<p style=\"text-align: left;\"><strong><span class=\"hotkey-layer \"><span class=\"hotkey-layer preview-overlay is-preview-sidebar-visible\">APS, APD, DCE, CHANTIER<\/span><\/span><\/strong><\/p>\n<p>\u00a0[\/vc_column_text][vc_column_text]<\/p>\n<p style=\"text-align: left;\"><span class=\"hotkey-layer \"><span class=\"hotkey-layer preview-overlay is-preview-sidebar-visible\">LIVRAISON<\/span><\/span><\/p>\n<p style=\"text-align: left;\"><strong><span class=\"hotkey-layer \"><span class=\"hotkey-layer preview-overlay is-preview-sidebar-visible\">1995<\/span><\/span><\/strong><\/p>\n<p>[\/vc_column_text][\/vc_column_inner][\/vc_row_inner]\t<\/div>\n<\/div>\n<\/div>[\/vc_column][vc_column][\/vc_column][\/vc_row][vc_row][vc_column][vc_empty_space height=\u00a0\u00bb60px\u00a0\u00bb]<div class=\"qodef-carousel-holder clearfix\"><div class=\"qodef-carousel\" data-items=\"5\"><div class=\"qodef-carousel-item-holder\">\n\t\t\t\t\t\t<span class=\"qodef-carousel-first-image-holder  qodef-image-change\">\n\t\t\t\t<img src=\"http:\/\/mellor-ribet.com\/wp-content\/uploads\/2020\/11\/bk_sevens_01.jpg\" alt=\"Appart Commerces Londres\">\n\t\t\t<\/span>\n\t\t\t\t\t<\/div><div class=\"qodef-carousel-item-holder\">\n\t\t\t\t\t\t<span class=\"qodef-carousel-first-image-holder  qodef-image-change\">\n\t\t\t\t<img src=\"http:\/\/mellor-ribet.com\/wp-content\/uploads\/2020\/11\/mrn_arch_apple_02.jpg\" alt=\"Apple showroom\">\n\t\t\t<\/span>\n\t\t\t\t\t<\/div><div class=\"qodef-carousel-item-holder\">\n\t\t\t\t\t\t<span class=\"qodef-carousel-first-image-holder  qodef-image-change\">\n\t\t\t\t<img src=\"http:\/\/mellor-ribet.com\/wp-content\/uploads\/2020\/11\/Arc-en-ciel-Sculpture-bk_cergy_totem-Modified.jpg\" alt=\"Arc en ciel\">\n\t\t\t<\/span>\n\t\t\t\t\t<\/div><div class=\"qodef-carousel-item-holder\">\n\t\t<a href=\"http:\/\/mellor-ribet.com\/index.php\/archives\/gymnase\/\" target=\"_self\">\n\t\t\t\t\t\t<span class=\"qodef-carousel-first-image-holder  qodef-image-change\">\n\t\t\t\t<img src=\"http:\/\/mellor-ribet.com\/wp-content\/uploads\/2020\/12\/mrn_sport_eragny_06.jpg\" alt=\"Archives Eragny\">\n\t\t\t<\/span>\n\t\t\t\t\t\t<\/a>\n\t<\/div><div class=\"qodef-carousel-item-holder\">\n\t\t<a href=\"http:\/\/mellor-ribet.com\/index.php\/archives\/bureau-presidentiel\/\" target=\"_self\">\n\t\t\t\t\t\t<span class=\"qodef-carousel-first-image-holder  qodef-image-change\">\n\t\t\t\t<img src=\"http:\/\/mellor-ribet.com\/wp-content\/uploads\/2020\/11\/Bureaux-pre\u0301sidentiels.jpg\" alt=\"Bureaux Pr\u00e9sidentiels Berlin\">\n\t\t\t<\/span>\n\t\t\t\t\t\t<\/a>\n\t<\/div><div class=\"qodef-carousel-item-holder\">\n\t\t\t\t\t\t<span class=\"qodef-carousel-first-image-holder  qodef-image-change\">\n\t\t\t\t<img src=\"http:\/\/mellor-ribet.com\/wp-content\/uploads\/2020\/11\/BK_Doha_01.jpg\" alt=\"Corniche DOHA\">\n\t\t\t<\/span>\n\t\t\t\t\t<\/div><div class=\"qodef-carousel-item-holder\">\n\t\t<a href=\"http:\/\/mellor-ribet.com\/index.php\/archives\/creche\/\" target=\"_self\">\n\t\t\t\t\t\t<span class=\"qodef-carousel-first-image-holder  qodef-image-change\">\n\t\t\t\t<img src=\"http:\/\/mellor-ribet.com\/wp-content\/uploads\/2020\/11\/Bk_calv2-modified-1.jpg\" alt=\"Cr\u00e8che Jean Calvin\">\n\t\t\t<\/span>\n\t\t\t\t\t\t<\/a>\n\t<\/div><div class=\"qodef-carousel-item-holder\">\n\t\t\t\t\t\t<span class=\"qodef-carousel-first-image-holder  qodef-image-change\">\n\t\t\t\t<img src=\"http:\/\/mellor-ribet.com\/wp-content\/uploads\/2020\/11\/mrn_art_escalier_02.jpg\" alt=\"Escalier monumental\">\n\t\t\t<\/span>\n\t\t\t\t\t<\/div><div class=\"qodef-carousel-item-holder\">\n\t\t\t\t\t\t<span class=\"qodef-carousel-first-image-holder  qodef-image-change\">\n\t\t\t\t<img src=\"http:\/\/mellor-ribet.com\/wp-content\/uploads\/2020\/11\/Bk_garmee-modified2.jpg\" alt=\"Grande arm\u00e9e\">\n\t\t\t<\/span>\n\t\t\t\t\t<\/div><div class=\"qodef-carousel-item-holder\">\n\t\t\t\t\t\t<span class=\"qodef-carousel-first-image-holder  qodef-image-change\">\n\t\t\t\t<img src=\"http:\/\/mellor-ribet.com\/wp-content\/uploads\/2020\/11\/Bk_cham3-Modofied.jpg\" alt=\"Installation Multim\u00e9dia Eur\u00e9ka\">\n\t\t\t<\/span>\n\t\t\t\t\t<\/div><div class=\"qodef-carousel-item-holder\">\n\t\t\t\t\t\t<span class=\"qodef-carousel-first-image-holder  qodef-image-change\">\n\t\t\t\t<img src=\"http:\/\/mellor-ribet.com\/wp-content\/uploads\/2020\/11\/Amen-Isle-Muse\u0301es-Modified.jpg\" alt=\"\u00cesle aux mus\u00e9es\">\n\t\t\t<\/span>\n\t\t\t\t\t<\/div><div class=\"qodef-carousel-item-holder\">\n\t\t\t\t\t\t<span class=\"qodef-carousel-first-image-holder  qodef-image-change\">\n\t\t\t\t<img src=\"http:\/\/mellor-ribet.com\/wp-content\/uploads\/2020\/11\/BK_CROIS-modified.jpg\" alt=\"Logements Croissy\">\n\t\t\t<\/span>\n\t\t\t\t\t<\/div><div class=\"qodef-carousel-item-holder\">\n\t\t<a href=\"http:\/\/mellor-ribet.com\/index.php\/archives\/maison-bioclimatique\/\" target=\"_self\">\n\t\t\t\t\t\t<span class=\"qodef-carousel-first-image-holder  qodef-image-change\">\n\t\t\t\t<img src=\"http:\/\/mellor-ribet.com\/wp-content\/uploads\/2020\/11\/BK_MBIO-Modified1.jpg\" alt=\"Maison bioclimatique\">\n\t\t\t<\/span>\n\t\t\t\t\t\t<\/a>\n\t<\/div><div class=\"qodef-carousel-item-holder\">\n\t\t\t\t\t\t<span class=\"qodef-carousel-first-image-holder  qodef-image-change\">\n\t\t\t\t<img src=\"http:\/\/mellor-ribet.com\/wp-content\/uploads\/2020\/11\/BK_SPREB.jpg\" alt=\"Quartier Gouv Berlin\">\n\t\t\t<\/span>\n\t\t\t\t\t<\/div><div class=\"qodef-carousel-item-holder\">\n\t\t\t\t\t\t<span class=\"qodef-carousel-first-image-holder  qodef-image-change\">\n\t\t\t\t<img src=\"http:\/\/mellor-ribet.com\/wp-content\/uploads\/2020\/11\/BK_VILLEModified5.jpg\" alt=\"R\u00e9novation grange\">\n\t\t\t<\/span>\n\t\t\t\t\t<\/div><div class=\"qodef-carousel-item-holder\">\n\t\t\t\t\t\t<span class=\"qodef-carousel-first-image-holder  qodef-image-change\">\n\t\t\t\t<img src=\"http:\/\/mellor-ribet.com\/wp-content\/uploads\/2020\/11\/bk_17_odeon_02.jpg\" alt=\"R\u00e9novation Librairie\">\n\t\t\t<\/span>\n\t\t\t\t\t<\/div><div class=\"qodef-carousel-item-holder\">\n\t\t<a href=\"http:\/\/mellor-ribet.com\/index.php\/archives\/extension-laboratoire\/\" target=\"_self\">\n\t\t\t\t\t\t<span class=\"qodef-carousel-first-image-holder  qodef-image-change\">\n\t\t\t\t<img src=\"http:\/\/mellor-ribet.com\/wp-content\/uploads\/2020\/11\/BK_SAGEP2.jpg\" alt=\"SAGEP\">\n\t\t\t<\/span>\n\t\t\t\t\t\t<\/a>\n\t<\/div><div class=\"qodef-carousel-item-holder\">\n\t\t\t\t\t\t<span class=\"qodef-carousel-first-image-holder  qodef-image-change\">\n\t\t\t\t<img src=\"http:\/\/mellor-ribet.com\/wp-content\/uploads\/2020\/11\/anse-Modified.jpg\" alt=\"Tour d&rsquo;Anse\">\n\t\t\t<\/span>\n\t\t\t\t\t<\/div><div class=\"qodef-carousel-item-holder\">\n\t\t\t\t\t\t<span class=\"qodef-carousel-first-image-holder  qodef-image-change\">\n\t\t\t\t<img src=\"http:\/\/mellor-ribet.com\/wp-content\/uploads\/2020\/11\/BK_AM1-modified2.jpg\" alt=\"Traitement Sommital Perret\">\n\t\t\t<\/span>\n\t\t\t\t\t<\/div><div class=\"qodef-carousel-item-holder\">\n\t\t\t\t\t\t<span class=\"qodef-carousel-first-image-holder  qodef-image-change\">\n\t\t\t\t<img src=\"http:\/\/mellor-ribet.com\/wp-content\/uploads\/2020\/11\/mrn_arch_mitry_fp_c.jpg\" alt=\"ZAC Reneuse\">\n\t\t\t<\/span>\n\t\t\t\t\t<\/div><\/div><\/div>[vc_empty_space height=\u00a0\u00bb60px\u00a0\u00bb][\/vc_column][\/vc_row][vc_row][vc_column]<div class=\"qodef-separator-holder clearfix  qodef-separator-center\">\n\t<div class=\"qodef-separator\" style=\"border-bottom-width: 2px\"><\/div>\n<\/div>\n[\/vc_column][\/vc_row][vc_row css=\u00a0\u00bb.vc_custom_1606379576758{margin-right: -450px !important;margin-left: -50px !important;}\u00a0\u00bb][vc_column width=\u00a0\u00bb1\/3&Prime;]<a href=\"http:\/\/mellor-ribet.com\/index.php\/archives\/eureka\/\" target=\"_self\" style=\"color: #dd9933;border-color: #ffffff\" class=\"qodef-btn qodef-btn-medium qodef-btn-outline qodef-btn-custom-hover-color qodef-btn-icon\" data-hover-color=\"#ffffff\" >\n    <span class=\"qodef-btn-text\"><\/span>\n    <i class=\"qodef-icon-simple-line-icon icon-arrow-left \" ><\/i><\/a>[\/vc_column][vc_column width=\u00a0\u00bb1\/3&Prime;]<a href=\"http:\/\/mellor-ribet.com\/index.php\/archives\/\" target=\"_self\" style=\"border-color: #ffffff\" class=\"qodef-btn qodef-btn-medium qodef-btn-outline qodef-btn-icon\"  >\n    <span class=\"qodef-btn-text\"><\/span>\n    <i class=\"qodef-icon-linea-icon icon-software-shape-roundedrectangle \" ><\/i><\/a>[\/vc_column][vc_column width=\u00a0\u00bb1\/3&Prime; css=\u00a0\u00bb.vc_custom_1606379233669{margin-right: px !important;}\u00a0\u00bb]<a href=\"http:\/\/mellor-ribet.com\/index.php\/archives\/arc-en-ciel\/\" target=\"_self\" style=\"border-color: #ffffff;font-weight: 600\" class=\"qodef-btn qodef-btn-medium qodef-btn-outline qodef-btn-custom-hover-bg qodef-btn-custom-border-hover qodef-btn-custom-hover-color qodef-btn-icon\" data-hover-bg-color=\"#ffffff\" data-hover-color=\"#dd9933\" data-hover-border-color=\"#ffffff\" >\n    <span class=\"qodef-btn-text\"><\/span>\n    <i class=\"qodef-icon-simple-line-icon icon-arrow-right \" ><\/i><\/a>[\/vc_column][\/vc_row][vc_row][vc_column][\/vc_column][\/vc_row]<\/p>\n","protected":false},"excerpt":{"rendered":"<p>[vc_row][vc_column width=\u00a0\u00bb1\/2&Prime;][vc_row_inner css=\u00a0\u00bb.vc_custom_1605624099418{margin-left: -15px !important;}\u00a0\u00bb][vc_column_inner width=\u00a0\u00bb2\/3&Prime;][vc_column_text] Escalier Monumental [\/vc_column_text][vc_empty_space height=\u00a0\u00bb12&Prime;][vc_column_text][\/vc_column_text][vc_column_text css=\u00a0\u00bb.vc_custom_1608186838602{margin-right: px !important;}\u00a0\u00bb] La d\u00e9fense, France [\/vc_column_text][vc_empty_space height=\u00a0\u00bb12px\u00a0\u00bb][vc_empty_space height=\u00a0\u00bb10px\u00a0\u00bb][vc_column_text] L\u2019\u0153uvre est l&rsquo;aboutissement d&rsquo;une s\u00e9rie d&rsquo;interventions de l&rsquo;artiste \u00e0 la t\u00eate de La D\u00e9fense. L&rsquo;Escalier Monumental relie le parvis de l&rsquo;Arche de La D\u00e9fense avec la&#8230;<\/p>\n","protected":false},"author":2,"featured_media":0,"parent":3392,"menu_order":0,"comment_status":"closed","ping_status":"closed","template":"","meta":[],"_links":{"self":[{"href":"https:\/\/mellor-ribet.com\/index.php\/wp-json\/wp\/v2\/pages\/4197"}],"collection":[{"href":"https:\/\/mellor-ribet.com\/index.php\/wp-json\/wp\/v2\/pages"}],"about":[{"href":"https:\/\/mellor-ribet.com\/index.php\/wp-json\/wp\/v2\/types\/page"}],"author":[{"embeddable":true,"href":"https:\/\/mellor-ribet.com\/index.php\/wp-json\/wp\/v2\/users\/2"}],"replies":[{"embeddable":true,"href":"https:\/\/mellor-ribet.com\/index.php\/wp-json\/wp\/v2\/comments?post=4197"}],"version-history":[{"count":6,"href":"https:\/\/mellor-ribet.com\/index.php\/wp-json\/wp\/v2\/pages\/4197\/revisions"}],"predecessor-version":[{"id":4201,"href":"https:\/\/mellor-ribet.com\/index.php\/wp-json\/wp\/v2\/pages\/4197\/revisions\/4201"}],"up":[{"embeddable":true,"href":"https:\/\/mellor-ribet.com\/index.php\/wp-json\/wp\/v2\/pages\/3392"}],"wp:attachment":[{"href":"https:\/\/mellor-ribet.com\/index.php\/wp-json\/wp\/v2\/media?parent=4197"}],"curies":[{"name":"wp","href":"https:\/\/api.w.org\/{rel}","templated":true}]}}